{"id":1667,"date":"2022-03-09T12:49:50","date_gmt":"2022-03-09T10:49:50","guid":{"rendered":"https:\/\/rentbull.ee\/osamaksu\/"},"modified":"2022-12-12T11:40:10","modified_gmt":"2022-12-12T09:40:10","slug":"osamaksu","status":"publish","type":"page","link":"https:\/\/rentbull.ee\/fi\/osamaksu\/","title":{"rendered":"Osamaksu"},"content":{"rendered":"\t\t<div data-elementor-type=\"wp-page\" data-elementor-id=\"1667\" class=\"elementor elementor-1667 elementor-927\" data-elementor-post-type=\"page\">\n\t\t\t\t\t\t<section class=\"elementor-section elementor-top-section elementor-element elementor-element-625ff50 elementor-section-boxed elementor-section-height-default elementor-section-height-default\" data-id=\"625ff50\" data-element_type=\"section\" data-e-type=\"section\" data-settings=\"{&quot;background_background&quot;:&quot;classic&quot;}\">\n\t\t\t\t\t\t<div class=\"elementor-container elementor-column-gap-default\">\n\t\t\t\t\t<div class=\"elementor-column elementor-col-100 elementor-top-column elementor-element elementor-element-21fda81\" data-id=\"21fda81\" data-element_type=\"column\" data-e-type=\"column\">\n\t\t\t<div class=\"elementor-widget-wrap elementor-element-populated\">\n\t\t\t\t\t\t<div class=\"elementor-element elementor-element-f3c4f23 elementor-widget elementor-widget-heading\" data-id=\"f3c4f23\" data-element_type=\"widget\" data-e-type=\"widget\" data-widget_type=\"heading.default\">\n\t\t\t\t<div class=\"elementor-widget-container\">\n\t\t\t\t\t<h2 class=\"elementor-heading-title elementor-size-default\">Osamaksu<\/h2>\t\t\t\t<\/div>\n\t\t\t\t<\/div>\n\t\t\t\t\t<\/div>\n\t\t<\/div>\n\t\t\t\t\t<\/div>\n\t\t<\/section>\n\t\t\t\t<section class=\"elementor-section elementor-top-section elementor-element elementor-element-10ca9fb elementor-section-boxed elementor-section-height-default elementor-section-height-default\" data-id=\"10ca9fb\" data-element_type=\"section\" data-e-type=\"section\">\n\t\t\t\t\t\t<div class=\"elementor-container elementor-column-gap-default\">\n\t\t\t\t\t<div class=\"elementor-column elementor-col-33 elementor-top-column elementor-element elementor-element-f1a3a3e\" data-id=\"f1a3a3e\" data-element_type=\"column\" data-e-type=\"column\">\n\t\t\t<div class=\"elementor-widget-wrap\">\n\t\t\t\t\t\t\t<\/div>\n\t\t<\/div>\n\t\t\t\t<div class=\"elementor-column elementor-col-33 elementor-top-column elementor-element elementor-element-222721e\" data-id=\"222721e\" data-element_type=\"column\" data-e-type=\"column\">\n\t\t\t<div class=\"elementor-widget-wrap elementor-element-populated\">\n\t\t\t\t\t\t<div class=\"elementor-element elementor-element-e4ca3e9 elementor-widget elementor-widget-text-editor\" data-id=\"e4ca3e9\" data-element_type=\"widget\" data-e-type=\"widget\" data-widget_type=\"text-editor.default\">\n\t\t\t\t<div class=\"elementor-widget-container\">\n\t\t\t\t\t\t\t\t\t<p>K\u00e4yt\u00e4 ostoksesi maksamiseen nimenomaan <strong>ESTO-osamaksua<\/strong> \u2013 Viron edullisin, mukavin ja nopein osamaksulinkki! Osamaksulla maksettaessa pyyd\u00e4mme ottamaan yhteytt\u00e4 ESTOon tai Rentbulliin, niin Sinulle toimitetaan osamaksulinkki. Valitse maksaessasi itsellesi sopiva kausi, kuukausittaisen osamaksun m\u00e4\u00e4r\u00e4 ja allekirjoita mukavasti <strong>ID-kortilla, Smart-ID:ll\u00e4 tai Mobiili-ID<\/strong>:ll\u00e4.<\/p>\n<p>ESTO-osamaksun osalta kyseess\u00e4 on huippunopea ja mukava maksuratkaisu, joka auttaa laatimaan Sinun valitsemasi kauden perusteella maksuaikataulun. T\u00e4m\u00e4 maksuratkaisu tekee p\u00e4\u00e4t\u00f6ksen reaaliajassa ja auttaa suorittamaan oston alle 60 sekunnissa.<\/p>\n<p><strong>HUOMIO!<\/strong> Jokainen osamaksu on taloudellinen sitoumus. Ennen osamaksusopimuksen solmimista tutustu kyseisen palvelun ehtoihin ja tarvittaessa konsultoi asiantuntijan kanssa.<\/p>\n<p>ESTO-osamaksun tarjoaja on <strong>ESTO AS<\/strong> (rek. koodi 14180709).<\/p>\n<p>ESTO-osamaksun normaaliehdot ovat seuraavat:<\/p>\n<p>\u25cf Kiinte\u00e4 korko 11,9 %<\/p>\n<p>\u25cf Sopimuspalkkio 0 euroa<\/p>\n<p>\u25cf Kausi jopa 5 vuotta<\/p>\n<p>ESTO-osamaksua voivat hakea kaikki 18-70-vuotiaat Viron tasavallan kansalaiset. <strong>ESTO-osamaksun voi vahvistaa nopeasti ja mukavasti my\u00f6s oikeushenkil\u00f6lle.<\/strong><\/p>\n<p>Jokaiseen taloudelliseen sitoumukseen liittyy riskej\u00e4 ja velvoitteita, jonka vuoksi pyyd\u00e4mme tarkkaan harkitsemaan lainatuotteiden k\u00e4yt\u00f6n tarvetta. Esimerkiksi 1290 euron lainasumman osalta 12 kuukaudeksi kiinte\u00e4ll\u00e4 korolla 11,90 % vuodessa ja sopimuspalkkiolla 0 euroa on todellinen vuosikorko 28,04 %, kuukausimaksun m\u00e4\u00e4r\u00e4 122,59 euroa ja kuluttajan takaisin maksettava kokonaissumma 1471,08 euroa. Osamaksun tarjoaa ja sit\u00e4 hallinnoi ESTO AS.<\/p>\n\t\t\t\t\t\t\t\t<\/div>\n\t\t\t\t<\/div>\n\t\t\t\t\t<\/div>\n\t\t<\/div>\n\t\t\t\t<div class=\"elementor-column elementor-col-33 elementor-top-column elementor-element elementor-element-e65453a\" data-id=\"e65453a\" data-element_type=\"column\" data-e-type=\"column\">\n\t\t\t<div class=\"elementor-widget-wrap\">\n\t\t\t\t\t\t\t<\/div>\n\t\t<\/div>\n\t\t\t\t\t<\/div>\n\t\t<\/section>\n\t\t\t\t<\/div>\n\t\t","protected":false},"excerpt":{"rendered":"<p>Osamaksu K\u00e4yt\u00e4 ostoksesi maksamiseen nimenomaan ESTO-osamaksua \u2013 Viron edullisin, mukavin ja nopein osamaksulinkki! Osamaksulla maksettaessa pyyd\u00e4mme ottamaan yhteytt\u00e4 ESTOon tai Rentbulliin, niin Sinulle toimitetaan osamaksulinkki. Valitse maksaessasi itsellesi sopiva kausi, kuukausittaisen osamaksun m\u00e4\u00e4r\u00e4 ja allekirjoita mukavasti ID-kortilla, Smart-ID:ll\u00e4 tai Mobiili-ID:ll\u00e4. ESTO-osamaksun osalta kyseess\u00e4 on huippunopea ja mukava maksuratkaisu, joka auttaa laatimaan Sinun valitsemasi kauden perusteella [&hellip;]<\/p>\n","protected":false},"author":2,"featured_media":0,"parent":0,"menu_order":0,"comment_status":"closed","ping_status":"closed","template":"elementor_header_footer","meta":{"site-sidebar-layout":"no-sidebar","site-content-layout":"page-builder","ast-site-content-layout":"default","site-content-style":"default","site-sidebar-style":"default","ast-global-header-display":"","ast-banner-title-visibility":"","ast-main-header-display":"","ast-hfb-above-header-display":"","ast-hfb-below-header-display":"","ast-hfb-mobile-header-display":"","site-post-title":"disabled","ast-breadcrumbs-content":"","ast-featured-img":"disabled","footer-sml-layout":"","ast-disable-related-posts":"","theme-transparent-header-meta":"","adv-header-id-meta":"","stick-header-meta":"","header-above-stick-meta":"","header-main-stick-meta":"","header-below-stick-meta":"","astra-migrate-meta-layouts":"default","ast-page-background-enabled":"default","ast-page-background-meta":{"desktop":{"background-color":"var(--ast-global-color-4)","background-image":"","background-repeat":"repeat","background-position":"center center","background-size":"auto","background-attachment":"scroll","background-type":"","background-media":"","overlay-type":"","overlay-color":"","overlay-opacity":"","overlay-gradient":""},"tablet":{"background-color":"","background-image":"","background-repeat":"repeat","background-position":"center center","background-size":"auto","background-attachment":"scroll","background-type":"","background-media":"","overlay-type":"","overlay-color":"","overlay-opacity":"","overlay-gradient":""},"mobile":{"background-color":"","background-image":"","background-repeat":"repeat","background-position":"center center","background-size":"auto","background-attachment":"scroll","background-type":"","background-media":"","overlay-type":"","overlay-color":"","overlay-opacity":"","overlay-gradient":""}},"ast-content-background-meta":{"desktop":{"background-color":"var(--ast-global-color-5)","background-image":"","background-repeat":"repeat","background-position":"center center","background-size":"auto","background-attachment":"scroll","background-type":"","background-media":"","overlay-type":"","overlay-color":"","overlay-opacity":"","overlay-gradient":""},"tablet":{"background-color":"var(--ast-global-color-5)","background-image":"","background-repeat":"repeat","background-position":"center center","background-size":"auto","background-attachment":"scroll","background-type":"","background-media":"","overlay-type":"","overlay-color":"","overlay-opacity":"","overlay-gradient":""},"mobile":{"background-color":"var(--ast-global-color-5)","background-image":"","background-repeat":"repeat","background-position":"center center","background-size":"auto","background-attachment":"scroll","background-type":"","background-media":"","overlay-type":"","overlay-color":"","overlay-opacity":"","overlay-gradient":""}},"footnotes":""},"class_list":["post-1667","page","type-page","status-publish","hentry"],"_links":{"self":[{"href":"https:\/\/rentbull.ee\/fi\/wp-json\/wp\/v2\/pages\/1667","targetHints":{"allow":["GET"]}}],"collection":[{"href":"https:\/\/rentbull.ee\/fi\/wp-json\/wp\/v2\/pages"}],"about":[{"href":"https:\/\/rentbull.ee\/fi\/wp-json\/wp\/v2\/types\/page"}],"author":[{"embeddable":true,"href":"https:\/\/rentbull.ee\/fi\/wp-json\/wp\/v2\/users\/2"}],"replies":[{"embeddable":true,"href":"https:\/\/rentbull.ee\/fi\/wp-json\/wp\/v2\/comments?post=1667"}],"version-history":[{"count":3,"href":"https:\/\/rentbull.ee\/fi\/wp-json\/wp\/v2\/pages\/1667\/revisions"}],"predecessor-version":[{"id":1869,"href":"https:\/\/rentbull.ee\/fi\/wp-json\/wp\/v2\/pages\/1667\/revisions\/1869"}],"wp:attachment":[{"href":"https:\/\/rentbull.ee\/fi\/wp-json\/wp\/v2\/media?parent=1667"}],"curies":[{"name":"wp","href":"https:\/\/api.w.org\/{rel}","templated":true}]}}