{"id":1674,"date":"2022-02-08T18:37:30","date_gmt":"2022-02-08T16:37:30","guid":{"rendered":"https:\/\/rentbull.ee\/myyntiehdot\/"},"modified":"2022-12-12T11:35:00","modified_gmt":"2022-12-12T09:35:00","slug":"myyntiehdot","status":"publish","type":"page","link":"https:\/\/rentbull.ee\/fi\/myyntiehdot\/","title":{"rendered":"myyntiehdot"},"content":{"rendered":"\t\t<div data-elementor-type=\"wp-page\" data-elementor-id=\"1674\" class=\"elementor elementor-1674 elementor-482\" data-elementor-post-type=\"page\">\n\t\t\t\t\t\t<section class=\"elementor-section elementor-top-section elementor-element elementor-element-a131c0e elementor-section-boxed elementor-section-height-default elementor-section-height-default\" data-id=\"a131c0e\" data-element_type=\"section\" data-e-type=\"section\">\n\t\t\t\t\t\t<div class=\"elementor-container elementor-column-gap-default\">\n\t\t\t\t\t<div class=\"elementor-column elementor-col-100 elementor-top-column elementor-element elementor-element-5416001\" data-id=\"5416001\" data-element_type=\"column\" data-e-type=\"column\">\n\t\t\t<div class=\"elementor-widget-wrap elementor-element-populated\">\n\t\t\t\t\t\t<div class=\"elementor-element elementor-element-f03c140 elementor-widget elementor-widget-heading\" data-id=\"f03c140\" data-element_type=\"widget\" data-e-type=\"widget\" data-widget_type=\"heading.default\">\n\t\t\t\t<div class=\"elementor-widget-container\">\n\t\t\t\t\t<h2 class=\"elementor-heading-title elementor-size-default\">myyntiehdot<\/h2>\t\t\t\t<\/div>\n\t\t\t\t<\/div>\n\t\t\t\t<div class=\"elementor-element elementor-element-df1308b elementor-widget elementor-widget-text-editor\" data-id=\"df1308b\" data-element_type=\"widget\" data-e-type=\"widget\" data-widget_type=\"text-editor.default\">\n\t\t\t\t<div class=\"elementor-widget-container\">\n\t\t\t\t\t\t\t\t\t<p>Verkkokaupan rentbull.ee (jatkossa nimell\u00e4 Verkkokauppa) omistaja on Rentbull O\u00dc (rekisterikoodi 16356058), kotipaikka <a class=\"link-location\" href=\"https:\/\/www.google.ee\/maps\/place\/Vae%2022%20Laagri%20%20%20Harju%20maakond\" target=\"_new\" rel=\"noopener\">Vae-katu 22 Laagrin kauppala, Sauen kunta, Harjumaan maakunta 76401.<\/a><\/p>\n<p><strong>Myyntisopimuksen voimassaolo, tuote- ja hintatiedot<\/strong><\/p>\n<p>Myyntiehdot ovat voimassa Verkkokaupasta tuotteita ostettaessa.<\/p>\n<p>Verkkokaupassa myyt\u00e4vien tuotteiden hinnat on merkitty tuotteiden oheen. Hintaan lis\u00e4t\u00e4\u00e4n tuotteen perille toimittamiseen liittyv\u00e4 maksu. Kaikki Verkkokaupassa myyt\u00e4vien tuotteiden hinnat ovat euroissa.<\/p>\n<p>Tuotteiden perille toimittamiseen liittyv\u00e4 maksu riippuu ostajan sijainnista ja toimitustavasta. Toimitusmaksu n\u00e4ytet\u00e4\u00e4n ostajalle tilauksen laatimisen yhteydess\u00e4.<\/p>\n<p>Tuotetiedot on esitetty Verkkokaupassa v\u00e4litt\u00f6m\u00e4sti tuotteen yhteydess\u00e4.<\/p>\n<p><strong>Tilauksen laatiminen<\/strong><\/p>\n<p><em>T\u00e4ss\u00e4 kauppiaan tulee l\u00e4hte\u00e4 juuri oman verkkokauppansa ostonsuoritusratkaisusta.<\/em><\/p>\n<p>Tuotteen tilaamiseksi halutut tuotteet tulee lis\u00e4t\u00e4 ostoskoriin. Tilauksen laatimiseksi tulee t\u00e4ytt\u00e4\u00e4 vaaditut kent\u00e4t ja valita tuotteille sopiva toimitustapa. Maksaminen tapahtuu laskun perusteella.<\/p>\n<p> Sopimus astuu voimaan silloin, kun maksettava summa saapuu Verkkokaupan pankkitilille.<\/p>\n<p>Verkkokaupan omistaja on henkil\u00f6tietojen vastuullinen k\u00e4sittelij\u00e4.<\/p>\n<p>Mik\u00e4li tilattua tuotetta ei ole mahdollista toimittaa tuotteen loppumiseen liittyen tai muusta syyst\u00e4, siit\u00e4 ilmoitetaan ostajalle ensi tilassa ja maksettu raha (ml. tuotteen toimituskulut) palautetaan viipym\u00e4tt\u00e4, joka tapauksessa viimeist\u00e4\u00e4n 14 p\u00e4iv\u00e4n kuluessa ilmoituksen l\u00e4hett\u00e4misest\u00e4.<\/p>\n<p><strong>Perille toimittaminen<\/strong><\/p>\n<p>Tuotteita l\u00e4hetet\u00e4\u00e4n seuraaviin maihin: Viro, Latvia, Liettua, Suomi<\/p>\n<p>Tuotteen haltuun saamiseen on ostajalla seuraavat vaihtoehdot. <\/p>\n<p>Tuotteen l\u00e4hetyskustannukset maksaa ostaja, hinta riippuu sijainnista ja tuotteiden m\u00e4\u00e4r\u00e4st\u00e4. <\/p>\n<\/p>\n<p><strong>Vet\u00e4ytymisoikeus<\/strong><\/p>\n<p>Tilauksen haltuun saamisen j\u00e4lkeen ostajalla on oikeus vet\u00e4yty\u00e4 verkkokaupassa solmitusta sopimuksesta 14 p\u00e4iv\u00e4n kuluessa.<\/p>\n<p><em>HUOM! Tuotteesta riippuen ei ostajalla v\u00e4ltt\u00e4m\u00e4tt\u00e4 ole vet\u00e4ytymisoikeutta, t\u00e4llaiset tuotteet ja palvelut tulee siin\u00e4 tapauksessa luetella ja niiden tulee vastata <a href=\"https:\/\/www.riigiteataja.ee\/akt\/961235?leiaKehtiv\" target=\"_blank\" rel=\"noopener noreferrer\">Viron velvoiteoikeuslain<\/a> (v\u00f5lao\u0303igusseadus) 53 \u00a7 4 mom. lueteltuja vaatimuksia.<\/em><\/p>\n<p>Vet\u00e4ytymisoikeutta ei sovelleta, jos ostajana on oikeushenkil\u00f6.<\/p>\n<p>14 p\u00e4iv\u00e4n vet\u00e4ytymisoikeuden k\u00e4ytt\u00e4miseksi tilattua tuotetta ei saa k\u00e4ytt\u00e4\u00e4 muulla tavoin, kuin on tarpeen tuotteen olemuksesta, ominaisuuksista ja toimimisesta vakuuttumiseen sill\u00e4 tavalla, jolla se on sallittu tuotteen testaamiseen tavanomaisessa myym\u00e4l\u00e4ss\u00e4.<\/p>\n<p>Mik\u00e4li tuotetta on k\u00e4ytetty muuhun tarkoitukseen, kuin mit\u00e4 on tarpeen tuotteen olemuksesta, ominaisuuksista ja toimimisesta vakuuttumiseen tai siin\u00e4 on k\u00e4yt\u00f6n tai kulumisen merkkej\u00e4, Verkkokaupalla on oikeus laskea palautettavaa maksua tuotteen arvon v\u00e4henemisen mukaisesti.<\/p>\n<p>Tuotteen palauttamiseksi tulee esitt\u00e4\u00e4 tuotteen ostamisesta vet\u00e4ytymist\u00e4 koskeva ilmoitus, jonka kaavakkeen l\u00f6yt\u00e4\u00e4 t\u00e4st\u00e4: <em>\/siia link taganemisavaldusele<\/em> &#8211; t\u00e4h\u00e4n vet\u00e4ytymisilmoituksen linkki\/ ja l\u00e4hett\u00e4\u00e4 se s\u00e4hk\u00f6postiosoitteeseen info@rentbull.ee viimeist\u00e4\u00e4n 14 p\u00e4iv\u00e4n kuluessa tuotteen haltuun saamisesta.<\/p>\n<p><em>Hyv\u00e4 tapa on tarjota asiakkaille maksutonta palautusta, joka lis\u00e4\u00e4 luotettavuutta ja sen kautta my\u00f6s myynti\u00e4. Siten seuraava linkki on Kauppiaalle, joka ei voi tarjota maksutonta palautusta.<\/em><\/p>\n<p>Tavaran palautuskustannukset maksaa ostaja, paitsi siin\u00e4 tapauksessa, ett\u00e4 vet\u00e4ytymisen syy johtuu siit\u00e4 seikasta, ett\u00e4 palautettava tuote ei vastaa tilattua (esim. v\u00e4\u00e4r\u00e4 tai viallinen tuote).<\/p>\n<p>Ostajan tulee palauttaa tuote ilmoituksen esitt\u00e4mist\u00e4 seuraavien 14 p\u00e4iv\u00e4n kuluessa tai esitt\u00e4\u00e4 todiste siit\u00e4, ett\u00e4 on mainitun ajan kuluessa luovuttanut tuotteen sen kuljettajalle.<\/p>\n<p>Palautettavan tuotteen saatuaan Verkkokauppa palauttaa ostajalle viipym\u00e4tt\u00e4, joka tapauksessa viimeist\u00e4\u00e4n 14 p\u00e4iv\u00e4n kuluessa vet\u00e4ytymisilmoituksen saamisesta, kaikki ostajalta sopimuksen perusteella saadut maksut.<\/p>\n<p>Verkkokauppa voi kielt\u00e4yty\u00e4 palautusmaksujen suorittamisesta siihen saakka, kunnes on saanut sopimuksen kohteena olevan esineen takaisin tai kunnes ostaja on esitt\u00e4nyt todisteen siit\u00e4, ett\u00e4 on l\u00e4hett\u00e4nyt esineen takaisin, riippuen siit\u00e4, kumpi tapahtuu aikaisemmin.<\/p>\n<p>Mik\u00e4li ostaja on selv\u00e4sanaisesti valinnut Verkkokaupan tarjoamasta kaikkein edullisimmasta tavanomaisesta esineen toimitustavasta poikkeavan tavan, Verkkokaupan ei tarvitse palauttaa kuluttajalle kustannusta, joka ylitt\u00e4\u00e4 tavanomaiseen toimitukseen liittyv\u00e4n kustannuksen.<\/p>\n<p>Verkkokaupalla on oikeus vet\u00e4yty\u00e4 myyntisopimuksesta ja vaatia ostajalta tuote takaisin, mik\u00e4li tuotteen hinta verkkokaupassa on erehdyksen vuoksi merkitty oleellisesti tuotteen markkinahintaa edullisemmaksi.<\/p>\n<p><strong>Valitusoikeus<\/strong><\/p>\n<p>Verkkokauppa vastaa ostajalle myydyn tuotteen sopimusehtojen vastaisuudesta tai puutteesta, joka oli olemassa jo esineen luovutushetkell\u00e4 ja joka ilmenee kahden vuoden kuluessa tuotteen ostajalle luovuttamisesta lukien. T\u00e4st\u00e4 ensimm\u00e4isten kuuden kuukauden kuluessa esineen luovuttamisesta l\u00e4hdet\u00e4\u00e4n oletuksesta, ett\u00e4 puute oli olemassa jo esineen luovutuksen aikaan. T\u00e4m\u00e4n oletuksen kumoaminen on Verkkokaupan velvollisuus.<\/p>\n<p>Ostajalla on oikeus puutteen ilmetess\u00e4 ottaa yhteytt\u00e4 viimeist\u00e4\u00e4n kahden kuukauden kuluessa verkkokauppaan l\u00e4hett\u00e4m\u00e4ll\u00e4 s\u00e4hk\u00f6postiviesti osoitteeseen info@rentbull.ee tai soittamalla puhelinnumeroon: <a href=\"tel:57712345\">+372 577 12345<\/a> <\/p>\n<p>Verkkokauppa ei vastaa puutteista, jotka ovat aiheutuneet sen j\u00e4lkeen, kun tuote luovutettiin ostajalle.<\/p>\n<p>Mik\u00e4li Verkkokaupasta ostetussa tuotteessa on puutteita, joista Verkkokauppa on vastuussa, Verkkokauppa korjaa tai vaihtaa puutteellisen tuotteen. Jos tuotetta ei ole mahdollista korjata eik\u00e4 vaihtaa, Verkkokauppa palauttaa ostajalle kaikki myyntisopimukseen liittyv\u00e4t maksut.<\/p>\n<p>Verkkokauppa vastaa kuluttajan esitt\u00e4m\u00e4\u00e4n valitukseen kirjallisesti tai kirjallisen uudelleen esitt\u00e4misen mahdollistavassa muodossa 15 p\u00e4iv\u00e4n kuluessa.<\/p>\n<p><strong>Suoramarkkinointi ja henkil\u00f6tietojen k\u00e4sittely<\/strong><\/p>\n<p>Verkkokauppa k\u00e4ytt\u00e4\u00e4 ostajan antamia henkil\u00f6tietoja vain tilauksen k\u00e4sittelyyn ja tuotteen l\u00e4hett\u00e4miseen ostajalle. Verkkokauppa v\u00e4litt\u00e4\u00e4 henkil\u00f6tiedot kuljetuspalvelua tarjoavalle yritykselle tuotteiden perille toimittamista varten.<\/p>\n<p>Verkkokauppa l\u00e4hett\u00e4\u00e4 ostajalle uutiskirjeit\u00e4 ja tarjouksia ostajan s\u00e4hk\u00f6postiosoitteeseen vain siin\u00e4 tapauksessa, ett\u00e4 ostaja on ilmaissut siit\u00e4 toiveen kirjoittamalla verkkosivulla s\u00e4hk\u00f6postiosoitteensa ja ilmoittanut toiveestaan saada suorapostitusviestej\u00e4.<\/p>\n<p>Ostaja voi koska tahansa luopua s\u00e4hk\u00f6postiin l\u00e4hetett\u00e4vist\u00e4 tarjouksista ja uutiskirjeist\u00e4 ilmoittamalla siit\u00e4 meille s\u00e4hk\u00f6postitse tai noudattamalla tarjouksia sis\u00e4lt\u00e4v\u00e4ss\u00e4 s\u00e4hk\u00f6postikirjeess\u00e4 esitettyj\u00e4 ohjeita.<\/p>\n<p><strong>Kiistojen ratkaiseminen<\/strong><\/p>\n<p>Jos ostajalla on Verkkokaupan suhteen valituksia, ne tulee l\u00e4hett\u00e4\u00e4 s\u00e4hk\u00f6postiosoitteeseen info@rentbull.ee tai soittaa puhelinnumeroon: <a href=\"tel:57712345\">+372 577 12345<\/a> <\/p>\n<p>Mik\u00e4li ostaja ja Verkkokauppa eiv\u00e4t pysty ratkaisemaan kiistaa sopien, ostajalla on mahdollisuus ottaa yhteytt\u00e4 kuluttajariitalautakuntaan (Tarbijavaidluste komisjon). K\u00e4sittelyehtoihin voi tutustua ja anomuksen esitt\u00e4\u00e4 <a href=\"https:\/\/komisjon.ee\/et\/avalduse-esitamine\" target=\"_blank\" rel=\"noopener noreferrer\">t\u00e4ss\u00e4.<\/a> Kuluttajariitalautakunnan toimivaltaan kuuluu ostajan ja Verkkokaupan v\u00e4lill\u00e4 solmitusta sopimuksesta seuraavien kiistojen ratkaiseminen. Ostajan valituksen k\u00e4sittely on lautakunnassa maksutonta.<\/p>\n<p>Ostaja voi ottaa yhteytt\u00e4 Euroopan unionin kuluttajariitoja ratkaisevaan <a href=\"https:\/\/ec.europa.eu\/consumers\/odr\/main\/index.cfm?event=main.home2.show&amp;lng=ET\" target=\"_blank\" rel=\"noopener noreferrer\">foorumiin.<\/a><\/p>\n\t\t\t\t\t\t\t\t<\/div>\n\t\t\t\t<\/div>\n\t\t\t\t\t<\/div>\n\t\t<\/div>\n\t\t\t\t\t<\/div>\n\t\t<\/section>\n\t\t\t\t<\/div>\n\t\t","protected":false},"excerpt":{"rendered":"<p>myyntiehdot Verkkokaupan rentbull.ee (jatkossa nimell\u00e4 Verkkokauppa) omistaja on Rentbull O\u00dc (rekisterikoodi 16356058), kotipaikka Vae-katu 22 Laagrin kauppala, Sauen kunta, Harjumaan maakunta 76401. Myyntisopimuksen voimassaolo, tuote- ja hintatiedot Myyntiehdot ovat voimassa Verkkokaupasta tuotteita ostettaessa. Verkkokaupassa myyt\u00e4vien tuotteiden hinnat on merkitty tuotteiden oheen. Hintaan lis\u00e4t\u00e4\u00e4n tuotteen perille toimittamiseen liittyv\u00e4 maksu. Kaikki Verkkokaupassa myyt\u00e4vien tuotteiden hinnat ovat euroissa. [&hellip;]<\/p>\n","protected":false},"author":2,"featured_media":0,"parent":0,"menu_order":0,"comment_status":"closed","ping_status":"closed","template":"","meta":{"site-sidebar-layout":"no-sidebar","site-content-layout":"page-builder","ast-site-content-layout":"default","site-content-style":"default","site-sidebar-style":"default","ast-global-header-display":"","ast-banner-title-visibility":"","ast-main-header-display":"","ast-hfb-above-header-display":"","ast-hfb-below-header-display":"","ast-hfb-mobile-header-display":"","site-post-title":"disabled","ast-breadcrumbs-content":"","ast-featured-img":"disabled","footer-sml-layout":"","ast-disable-related-posts":"","theme-transparent-header-meta":"","adv-header-id-meta":"","stick-header-meta":"","header-above-stick-meta":"","header-main-stick-meta":"","header-below-stick-meta":"","astra-migrate-meta-layouts":"default","ast-page-background-enabled":"default","ast-page-background-meta":{"desktop":{"background-color":"var(--ast-global-color-4)","background-image":"","background-repeat":"repeat","background-position":"center center","background-size":"auto","background-attachment":"scroll","background-type":"","background-media":"","overlay-type":"","overlay-color":"","overlay-opacity":"","overlay-gradient":""},"tablet":{"background-color":"","background-image":"","background-repeat":"repeat","background-position":"center center","background-size":"auto","background-attachment":"scroll","background-type":"","background-media":"","overlay-type":"","overlay-color":"","overlay-opacity":"","overlay-gradient":""},"mobile":{"background-color":"","background-image":"","background-repeat":"repeat","background-position":"center center","background-size":"auto","background-attachment":"scroll","background-type":"","background-media":"","overlay-type":"","overlay-color":"","overlay-opacity":"","overlay-gradient":""}},"ast-content-background-meta":{"desktop":{"background-color":"var(--ast-global-color-5)","background-image":"","background-repeat":"repeat","background-position":"center center","background-size":"auto","background-attachment":"scroll","background-type":"","background-media":"","overlay-type":"","overlay-color":"","overlay-opacity":"","overlay-gradient":""},"tablet":{"background-color":"var(--ast-global-color-5)","background-image":"","background-repeat":"repeat","background-position":"center center","background-size":"auto","background-attachment":"scroll","background-type":"","background-media":"","overlay-type":"","overlay-color":"","overlay-opacity":"","overlay-gradient":""},"mobile":{"background-color":"var(--ast-global-color-5)","background-image":"","background-repeat":"repeat","background-position":"center center","background-size":"auto","background-attachment":"scroll","background-type":"","background-media":"","overlay-type":"","overlay-color":"","overlay-opacity":"","overlay-gradient":""}},"footnotes":""},"class_list":["post-1674","page","type-page","status-publish","hentry"],"_links":{"self":[{"href":"https:\/\/rentbull.ee\/fi\/wp-json\/wp\/v2\/pages\/1674","targetHints":{"allow":["GET"]}}],"collection":[{"href":"https:\/\/rentbull.ee\/fi\/wp-json\/wp\/v2\/pages"}],"about":[{"href":"https:\/\/rentbull.ee\/fi\/wp-json\/wp\/v2\/types\/page"}],"author":[{"embeddable":true,"href":"https:\/\/rentbull.ee\/fi\/wp-json\/wp\/v2\/users\/2"}],"replies":[{"embeddable":true,"href":"https:\/\/rentbull.ee\/fi\/wp-json\/wp\/v2\/comments?post=1674"}],"version-history":[{"count":5,"href":"https:\/\/rentbull.ee\/fi\/wp-json\/wp\/v2\/pages\/1674\/revisions"}],"predecessor-version":[{"id":1865,"href":"https:\/\/rentbull.ee\/fi\/wp-json\/wp\/v2\/pages\/1674\/revisions\/1865"}],"wp:attachment":[{"href":"https:\/\/rentbull.ee\/fi\/wp-json\/wp\/v2\/media?parent=1674"}],"curies":[{"name":"wp","href":"https:\/\/api.w.org\/{rel}","templated":true}]}}