{"id":1690,"date":"2022-01-12T17:14:25","date_gmt":"2022-01-12T15:14:25","guid":{"rendered":"https:\/\/rentbull.ee\/tietosuojakaytanto\/"},"modified":"2022-11-14T10:40:40","modified_gmt":"2022-11-14T08:40:40","slug":"tietosuojakaytanto","status":"publish","type":"page","link":"https:\/\/rentbull.ee\/fi\/tietosuojakaytanto\/","title":{"rendered":"Tietosuojak\u00e4yt\u00e4nt\u00f6"},"content":{"rendered":"\t\t<div data-elementor-type=\"wp-page\" data-elementor-id=\"1690\" class=\"elementor elementor-1690 elementor-130\" data-elementor-post-type=\"page\">\n\t\t\t\t\t\t<section class=\"elementor-section elementor-top-section elementor-element elementor-element-a131c0e elementor-section-boxed elementor-section-height-default elementor-section-height-default\" data-id=\"a131c0e\" data-element_type=\"section\" data-e-type=\"section\">\n\t\t\t\t\t\t<div class=\"elementor-container elementor-column-gap-default\">\n\t\t\t\t\t<div class=\"elementor-column elementor-col-100 elementor-top-column elementor-element elementor-element-5416001\" data-id=\"5416001\" data-element_type=\"column\" data-e-type=\"column\">\n\t\t\t<div class=\"elementor-widget-wrap elementor-element-populated\">\n\t\t\t\t\t\t<div class=\"elementor-element elementor-element-f03c140 elementor-widget elementor-widget-heading\" data-id=\"f03c140\" data-element_type=\"widget\" data-e-type=\"widget\" data-widget_type=\"heading.default\">\n\t\t\t\t<div class=\"elementor-widget-container\">\n\t\t\t\t\t<h2 class=\"elementor-heading-title elementor-size-default\">tietosuojak\u00e4yt\u00e4nt\u00f6<\/h2>\t\t\t\t<\/div>\n\t\t\t\t<\/div>\n\t\t\t\t<div class=\"elementor-element elementor-element-df1308b elementor-widget elementor-widget-text-editor\" data-id=\"df1308b\" data-element_type=\"widget\" data-e-type=\"widget\" data-widget_type=\"text-editor.default\">\n\t\t\t\t<div class=\"elementor-widget-container\">\n\t\t\t\t\t\t\t\t\t<ol>\n<li><b>  Yleiset s\u00e4\u00e4nn\u00f6kset<\/b><\/li>\n<\/ol>\n<p><span style=\"font-weight: 400;\">1.1. T\u00e4ss\u00e4 tietosuojak\u00e4yt\u00e4nn\u00f6ss\u00e4 esitet\u00e4\u00e4n periaatteet, jotka koskevat henkil\u00f6tietojen ker\u00e4\u00e4mist\u00e4, k\u00e4sittely\u00e4 ja tallentamista. Rekisterinpit\u00e4j\u00e4 ker\u00e4\u00e4, k\u00e4sittelee ja s\u00e4ilytt\u00e4\u00e4 henkil\u00f6tietoja.  <\/span><b>RentBull O\u00dc<\/b><span style=\"font-weight: 400;\"> (j\u00e4ljemp\u00e4n\u00e4 &#8217;tietojen k\u00e4sittelij\u00e4&#8217;).<\/span><\/p>\n<p><span style=\"font-weight: 400;\">1.2. T\u00e4ss\u00e4 tietosuojak\u00e4yt\u00e4nn\u00f6ss\u00e4 rekister\u00f6ity on asiakas tai muu luonnollinen henkil\u00f6, jonka henkil\u00f6tietoja henkil\u00f6tietojen k\u00e4sittelij\u00e4 k\u00e4sittelee.<\/span><\/p>\n<p><span style=\"font-weight: 400;\">1.3. T\u00e4ss\u00e4 tietosuojak\u00e4yt\u00e4nn\u00f6ss\u00e4 asiakkaalla tarkoitetaan henkil\u00f6\u00e4, joka ostaa tavaroita tai palveluja rekisterinpit\u00e4j\u00e4n verkkosivustolta.<\/span><\/p>\n<p><span style=\"font-weight: 400;\">1.4. Tietojen k\u00e4sittelij\u00e4 noudattaa lains\u00e4\u00e4d\u00e4nn\u00f6ss\u00e4 vahvistettuja tietojenk\u00e4sittelyn periaatteita, mukaan lukien henkil\u00f6tietojen k\u00e4sittely laillisesti, oikeudenmukaisesti ja turvallisesti. Rekisterinpit\u00e4j\u00e4 voi vahvistaa, ett\u00e4 henkil\u00f6tietoja on k\u00e4sitelty lain mukaisesti.<\/span><\/p>\n<ol start=\"2\">\n<li><b>  Henkil\u00f6tietojen ker\u00e4\u00e4minen, k\u00e4sittely ja tallentaminen<\/b><\/li>\n<\/ol>\n<p><span style=\"font-weight: 400;\">2.1. Rekisterinpit\u00e4j\u00e4n ker\u00e4\u00e4m\u00e4t, k\u00e4sittelem\u00e4t ja tallentamat henkil\u00f6tiedot ker\u00e4t\u00e4\u00e4n s\u00e4hk\u00f6isesti, p\u00e4\u00e4asiassa verkkosivuston ja s\u00e4hk\u00f6postin v\u00e4lityksell\u00e4.<\/span><b> <\/b><\/p>\n<p><span style=\"font-weight: 400;\">2.2. Jakamalla henkil\u00f6tietojaan rekister\u00f6ity antaa henkil\u00f6tietojen k\u00e4sittelij\u00e4lle oikeuden ker\u00e4t\u00e4, j\u00e4rjest\u00e4\u00e4, k\u00e4ytt\u00e4\u00e4 ja hallinnoida henkil\u00f6tietoja, jotka rekister\u00f6ity suoraan tai v\u00e4lillisesti jakaa henkil\u00f6tietojen k\u00e4sittelij\u00e4n kanssa ostaessaan tavaroita tai palveluja verkkosivustolta tietosuojak\u00e4yt\u00e4nn\u00f6ss\u00e4 m\u00e4\u00e4riteltyihin tarkoituksiin.<\/span><\/p>\n<p><span style=\"font-weight: 400;\">2.3. Rekister\u00f6idyn vastuulla on varmistaa, ett\u00e4 h\u00e4nen antamansa tiedot ovat tarkkoja, oikeita ja t\u00e4ydellisi\u00e4. Tietoinen v\u00e4\u00e4rien tietojen antaminen katsotaan tietosuojak\u00e4yt\u00e4nn\u00f6n rikkomiseksi. Rekister\u00f6ity on velvollinen ilmoittamaan tietojen k\u00e4sittelij\u00e4lle viipym\u00e4tt\u00e4 kaikista annettujen tietojen muutoksista.<\/span><\/p>\n<p><span style=\"font-weight: 400;\">2.4. Rekisterinpit\u00e4j\u00e4 ei ole vastuussa vahingosta, joka aiheutuu siit\u00e4, ett\u00e4 rekister\u00f6ity antaa v\u00e4\u00e4r\u00e4\u00e4 tietoa rekister\u00f6idylle tai kolmansille osapuolille.<\/span><\/p>\n<ol start=\"3\">\n<li><b>  Asiakkaiden henkil\u00f6tietojen k\u00e4sittely<\/b><\/li>\n<\/ol>\n<p><span style=\"font-weight: 400;\">3.1. Tietojen k\u00e4sittelij\u00e4 voi k\u00e4sitell\u00e4 seuraavia rekister\u00f6idyn henkil\u00f6tietoja:<\/span><\/p>\n<p><span style=\"font-weight: 400;\">3.1.1. Etu- ja sukunimi;<\/span><\/p>\n<p><span style=\"font-weight: 400;\">3.1.2. Syntym\u00e4aika;<\/span><\/p>\n<p><span style=\"font-weight: 400;\">3.1.3. Puhelinnumero;<\/span><\/p>\n<p><span style=\"font-weight: 400;\">3.1.4. S\u00e4hk\u00f6postiosoite;<\/span><\/p>\n<p><span style=\"font-weight: 400;\">3.1.5. Toimitusosoite;<\/span><\/p>\n<p><span style=\"font-weight: 400;\">3.1.6. K\u00e4ytt\u00f6tilin numero;<\/span><\/p>\n<p><span style=\"font-weight: 400;\">3.1.7. Maksukortin tiedot;<\/span><\/p>\n<p><span style=\"font-weight: 400;\">3.2. Edell\u00e4 mainitun lis\u00e4ksi rekisterinpit\u00e4j\u00e4ll\u00e4 on oikeus ker\u00e4t\u00e4 asiakkaasta tietoja, jotka ovat saatavilla julkisista rekistereist\u00e4.<\/span><\/p>\n<p><span style=\"font-weight: 400;\">3.3. Henkil\u00f6tietojen k\u00e4sittelyn oikeusperusta on yleisen tietosuoja-asetuksen 6 artiklan 1 kohdan d alakohta. a), b), c) ja f):<\/span><\/p>\n<ol>\n<li><span style=\"font-weight: 400;\">(a) rekister\u00f6ity on antanut suostumuksensa henkil\u00f6tietojensa k\u00e4sittelyyn yht\u00e4 tai useampaa erityist\u00e4 tarkoitusta varten;<\/span><\/li>\n<li><span style=\"font-weight: 400;\">(b) henkil\u00f6tietojen k\u00e4sittely on tarpeen rekister\u00f6idyn my\u00f6t\u00e4vaikutuksella tehdyn sopimuksen t\u00e4yt\u00e4nt\u00f6\u00f6n panemiseksi tai sopimusta edelt\u00e4vien toimien suorittamiseksi rekister\u00f6idyn pyynn\u00f6st\u00e4;<\/span><\/li>\n<li><span style=\"font-weight: 400;\">(c) k\u00e4sittely on tarpeen rekisterinpit\u00e4j\u00e4\u00e4n kohdistuvan oikeudellisen velvoitteen noudattamiseksi;<\/span><\/li>\n<li><span style=\"font-weight: 400;\">(f) k\u00e4sittely on tarpeen rekisterinpit\u00e4j\u00e4n tai kolmannen osapuolen oikeutettujen etujen toteuttamiseksi, paitsi jos n\u00e4m\u00e4 edut syrj\u00e4ytt\u00e4v\u00e4t rekister\u00f6idyn edut tai perusoikeudet ja -vapaudet, joiden vuoksi henkil\u00f6tietoja on suojattava, erityisesti jos rekister\u00f6ity on lapsi.<\/span><\/li>\n<\/ol>\n<p><span style=\"font-weight: 400;\">3.4. Henkil\u00f6tietojen k\u00e4sittely niit\u00e4 tarkoituksia varten, joita varten niit\u00e4 k\u00e4sitell\u00e4\u00e4n:<\/span><\/p>\n<p><span style=\"font-weight: 400;\">3.4.1. K\u00e4sittelyn tarkoitus &#8211; tilausten k\u00e4sittely<\/span><\/p>\n<p><span style=\"font-weight: 400;\">Henkil\u00f6tietojen enimm\u00e4iss\u00e4ilytysaika &#8211;<\/span> <span style=\"font-weight: 400;\">laissa s\u00e4\u00e4dettyjen m\u00e4\u00e4r\u00e4aikojen mukaisesti<\/span><\/p>\n<p><span style=\"font-weight: 400;\">3.4.2. K\u00e4sittelyn tarkoitus &#8211; Verkkokaupan palvelujen toiminnan varmistaminen.<\/span><\/p>\n<p><span style=\"font-weight: 400;\">Enimm\u00e4iss\u00e4ilytysaika &#8211; laissa s\u00e4\u00e4dettyjen aikarajojen mukaisesti.<\/span><\/p>\n<p><span style=\"font-weight: 400;\">3.4.3. K\u00e4sittelyn tarkoitus &#8211; asiakashallinta<\/span><\/p>\n<p><span style=\"font-weight: 400;\">Enimm\u00e4iss\u00e4ilytysaika &#8211; laissa s\u00e4\u00e4dettyjen aikarajojen mukaisesti.<\/span><\/p>\n<p><span style=\"font-weight: 400;\">3.4.4. K\u00e4sittelyn tarkoitus &#8211; taloudellinen toiminta, kirjanpito.<\/span><\/p>\n<p><span style=\"font-weight: 400;\">Enimm\u00e4iss\u00e4ilytysaika &#8211; laissa s\u00e4\u00e4dettyjen aikarajojen mukaisesti.<\/span><\/p>\n<p><span style=\"font-weight: 400;\">3.4.5. K\u00e4sittelyn tarkoitus &#8211; markkinointi<\/span><\/p>\n<p><span style=\"font-weight: 400;\">Enimm\u00e4iss\u00e4ilytysaika &#8211; laissa s\u00e4\u00e4dettyjen aikarajojen mukaisesti.<\/span><\/p>\n<p><span style=\"font-weight: 400;\">3.5. Tietojen k\u00e4sittelij\u00e4ll\u00e4 on oikeus jakaa asiakkaiden henkil\u00f6tietoja kolmansille osapuolille, kuten valtuutetuille tietojenk\u00e4sittelij\u00f6ille, kirjanpit\u00e4jille, kuljetus- ja kuriiripalveluyrityksille sek\u00e4 siirtopalveluja tarjoaville yrityksille Tietojen k\u00e4sittelij\u00e4 on henkil\u00f6tietojen rekisterinpit\u00e4j\u00e4. Tietojen k\u00e4sittelij\u00e4 toimittaa maksujen suorittamiseksi tarvittavat henkil\u00f6tiedot Maksekeskus AS:lle.<\/span><\/p>\n<p><span style=\"font-weight: 400;\">3.6. Rekisterinpit\u00e4j\u00e4n on rekister\u00f6idyn henkil\u00f6tietoja k\u00e4sitelless\u00e4\u00e4n ja tallentaessaan toteutettava organisatorisia ja teknisi\u00e4 toimenpiteit\u00e4, joilla varmistetaan henkil\u00f6tietojen suojaaminen vahingossa tapahtuvalta tai laittomalta tuhoamiselta, muuttamiselta, luovuttamiselta ja muulta laittomalta k\u00e4sittelylt\u00e4.<\/span><\/p>\n<p><span style=\"font-weight: 400;\">3.7. Henkil\u00f6tietojen k\u00e4sittelij\u00e4 s\u00e4ilytt\u00e4\u00e4 rekister\u00f6ityjen tietoja k\u00e4sittelyn tarkoituksesta riippuvan ajan, kuitenkin enint\u00e4\u00e4n 7 vuotta.<\/span><\/p>\n<ol start=\"4\">\n<li><b>  Rekister\u00f6idyn oikeudet<\/b><\/li>\n<\/ol>\n<p><span style=\"font-weight: 400;\">4.1. Rekister\u00f6idyill\u00e4 on oikeus saada p\u00e4\u00e4sy henkil\u00f6tietoihinsa ja tarkastaa ne.<\/span><\/p>\n<p><span style=\"font-weight: 400;\">4.2. Rekister\u00f6idyll\u00e4 on oikeus saada tietoa henkil\u00f6tietojensa k\u00e4sittelyst\u00e4.<\/span><\/p>\n<p><span style=\"font-weight: 400;\">4.3. Rekister\u00f6idyll\u00e4 on oikeus t\u00e4ydent\u00e4\u00e4 tai korjata virheelliset tiedot.<\/span><\/p>\n<p><span style=\"font-weight: 400;\">4.4. Jos rekisterinpit\u00e4j\u00e4 k\u00e4sittelee rekister\u00f6idyn henkil\u00f6tietoja rekister\u00f6idyn suostumuksen perusteella, rekister\u00f6idyll\u00e4 on oikeus peruuttaa suostumuksensa milloin tahansa.<\/span><\/p>\n<p><span style=\"font-weight: 400;\">4.5. Rekister\u00f6idyt voivat k\u00e4ytt\u00e4\u00e4 oikeuksiaan ottamalla yhteytt\u00e4 verkkokaupan asiakastukeen seuraavassa osoitteessa.  <\/span><b>www.rentbull.ee<\/b><\/p>\n<p><span style=\"font-weight: 400;\">4.6. Rekister\u00f6ity voi tehd\u00e4 valituksen tietosuojavaltuutetulle suojellakseen oikeuksiaan.<\/span><\/p>\n<ol start=\"5\">\n<li><b>  Loppus\u00e4\u00e4nn\u00f6kset<\/b><\/li>\n<\/ol>\n<p><span style=\"font-weight: 400;\">5.1. N\u00e4m\u00e4 tietosuojaehdot on laadittu luonnollisten henkil\u00f6iden suojelusta henkil\u00f6tietojen k\u00e4sittelyss\u00e4 ja n\u00e4iden tietojen vapaasta liikkuvuudesta sek\u00e4 direktiivin 95\/46\/EY kumoamisesta (yleinen tietosuoja-asetus) 29. huhtikuuta 2016 annetun Euroopan parlamentin ja neuvoston asetuksen (EU) 2016\/679, Viron tasavallan henkil\u00f6tietolain sek\u00e4 Viron tasavallan ja Euroopan unionin lains\u00e4\u00e4d\u00e4nn\u00f6n mukaisesti.<\/span><\/p>\n<p><span style=\"font-weight: 400;\">5.2. Tietojen k\u00e4sittelij\u00e4ll\u00e4 on oikeus muuttaa tietosuojaehtoja kokonaan tai osittain ilmoittamalla muutoksista rekister\u00f6idyille verkkosivustolla.  <\/span><b>www.rentbull.ee<\/b> <span style=\"font-weight: 400;\">kautta .<\/span><\/p>\n\t\t\t\t\t\t\t\t<\/div>\n\t\t\t\t<\/div>\n\t\t\t\t\t<\/div>\n\t\t<\/div>\n\t\t\t\t\t<\/div>\n\t\t<\/section>\n\t\t\t\t<\/div>\n\t\t","protected":false},"excerpt":{"rendered":"<p>tietosuojak\u00e4yt\u00e4nt\u00f6 Yleiset s\u00e4\u00e4nn\u00f6kset 1.1. T\u00e4ss\u00e4 tietosuojak\u00e4yt\u00e4nn\u00f6ss\u00e4 esitet\u00e4\u00e4n periaatteet, jotka koskevat henkil\u00f6tietojen ker\u00e4\u00e4mist\u00e4, k\u00e4sittely\u00e4 ja tallentamista. Rekisterinpit\u00e4j\u00e4 ker\u00e4\u00e4, k\u00e4sittelee ja s\u00e4ilytt\u00e4\u00e4 henkil\u00f6tietoja. RentBull O\u00dc (j\u00e4ljemp\u00e4n\u00e4 &#8217;tietojen k\u00e4sittelij\u00e4&#8217;). 1.2. T\u00e4ss\u00e4 tietosuojak\u00e4yt\u00e4nn\u00f6ss\u00e4 rekister\u00f6ity on asiakas tai muu luonnollinen henkil\u00f6, jonka henkil\u00f6tietoja henkil\u00f6tietojen k\u00e4sittelij\u00e4 k\u00e4sittelee. 1.3. T\u00e4ss\u00e4 tietosuojak\u00e4yt\u00e4nn\u00f6ss\u00e4 asiakkaalla tarkoitetaan henkil\u00f6\u00e4, joka ostaa tavaroita tai palveluja rekisterinpit\u00e4j\u00e4n verkkosivustolta. 1.4. [&hellip;]<\/p>\n","protected":false},"author":2,"featured_media":0,"parent":0,"menu_order":0,"comment_status":"closed","ping_status":"closed","template":"","meta":{"site-sidebar-layout":"no-sidebar","site-content-layout":"page-builder","ast-site-content-layout":"default","site-content-style":"default","site-sidebar-style":"default","ast-global-header-display":"","ast-banner-title-visibility":"","ast-main-header-display":"","ast-hfb-above-header-display":"","ast-hfb-below-header-display":"","ast-hfb-mobile-header-display":"","site-post-title":"disabled","ast-breadcrumbs-content":"","ast-featured-img":"disabled","footer-sml-layout":"","ast-disable-related-posts":"","theme-transparent-header-meta":"","adv-header-id-meta":"","stick-header-meta":"","header-above-stick-meta":"","header-main-stick-meta":"","header-below-stick-meta":"","astra-migrate-meta-layouts":"default","ast-page-background-enabled":"default","ast-page-background-meta":{"desktop":{"background-color":"var(--ast-global-color-4)","background-image":"","background-repeat":"repeat","background-position":"center center","background-size":"auto","background-attachment":"scroll","background-type":"","background-media":"","overlay-type":"","overlay-color":"","overlay-opacity":"","overlay-gradient":""},"tablet":{"background-color":"","background-image":"","background-repeat":"repeat","background-position":"center center","background-size":"auto","background-attachment":"scroll","background-type":"","background-media":"","overlay-type":"","overlay-color":"","overlay-opacity":"","overlay-gradient":""},"mobile":{"background-color":"","background-image":"","background-repeat":"repeat","background-position":"center center","background-size":"auto","background-attachment":"scroll","background-type":"","background-media":"","overlay-type":"","overlay-color":"","overlay-opacity":"","overlay-gradient":""}},"ast-content-background-meta":{"desktop":{"background-color":"var(--ast-global-color-5)","background-image":"","background-repeat":"repeat","background-position":"center center","background-size":"auto","background-attachment":"scroll","background-type":"","background-media":"","overlay-type":"","overlay-color":"","overlay-opacity":"","overlay-gradient":""},"tablet":{"background-color":"var(--ast-global-color-5)","background-image":"","background-repeat":"repeat","background-position":"center center","background-size":"auto","background-attachment":"scroll","background-type":"","background-media":"","overlay-type":"","overlay-color":"","overlay-opacity":"","overlay-gradient":""},"mobile":{"background-color":"var(--ast-global-color-5)","background-image":"","background-repeat":"repeat","background-position":"center center","background-size":"auto","background-attachment":"scroll","background-type":"","background-media":"","overlay-type":"","overlay-color":"","overlay-opacity":"","overlay-gradient":""}},"footnotes":""},"class_list":["post-1690","page","type-page","status-publish","hentry"],"_links":{"self":[{"href":"https:\/\/rentbull.ee\/fi\/wp-json\/wp\/v2\/pages\/1690","targetHints":{"allow":["GET"]}}],"collection":[{"href":"https:\/\/rentbull.ee\/fi\/wp-json\/wp\/v2\/pages"}],"about":[{"href":"https:\/\/rentbull.ee\/fi\/wp-json\/wp\/v2\/types\/page"}],"author":[{"embeddable":true,"href":"https:\/\/rentbull.ee\/fi\/wp-json\/wp\/v2\/users\/2"}],"replies":[{"embeddable":true,"href":"https:\/\/rentbull.ee\/fi\/wp-json\/wp\/v2\/comments?post=1690"}],"version-history":[{"count":3,"href":"https:\/\/rentbull.ee\/fi\/wp-json\/wp\/v2\/pages\/1690\/revisions"}],"predecessor-version":[{"id":1693,"href":"https:\/\/rentbull.ee\/fi\/wp-json\/wp\/v2\/pages\/1690\/revisions\/1693"}],"wp:attachment":[{"href":"https:\/\/rentbull.ee\/fi\/wp-json\/wp\/v2\/media?parent=1690"}],"curies":[{"name":"wp","href":"https:\/\/api.w.org\/{rel}","templated":true}]}}