{"id":1695,"date":"2022-01-18T13:52:17","date_gmt":"2022-01-18T11:52:17","guid":{"rendered":"https:\/\/rentbull.ee\/vuokrausehdot\/"},"modified":"2022-11-14T10:48:21","modified_gmt":"2022-11-14T08:48:21","slug":"vuokrausehdot","status":"publish","type":"page","link":"https:\/\/rentbull.ee\/fi\/vuokrausehdot\/","title":{"rendered":"Vuokrausehdot"},"content":{"rendered":"\t\t<div data-elementor-type=\"wp-page\" data-elementor-id=\"1695\" class=\"elementor elementor-1695 elementor-199\" data-elementor-post-type=\"page\">\n\t\t\t\t\t\t<section class=\"elementor-section elementor-top-section elementor-element elementor-element-a131c0e elementor-section-boxed elementor-section-height-default elementor-section-height-default\" data-id=\"a131c0e\" data-element_type=\"section\" data-e-type=\"section\">\n\t\t\t\t\t\t<div class=\"elementor-container elementor-column-gap-default\">\n\t\t\t\t\t<div class=\"elementor-column elementor-col-100 elementor-top-column elementor-element elementor-element-5416001\" data-id=\"5416001\" data-element_type=\"column\" data-e-type=\"column\">\n\t\t\t<div class=\"elementor-widget-wrap elementor-element-populated\">\n\t\t\t\t\t\t<div class=\"elementor-element elementor-element-f03c140 elementor-widget elementor-widget-heading\" data-id=\"f03c140\" data-element_type=\"widget\" data-e-type=\"widget\" data-widget_type=\"heading.default\">\n\t\t\t\t<div class=\"elementor-widget-container\">\n\t\t\t\t\t<h2 class=\"elementor-heading-title elementor-size-default\">Vuokrausehdot<\/h2>\t\t\t\t<\/div>\n\t\t\t\t<\/div>\n\t\t\t\t<div class=\"elementor-element elementor-element-df1308b elementor-widget elementor-widget-text-editor\" data-id=\"df1308b\" data-element_type=\"widget\" data-e-type=\"widget\" data-widget_type=\"text-editor.default\">\n\t\t\t\t<div class=\"elementor-widget-container\">\n\t\t\t\t\t\t\t\t\t<ol>\n<li><span style=\"font-weight: 400;\"> Vuokrakaudeksi katsotaan vuokratun Omaisuuden luovutus- ja palautusp\u00e4ivien v\u00e4linen aikav\u00e4li.<\/span><\/li>\n<li> <span style=\"font-weight: 400;\">Vuokrattu omaisuus tulee palauttaa Vuokralle antajalle samassa kunnossa, kuin se oli Vuokraajalle luovutettu.<\/span> Mik\u00e4li vuokratussa Omaisuudessa ilmenee puutteita tai Omaisuus ei vastaa hintatarjouksessa sovittua, on Vuokraaja velvollinen ilmoittamaan siit\u00e4 Vuokralle antajalle v\u00e4litt\u00f6m\u00e4sti, joka tapauksessa viimeist\u00e4\u00e4n sen tapahtuman alkuun menness\u00e4, johon Vuokraaja Omaisuutta tarvitsee. Mik\u00e4li Vuokralle antajalle ei ole puutteista ilmoitettu m\u00e4\u00e4r\u00e4aikaisesti, katsotaan, ett\u00e4 puute on aiheutunut vuokrakauden aikana ja Omaisuuden ollessa Vuokraajan hallussa.<\/li>\n<li> <span style=\"font-weight: 400;\">Mik\u00e4li vika tai puute, johon Vuokraaja viittaa, johtuu Vuokraajan syyst\u00e4 tai siit\u00e4, ett\u00e4 Vuokraaja on k\u00e4ytt\u00e4nyt Omaisuutta k\u00e4ytt\u00f6tarkoituksen vastaisesti<\/span>, Vuokraaja on velvollinen korvaamaan Omaisuuden korjaamisen tai vaihtamisen kustannukset sek\u00e4 vahingon.<\/li>\n<li><span style=\"font-weight: 400;\">Vuokralle antajalla on oikeus vaatia ennakkomaksua\/varausmaksua, joka vahvistaa varauksen<\/span> ja jota tilauksen perumisen yhteydess\u00e4 ei palauteta.<\/li>\n<li><span style=\"font-weight: 400;\">Laskut l\u00e4hetet\u00e4\u00e4n kerran kuukaudessa. Vuokraaja sitoutuu maksamaan vuokramaksun viimeist\u00e4\u00e4n 14 p\u00e4iv\u00e4n kuluessa <\/span>Vuokralle antajan esitt\u00e4m\u00e4n laskun mukaisesti.<\/li>\n<li><span style=\"font-weight: 400;\">T\u00e4m\u00e4 sopimus katsotaan osapuolten v\u00e4lill\u00e4 solmituksi, kun Vuokraaja on vahvistanut tilauksen s\u00e4hk\u00f6postitse.<\/span><\/li>\n<\/ol>\n\t\t\t\t\t\t\t\t<\/div>\n\t\t\t\t<\/div>\n\t\t\t\t\t<\/div>\n\t\t<\/div>\n\t\t\t\t\t<\/div>\n\t\t<\/section>\n\t\t\t\t<\/div>\n\t\t","protected":false},"excerpt":{"rendered":"<p>Vuokrausehdot Vuokrakaudeksi katsotaan vuokratun Omaisuuden luovutus- ja palautusp\u00e4ivien v\u00e4linen aikav\u00e4li. Vuokrattu omaisuus tulee palauttaa Vuokralle antajalle samassa kunnossa, kuin se oli Vuokraajalle luovutettu. Mik\u00e4li vuokratussa Omaisuudessa ilmenee puutteita tai Omaisuus ei vastaa hintatarjouksessa sovittua, on Vuokraaja velvollinen ilmoittamaan siit\u00e4 Vuokralle antajalle v\u00e4litt\u00f6m\u00e4sti, joka tapauksessa viimeist\u00e4\u00e4n sen tapahtuman alkuun menness\u00e4, johon Vuokraaja Omaisuutta tarvitsee. Mik\u00e4li Vuokralle [&hellip;]<\/p>\n","protected":false},"author":2,"featured_media":0,"parent":0,"menu_order":0,"comment_status":"closed","ping_status":"closed","template":"","meta":{"site-sidebar-layout":"no-sidebar","site-content-layout":"page-builder","ast-site-content-layout":"default","site-content-style":"default","site-sidebar-style":"default","ast-global-header-display":"","ast-banner-title-visibility":"","ast-main-header-display":"","ast-hfb-above-header-display":"","ast-hfb-below-header-display":"","ast-hfb-mobile-header-display":"","site-post-title":"disabled","ast-breadcrumbs-content":"","ast-featured-img":"disabled","footer-sml-layout":"","ast-disable-related-posts":"","theme-transparent-header-meta":"","adv-header-id-meta":"","stick-header-meta":"","header-above-stick-meta":"","header-main-stick-meta":"","header-below-stick-meta":"","astra-migrate-meta-layouts":"default","ast-page-background-enabled":"default","ast-page-background-meta":{"desktop":{"background-color":"var(--ast-global-color-4)","background-image":"","background-repeat":"repeat","background-position":"center center","background-size":"auto","background-attachment":"scroll","background-type":"","background-media":"","overlay-type":"","overlay-color":"","overlay-opacity":"","overlay-gradient":""},"tablet":{"background-color":"","background-image":"","background-repeat":"repeat","background-position":"center center","background-size":"auto","background-attachment":"scroll","background-type":"","background-media":"","overlay-type":"","overlay-color":"","overlay-opacity":"","overlay-gradient":""},"mobile":{"background-color":"","background-image":"","background-repeat":"repeat","background-position":"center center","background-size":"auto","background-attachment":"scroll","background-type":"","background-media":"","overlay-type":"","overlay-color":"","overlay-opacity":"","overlay-gradient":""}},"ast-content-background-meta":{"desktop":{"background-color":"var(--ast-global-color-5)","background-image":"","background-repeat":"repeat","background-position":"center center","background-size":"auto","background-attachment":"scroll","background-type":"","background-media":"","overlay-type":"","overlay-color":"","overlay-opacity":"","overlay-gradient":""},"tablet":{"background-color":"var(--ast-global-color-5)","background-image":"","background-repeat":"repeat","background-position":"center center","background-size":"auto","background-attachment":"scroll","background-type":"","background-media":"","overlay-type":"","overlay-color":"","overlay-opacity":"","overlay-gradient":""},"mobile":{"background-color":"var(--ast-global-color-5)","background-image":"","background-repeat":"repeat","background-position":"center center","background-size":"auto","background-attachment":"scroll","background-type":"","background-media":"","overlay-type":"","overlay-color":"","overlay-opacity":"","overlay-gradient":""}},"footnotes":""},"class_list":["post-1695","page","type-page","status-publish","hentry"],"_links":{"self":[{"href":"https:\/\/rentbull.ee\/fi\/wp-json\/wp\/v2\/pages\/1695","targetHints":{"allow":["GET"]}}],"collection":[{"href":"https:\/\/rentbull.ee\/fi\/wp-json\/wp\/v2\/pages"}],"about":[{"href":"https:\/\/rentbull.ee\/fi\/wp-json\/wp\/v2\/types\/page"}],"author":[{"embeddable":true,"href":"https:\/\/rentbull.ee\/fi\/wp-json\/wp\/v2\/users\/2"}],"replies":[{"embeddable":true,"href":"https:\/\/rentbull.ee\/fi\/wp-json\/wp\/v2\/comments?post=1695"}],"version-history":[{"count":1,"href":"https:\/\/rentbull.ee\/fi\/wp-json\/wp\/v2\/pages\/1695\/revisions"}],"predecessor-version":[{"id":1697,"href":"https:\/\/rentbull.ee\/fi\/wp-json\/wp\/v2\/pages\/1695\/revisions\/1697"}],"wp:attachment":[{"href":"https:\/\/rentbull.ee\/fi\/wp-json\/wp\/v2\/media?parent=1695"}],"curies":[{"name":"wp","href":"https:\/\/api.w.org\/{rel}","templated":true}]}}