{"id":1817,"date":"2022-10-11T15:10:23","date_gmt":"2022-10-11T12:10:23","guid":{"rendered":"https:\/\/rentbull.ee\/toode\/saniteettinen-parakki\/"},"modified":"2022-12-14T10:58:23","modified_gmt":"2022-12-14T08:58:23","slug":"saniteettinen-parakki","status":"publish","type":"product","link":"https:\/\/rentbull.ee\/fi\/toode\/saniteettinen-parakki\/","title":{"rendered":"saniteettinen parakki"},"content":{"rendered":"","protected":false},"excerpt":{"rendered":"<p><em>ALV lis\u00e4t\u00e4\u00e4n hintoihin<\/em><\/p>\n<p><span style=\"font-weight: 400;\">Koko: Parakki on n. 40 % isompi kuin Virossa yleiset 6 m parakit.<\/span><\/p>\n<p><span style=\"font-weight: 400;\">Koko parakkin (7,2&#215;3,3&#215;2,7).<\/span><\/p>\n<p><span style=\"font-weight: 400;\">Parakki on valmistettu Suomessa suomalaisen standardin mukaan ja rakennettu<\/span><\/p>\n<p><span style=\"font-weight: 400;\">metallirungolle.<\/span><\/p>\n<p><span style=\"font-weight: 400;\">Parakin sein\u00e4t ovat sandwich-paneeleista, toisin sanoen kunnollisella l\u00e4mp\u00f6eristyksell\u00e4. Kontti on wc, suihku ja pukuhuone.<\/span><\/p>\n<p><span style=\"font-weight: 400;\">Parakin voi kuljettaa sek\u00e4 multiliftill\u00e4 ett\u00e4 nosturilla laatalle nostaen.<\/span><\/p>\n<p><span style=\"font-weight: 400;\">3,3 m leveys ei vaadi kuljetukseen saattoautoa.<\/span><\/p>\n<p><span style=\"font-weight: 400;\">Parakin pohja on korkeammalla kuin tavallisesti.<\/span><\/p>\n<p><span style=\"font-weight: 400;\">Tavanomaisia puisiin parakkeihin liittyvi\u00e4 ongelmia ei ole (vajoavat muodostaan, vaativat maalaamista, home ja m\u00e4d\u00e4ntyminen).<\/span><\/p>\n","protected":false},"featured_media":1637,"template":"","meta":{"site-sidebar-layout":"default","site-content-layout":"default","ast-site-content-layout":"default","site-content-style":"default","site-sidebar-style":"default","ast-global-header-display":"","ast-banner-title-visibility":"","ast-main-header-display":"","ast-hfb-above-header-display":"","ast-hfb-below-header-display":"","ast-hfb-mobile-header-display":"","site-post-title":"","ast-breadcrumbs-content":"","ast-featured-img":"","footer-sml-layout":"","ast-disable-related-posts":"","theme-transparent-header-meta":"default","adv-header-id-meta":"","stick-header-meta":"default","header-above-stick-meta":"","header-main-stick-meta":"","header-below-stick-meta":"","astra-migrate-meta-layouts":"default","ast-page-background-enabled":"default","ast-page-background-meta":{"desktop":{"background-color":"var(--ast-global-color-4)","background-image":"","background-repeat":"repeat","background-position":"center center","background-size":"auto","background-attachment":"scroll","background-type":"","background-media":"","overlay-type":"","overlay-color":"","overlay-opacity":"","overlay-gradient":""},"tablet":{"background-color":"","background-image":"","background-repeat":"repeat","background-position":"center center","background-size":"auto","background-attachment":"scroll","background-type":"","background-media":"","overlay-type":"","overlay-color":"","overlay-opacity":"","overlay-gradient":""},"mobile":{"background-color":"","background-image":"","background-repeat":"repeat","background-position":"center center","background-size":"auto","background-attachment":"scroll","background-type":"","background-media":"","overlay-type":"","overlay-color":"","overlay-opacity":"","overlay-gradient":""}},"ast-content-background-meta":{"desktop":{"background-color":"var(--ast-global-color-5)","background-image":"","background-repeat":"repeat","background-position":"center center","background-size":"auto","background-attachment":"scroll","background-type":"","background-media":"","overlay-type":"","overlay-color":"","overlay-opacity":"","overlay-gradient":""},"tablet":{"background-color":"var(--ast-global-color-5)","background-image":"","background-repeat":"repeat","background-position":"center center","background-size":"auto","background-attachment":"scroll","background-type":"","background-media":"","overlay-type":"","overlay-color":"","overlay-opacity":"","overlay-gradient":""},"mobile":{"background-color":"var(--ast-global-color-5)","background-image":"","background-repeat":"repeat","background-position":"center center","background-size":"auto","background-attachment":"scroll","background-type":"","background-media":"","overlay-type":"","overlay-color":"","overlay-opacity":"","overlay-gradient":""}}},"product_brand":[],"product_cat":[58,62],"product_tag":[],"class_list":{"0":"post-1817","1":"product","2":"type-product","3":"status-publish","4":"has-post-thumbnail","6":"product_cat-myyntituotteet","7":"product_cat-parakit-myyntituotteet","8":"desktop-align-left","9":"tablet-align-left","10":"mobile-align-left","11":"ast-product-gallery-layout-horizontal","12":"ast-product-gallery-with-no-image","13":"ast-product-tabs-layout-vertical","14":"ast-qv-on-image","16":"first","17":"outofstock","18":"taxable","19":"shipping-taxable","20":"purchasable","21":"product-type-simple"},"_links":{"self":[{"href":"https:\/\/rentbull.ee\/fi\/wp-json\/wp\/v2\/product\/1817","targetHints":{"allow":["GET"]}}],"collection":[{"href":"https:\/\/rentbull.ee\/fi\/wp-json\/wp\/v2\/product"}],"about":[{"href":"https:\/\/rentbull.ee\/fi\/wp-json\/wp\/v2\/types\/product"}],"wp:featuredmedia":[{"embeddable":true,"href":"https:\/\/rentbull.ee\/fi\/wp-json\/wp\/v2\/media\/1637"}],"wp:attachment":[{"href":"https:\/\/rentbull.ee\/fi\/wp-json\/wp\/v2\/media?parent=1817"}],"wp:term":[{"taxonomy":"product_brand","embeddable":true,"href":"https:\/\/rentbull.ee\/fi\/wp-json\/wp\/v2\/product_brand?post=1817"},{"taxonomy":"product_cat","embeddable":true,"href":"https:\/\/rentbull.ee\/fi\/wp-json\/wp\/v2\/product_cat?post=1817"},{"taxonomy":"product_tag","embeddable":true,"href":"https:\/\/rentbull.ee\/fi\/wp-json\/wp\/v2\/product_tag?post=1817"}],"curies":[{"name":"wp","href":"https:\/\/api.w.org\/{rel}","templated":true}]}}