{"id":1825,"date":"2022-07-25T15:54:07","date_gmt":"2022-07-25T12:54:07","guid":{"rendered":"https:\/\/rentbull.ee\/toode\/rakennusparakki\/"},"modified":"2022-07-25T15:54:07","modified_gmt":"2022-07-25T12:54:07","slug":"rakennusparakki-2","status":"publish","type":"product","link":"https:\/\/rentbull.ee\/fi\/toode\/rakennusparakki-2\/","title":{"rendered":"Rakennusparakki"},"content":{"rendered":"","protected":false},"excerpt":{"rendered":"<p><em>Hintaan lis\u00e4t\u00e4\u00e4n verot.<\/em><\/p>\n<p><span style=\"font-weight: 400;\">Koko: Parakki on n. 40 % isompi kuin Virossa yleiset 6 m parakit.<\/span><\/p>\n<p><span style=\"font-weight: 400;\">Koko parakki (9\u00d73,3\u00d72,9).<\/span><\/p>\n<p><span style=\"font-weight: 400;\">Parakki on valmistettu Suomessa suomalaisen standardin mukaan ja rakennettu<\/span><\/p>\n<p><span style=\"font-weight: 400;\">metallirungolle.<\/span><\/p>\n<p><span style=\"font-weight: 400;\">Parakin sein\u00e4t ovat sandwich-paneeleista, toisin sanoen kunnollisella l\u00e4mp\u00f6eristyksell\u00e4. Parakkin sis\u00e4lt\u00e4 tyhj\u00e4n\u00e4.<\/span><\/p>\n<p><span style=\"font-weight: 400;\">Parakin voi kuljettaa sek\u00e4 multiliftill\u00e4 ett\u00e4 nosturilla laatalle nostaen.<\/span><\/p>\n<p><span style=\"font-weight: 400;\">3,3 m leveys ei vaadi kuljetukseen saattoautoa.<\/span><\/p>\n<p><span style=\"font-weight: 400;\">Parakin pohja on korkeammalla kuin tavallisesti.<\/span><\/p>\n<p><span style=\"font-weight: 400;\">Tavanomaisia puisiin parakkeihin liittyvi\u00e4 ongelmia ei ole (vajoavat muodostaan, vaativat maalaamista, home ja m\u00e4d\u00e4ntyminen).<\/span><\/p>\n","protected":false},"featured_media":1533,"template":"","meta":{"site-sidebar-layout":"default","site-content-layout":"default","ast-site-content-layout":"default","site-content-style":"default","site-sidebar-style":"default","ast-global-header-display":"","ast-banner-title-visibility":"","ast-main-header-display":"","ast-hfb-above-header-display":"","ast-hfb-below-header-display":"","ast-hfb-mobile-header-display":"","site-post-title":"","ast-breadcrumbs-content":"","ast-featured-img":"","footer-sml-layout":"","ast-disable-related-posts":"","theme-transparent-header-meta":"default","adv-header-id-meta":"","stick-header-meta":"default","header-above-stick-meta":"","header-main-stick-meta":"","header-below-stick-meta":"","astra-migrate-meta-layouts":"default","ast-page-background-enabled":"default","ast-page-background-meta":{"desktop":{"background-color":"var(--ast-global-color-4)","background-image":"","background-repeat":"repeat","background-position":"center center","background-size":"auto","background-attachment":"scroll","background-type":"","background-media":"","overlay-type":"","overlay-color":"","overlay-opacity":"","overlay-gradient":""},"tablet":{"background-color":"","background-image":"","background-repeat":"repeat","background-position":"center center","background-size":"auto","background-attachment":"scroll","background-type":"","background-media":"","overlay-type":"","overlay-color":"","overlay-opacity":"","overlay-gradient":""},"mobile":{"background-color":"","background-image":"","background-repeat":"repeat","background-position":"center center","background-size":"auto","background-attachment":"scroll","background-type":"","background-media":"","overlay-type":"","overlay-color":"","overlay-opacity":"","overlay-gradient":""}},"ast-content-background-meta":{"desktop":{"background-color":"var(--ast-global-color-5)","background-image":"","background-repeat":"repeat","background-position":"center center","background-size":"auto","background-attachment":"scroll","background-type":"","background-media":"","overlay-type":"","overlay-color":"","overlay-opacity":"","overlay-gradient":""},"tablet":{"background-color":"var(--ast-global-color-5)","background-image":"","background-repeat":"repeat","background-position":"center center","background-size":"auto","background-attachment":"scroll","background-type":"","background-media":"","overlay-type":"","overlay-color":"","overlay-opacity":"","overlay-gradient":""},"mobile":{"background-color":"var(--ast-global-color-5)","background-image":"","background-repeat":"repeat","background-position":"center center","background-size":"auto","background-attachment":"scroll","background-type":"","background-media":"","overlay-type":"","overlay-color":"","overlay-opacity":"","overlay-gradient":""}}},"product_brand":[],"product_cat":[58,62],"product_tag":[],"class_list":{"0":"post-1825","1":"product","2":"type-product","3":"status-publish","4":"has-post-thumbnail","6":"product_cat-myyntituotteet","7":"product_cat-parakit-myyntituotteet","8":"desktop-align-left","9":"tablet-align-left","10":"mobile-align-left","11":"ast-product-gallery-layout-horizontal","12":"ast-product-gallery-with-no-image","13":"ast-product-tabs-layout-vertical","14":"ast-qv-on-image","16":"first","17":"instock","18":"taxable","19":"shipping-taxable","20":"purchasable","21":"product-type-simple"},"_links":{"self":[{"href":"https:\/\/rentbull.ee\/fi\/wp-json\/wp\/v2\/product\/1825","targetHints":{"allow":["GET"]}}],"collection":[{"href":"https:\/\/rentbull.ee\/fi\/wp-json\/wp\/v2\/product"}],"about":[{"href":"https:\/\/rentbull.ee\/fi\/wp-json\/wp\/v2\/types\/product"}],"wp:featuredmedia":[{"embeddable":true,"href":"https:\/\/rentbull.ee\/fi\/wp-json\/wp\/v2\/media\/1533"}],"wp:attachment":[{"href":"https:\/\/rentbull.ee\/fi\/wp-json\/wp\/v2\/media?parent=1825"}],"wp:term":[{"taxonomy":"product_brand","embeddable":true,"href":"https:\/\/rentbull.ee\/fi\/wp-json\/wp\/v2\/product_brand?post=1825"},{"taxonomy":"product_cat","embeddable":true,"href":"https:\/\/rentbull.ee\/fi\/wp-json\/wp\/v2\/product_cat?post=1825"},{"taxonomy":"product_tag","embeddable":true,"href":"https:\/\/rentbull.ee\/fi\/wp-json\/wp\/v2\/product_tag?post=1825"}],"curies":[{"name":"wp","href":"https:\/\/api.w.org\/{rel}","templated":true}]}}