{"id":1897,"date":"2022-03-03T14:22:32","date_gmt":"2022-03-03T12:22:32","guid":{"rendered":"https:\/\/rentbull.ee\/toode\/betoninen-pohjakivi-aidalle\/"},"modified":"2022-03-03T14:22:32","modified_gmt":"2022-03-03T12:22:32","slug":"betoninen-pohjakivi-aidalle-2","status":"publish","type":"product","link":"https:\/\/rentbull.ee\/fi\/toode\/betoninen-pohjakivi-aidalle-2\/","title":{"rendered":"Betoninen pohjakivi aidalle"},"content":{"rendered":"","protected":false},"excerpt":{"rendered":"<p><em>Hintaan lis\u00e4t\u00e4\u00e4n verot.<\/em><\/p>\n<p>Betoninen pohjakivi aidalle (<span style=\"font-weight: 400;\">6 reik\u00e4\u00e4) &#8211; sopii kaikkiin puutarhoihin.<\/span><\/p>\n<p>Massa: <span style=\"font-weight: 400;\">32kg\/ 24kg <\/span> <\/p>\n<p>K\u00e4yt\u00e4 seuraavien tuotteiden kanssa: <a href=\"https:\/\/rentbull.ee\/toode\/aiapaneel-3-4m2m\/\">Puutarhapaneeli (3,4m*2m)<\/a>, <a href=\"https:\/\/rentbull.ee\/toode\/aiapaneel-3-4m1-2m\/\">Puutarhapaneeli (3,4m*1,2m)<\/a> ja <a href=\"https:\/\/rentbull.ee\/toode\/autovarav\/\">Autoportti.<\/a><\/p>\n<p>&nbsp;<\/p>\n","protected":false},"featured_media":1343,"template":"","meta":{"site-sidebar-layout":"default","site-content-layout":"default","ast-site-content-layout":"default","site-content-style":"default","site-sidebar-style":"default","ast-global-header-display":"","ast-banner-title-visibility":"","ast-main-header-display":"","ast-hfb-above-header-display":"","ast-hfb-below-header-display":"","ast-hfb-mobile-header-display":"","site-post-title":"","ast-breadcrumbs-content":"","ast-featured-img":"","footer-sml-layout":"","ast-disable-related-posts":"","theme-transparent-header-meta":"default","adv-header-id-meta":"","stick-header-meta":"default","header-above-stick-meta":"","header-main-stick-meta":"","header-below-stick-meta":"","astra-migrate-meta-layouts":"default","ast-page-background-enabled":"default","ast-page-background-meta":{"desktop":{"background-color":"var(--ast-global-color-4)","background-image":"","background-repeat":"repeat","background-position":"center center","background-size":"auto","background-attachment":"scroll","background-type":"","background-media":"","overlay-type":"","overlay-color":"","overlay-opacity":"","overlay-gradient":""},"tablet":{"background-color":"","background-image":"","background-repeat":"repeat","background-position":"center center","background-size":"auto","background-attachment":"scroll","background-type":"","background-media":"","overlay-type":"","overlay-color":"","overlay-opacity":"","overlay-gradient":""},"mobile":{"background-color":"","background-image":"","background-repeat":"repeat","background-position":"center center","background-size":"auto","background-attachment":"scroll","background-type":"","background-media":"","overlay-type":"","overlay-color":"","overlay-opacity":"","overlay-gradient":""}},"ast-content-background-meta":{"desktop":{"background-color":"var(--ast-global-color-5)","background-image":"","background-repeat":"repeat","background-position":"center center","background-size":"auto","background-attachment":"scroll","background-type":"","background-media":"","overlay-type":"","overlay-color":"","overlay-opacity":"","overlay-gradient":""},"tablet":{"background-color":"var(--ast-global-color-5)","background-image":"","background-repeat":"repeat","background-position":"center center","background-size":"auto","background-attachment":"scroll","background-type":"","background-media":"","overlay-type":"","overlay-color":"","overlay-opacity":"","overlay-gradient":""},"mobile":{"background-color":"var(--ast-global-color-5)","background-image":"","background-repeat":"repeat","background-position":"center center","background-size":"auto","background-attachment":"scroll","background-type":"","background-media":"","overlay-type":"","overlay-color":"","overlay-opacity":"","overlay-gradient":""}}},"product_brand":[],"product_cat":[59,58],"product_tag":[],"class_list":{"0":"post-1897","1":"product","2":"type-product","3":"status-publish","4":"has-post-thumbnail","6":"product_cat-lisatarvikkeet","7":"product_cat-myyntituotteet","8":"desktop-align-left","9":"tablet-align-left","10":"mobile-align-left","11":"ast-product-gallery-layout-horizontal","12":"ast-product-gallery-with-no-image","13":"ast-product-tabs-layout-vertical","14":"ast-qv-on-image","16":"first","17":"instock","18":"taxable","19":"shipping-taxable","20":"purchasable","21":"product-type-simple"},"_links":{"self":[{"href":"https:\/\/rentbull.ee\/fi\/wp-json\/wp\/v2\/product\/1897","targetHints":{"allow":["GET"]}}],"collection":[{"href":"https:\/\/rentbull.ee\/fi\/wp-json\/wp\/v2\/product"}],"about":[{"href":"https:\/\/rentbull.ee\/fi\/wp-json\/wp\/v2\/types\/product"}],"wp:featuredmedia":[{"embeddable":true,"href":"https:\/\/rentbull.ee\/fi\/wp-json\/wp\/v2\/media\/1343"}],"wp:attachment":[{"href":"https:\/\/rentbull.ee\/fi\/wp-json\/wp\/v2\/media?parent=1897"}],"wp:term":[{"taxonomy":"product_brand","embeddable":true,"href":"https:\/\/rentbull.ee\/fi\/wp-json\/wp\/v2\/product_brand?post=1897"},{"taxonomy":"product_cat","embeddable":true,"href":"https:\/\/rentbull.ee\/fi\/wp-json\/wp\/v2\/product_cat?post=1897"},{"taxonomy":"product_tag","embeddable":true,"href":"https:\/\/rentbull.ee\/fi\/wp-json\/wp\/v2\/product_tag?post=1897"}],"curies":[{"name":"wp","href":"https:\/\/api.w.org\/{rel}","templated":true}]}}