{"id":1918,"date":"2022-03-03T14:32:11","date_gmt":"2022-03-03T12:32:11","guid":{"rendered":"https:\/\/rentbull.ee\/toode\/rajoitin-jalka-portti\/"},"modified":"2022-03-03T14:32:11","modified_gmt":"2022-03-03T12:32:11","slug":"kiinnityshaka-jalka-portti","status":"publish","type":"product","link":"https:\/\/rentbull.ee\/fi\/toode\/kiinnityshaka-jalka-portti\/","title":{"rendered":"Rajoitin jalka portti"},"content":{"rendered":"","protected":false},"excerpt":{"rendered":"<p><b>Jalkaportin rajoitin<\/b> <span style=\"font-weight: 400;\">est\u00e4\u00e4<\/span> <span style=\"font-weight: 400;\">vahingossa sulkeutumisen jalankulkijoiden\/ajoneuvon portilla (esim. tuulisella s\u00e4\u00e4ll\u00e4).<\/span><\/p>\n<p><span style=\"font-weight: 400;\">Kiinnityshaka<\/span> <span style=\"font-weight: 400;\">on valmistettu ter\u00e4sputkista ja kiinnitysosista, jotka on kiinnitetty portin pystyputkeen.<\/span><\/p>\n<p><span style=\"font-weight: 400;\">Koko: 300 x 160 x 130 mm <\/span><\/p>\n<p><span style=\"font-weight: 400;\">Massa: 1,2 kg<\/span><\/p>\n","protected":false},"featured_media":1397,"template":"","meta":{"site-sidebar-layout":"default","site-content-layout":"default","ast-site-content-layout":"default","site-content-style":"default","site-sidebar-style":"default","ast-global-header-display":"","ast-banner-title-visibility":"","ast-main-header-display":"","ast-hfb-above-header-display":"","ast-hfb-below-header-display":"","ast-hfb-mobile-header-display":"","site-post-title":"","ast-breadcrumbs-content":"","ast-featured-img":"","footer-sml-layout":"","ast-disable-related-posts":"","theme-transparent-header-meta":"","adv-header-id-meta":"","stick-header-meta":"","header-above-stick-meta":"","header-main-stick-meta":"","header-below-stick-meta":"","astra-migrate-meta-layouts":"default","ast-page-background-enabled":"default","ast-page-background-meta":{"desktop":{"background-color":"var(--ast-global-color-4)","background-image":"","background-repeat":"repeat","background-position":"center center","background-size":"auto","background-attachment":"scroll","background-type":"","background-media":"","overlay-type":"","overlay-color":"","overlay-opacity":"","overlay-gradient":""},"tablet":{"background-color":"","background-image":"","background-repeat":"repeat","background-position":"center center","background-size":"auto","background-attachment":"scroll","background-type":"","background-media":"","overlay-type":"","overlay-color":"","overlay-opacity":"","overlay-gradient":""},"mobile":{"background-color":"","background-image":"","background-repeat":"repeat","background-position":"center center","background-size":"auto","background-attachment":"scroll","background-type":"","background-media":"","overlay-type":"","overlay-color":"","overlay-opacity":"","overlay-gradient":""}},"ast-content-background-meta":{"desktop":{"background-color":"var(--ast-global-color-5)","background-image":"","background-repeat":"repeat","background-position":"center center","background-size":"auto","background-attachment":"scroll","background-type":"","background-media":"","overlay-type":"","overlay-color":"","overlay-opacity":"","overlay-gradient":""},"tablet":{"background-color":"var(--ast-global-color-5)","background-image":"","background-repeat":"repeat","background-position":"center center","background-size":"auto","background-attachment":"scroll","background-type":"","background-media":"","overlay-type":"","overlay-color":"","overlay-opacity":"","overlay-gradient":""},"mobile":{"background-color":"var(--ast-global-color-5)","background-image":"","background-repeat":"repeat","background-position":"center center","background-size":"auto","background-attachment":"scroll","background-type":"","background-media":"","overlay-type":"","overlay-color":"","overlay-opacity":"","overlay-gradient":""}}},"product_brand":[],"product_cat":[77,64,56],"product_tag":[],"class_list":{"0":"post-1918","1":"product","2":"type-product","3":"status-publish","4":"has-post-thumbnail","6":"product_cat-lisatarvikkeet-aitaan","7":"product_cat-tyomaa-aidat","8":"product_cat-vuokratuotteet","9":"desktop-align-left","10":"tablet-align-left","11":"mobile-align-left","12":"ast-product-gallery-layout-horizontal","13":"ast-product-gallery-with-no-image","14":"ast-product-tabs-layout-vertical","15":"ast-qv-on-image","17":"first","18":"instock","19":"taxable","20":"shipping-taxable","21":"purchasable","22":"product-type-simple"},"_links":{"self":[{"href":"https:\/\/rentbull.ee\/fi\/wp-json\/wp\/v2\/product\/1918","targetHints":{"allow":["GET"]}}],"collection":[{"href":"https:\/\/rentbull.ee\/fi\/wp-json\/wp\/v2\/product"}],"about":[{"href":"https:\/\/rentbull.ee\/fi\/wp-json\/wp\/v2\/types\/product"}],"wp:featuredmedia":[{"embeddable":true,"href":"https:\/\/rentbull.ee\/fi\/wp-json\/wp\/v2\/media\/1397"}],"wp:attachment":[{"href":"https:\/\/rentbull.ee\/fi\/wp-json\/wp\/v2\/media?parent=1918"}],"wp:term":[{"taxonomy":"product_brand","embeddable":true,"href":"https:\/\/rentbull.ee\/fi\/wp-json\/wp\/v2\/product_brand?post=1918"},{"taxonomy":"product_cat","embeddable":true,"href":"https:\/\/rentbull.ee\/fi\/wp-json\/wp\/v2\/product_cat?post=1918"},{"taxonomy":"product_tag","embeddable":true,"href":"https:\/\/rentbull.ee\/fi\/wp-json\/wp\/v2\/product_tag?post=1918"}],"curies":[{"name":"wp","href":"https:\/\/api.w.org\/{rel}","templated":true}]}}