{"id":1923,"date":"2022-02-14T09:42:13","date_gmt":"2022-02-14T07:42:13","guid":{"rendered":"https:\/\/rentbull.ee\/toode\/aitapaneelia-3-5m2m\/"},"modified":"2022-02-14T09:42:13","modified_gmt":"2022-02-14T07:42:13","slug":"aitapaneelia-3-5m2m","status":"publish","type":"product","link":"https:\/\/rentbull.ee\/fi\/toode\/aitapaneelia-3-5m2m\/","title":{"rendered":"Aitapaneelia (3.5m*2m)"},"content":{"rendered":"","protected":false},"excerpt":{"rendered":"<p>Ty\u00f6maa-aidassa on py\u00f6ristetty yl\u00e4reuna ja alavahvikkeet.<\/p>\n<p>moduulin mitta n. 3,5 m (leveys) x 2 m (korkeus), verkon l\u00e4pimitta 3 mm<\/p>\n<p>moduulin paino 12,6 kg<\/p>\n<p>Asennukseen k\u00e4ytet\u00e4\u00e4n aluskivi\u00e4: <strong><a href=\"https:\/\/rentbull.ee\/toode\/aluskivi-aiale-betoonist\/\">Aidan betoninen aluskivi (37 kg)<\/a><\/strong> tai <strong><a href=\"https:\/\/rentbull.ee\/toode\/aluskivi-aiale-pvc\/\">Aidan PVC-aluskivi (17 kg)<\/a><\/strong>, ja kiinnityshaat<\/p>\n<p><strong><a href=\"https:\/\/rentbull.ee\/hea-teada\/\">Katso kuinka valita sopiva tuote. <\/a><\/strong><\/p>\n[stm-calc id=\"523\"]\n<p>&nbsp;<\/p>\n","protected":false},"featured_media":1331,"template":"","meta":{"site-sidebar-layout":"default","site-content-layout":"default","ast-site-content-layout":"default","site-content-style":"default","site-sidebar-style":"default","ast-global-header-display":"","ast-banner-title-visibility":"","ast-main-header-display":"","ast-hfb-above-header-display":"","ast-hfb-below-header-display":"","ast-hfb-mobile-header-display":"","site-post-title":"","ast-breadcrumbs-content":"","ast-featured-img":"","footer-sml-layout":"","ast-disable-related-posts":"","theme-transparent-header-meta":"","adv-header-id-meta":"","stick-header-meta":"","header-above-stick-meta":"","header-main-stick-meta":"","header-below-stick-meta":"","astra-migrate-meta-layouts":"default","ast-page-background-enabled":"default","ast-page-background-meta":{"desktop":{"background-color":"var(--ast-global-color-4)","background-image":"","background-repeat":"repeat","background-position":"center center","background-size":"auto","background-attachment":"scroll","background-type":"","background-media":"","overlay-type":"","overlay-color":"","overlay-opacity":"","overlay-gradient":""},"tablet":{"background-color":"","background-image":"","background-repeat":"repeat","background-position":"center center","background-size":"auto","background-attachment":"scroll","background-type":"","background-media":"","overlay-type":"","overlay-color":"","overlay-opacity":"","overlay-gradient":""},"mobile":{"background-color":"","background-image":"","background-repeat":"repeat","background-position":"center center","background-size":"auto","background-attachment":"scroll","background-type":"","background-media":"","overlay-type":"","overlay-color":"","overlay-opacity":"","overlay-gradient":""}},"ast-content-background-meta":{"desktop":{"background-color":"var(--ast-global-color-5)","background-image":"","background-repeat":"repeat","background-position":"center center","background-size":"auto","background-attachment":"scroll","background-type":"","background-media":"","overlay-type":"","overlay-color":"","overlay-opacity":"","overlay-gradient":""},"tablet":{"background-color":"var(--ast-global-color-5)","background-image":"","background-repeat":"repeat","background-position":"center center","background-size":"auto","background-attachment":"scroll","background-type":"","background-media":"","overlay-type":"","overlay-color":"","overlay-opacity":"","overlay-gradient":""},"mobile":{"background-color":"var(--ast-global-color-5)","background-image":"","background-repeat":"repeat","background-position":"center center","background-size":"auto","background-attachment":"scroll","background-type":"","background-media":"","overlay-type":"","overlay-color":"","overlay-opacity":"","overlay-gradient":""}}},"product_brand":[],"product_cat":[64,56],"product_tag":[],"class_list":{"0":"post-1923","1":"product","2":"type-product","3":"status-publish","4":"has-post-thumbnail","6":"product_cat-tyomaa-aidat","7":"product_cat-vuokratuotteet","8":"desktop-align-left","9":"tablet-align-left","10":"mobile-align-left","11":"ast-product-gallery-layout-horizontal","12":"ast-product-tabs-layout-vertical","13":"ast-qv-on-image","15":"first","16":"instock","17":"taxable","18":"shipping-taxable","19":"purchasable","20":"product-type-simple"},"_links":{"self":[{"href":"https:\/\/rentbull.ee\/fi\/wp-json\/wp\/v2\/product\/1923","targetHints":{"allow":["GET"]}}],"collection":[{"href":"https:\/\/rentbull.ee\/fi\/wp-json\/wp\/v2\/product"}],"about":[{"href":"https:\/\/rentbull.ee\/fi\/wp-json\/wp\/v2\/types\/product"}],"wp:featuredmedia":[{"embeddable":true,"href":"https:\/\/rentbull.ee\/fi\/wp-json\/wp\/v2\/media\/1331"}],"wp:attachment":[{"href":"https:\/\/rentbull.ee\/fi\/wp-json\/wp\/v2\/media?parent=1923"}],"wp:term":[{"taxonomy":"product_brand","embeddable":true,"href":"https:\/\/rentbull.ee\/fi\/wp-json\/wp\/v2\/product_brand?post=1923"},{"taxonomy":"product_cat","embeddable":true,"href":"https:\/\/rentbull.ee\/fi\/wp-json\/wp\/v2\/product_cat?post=1923"},{"taxonomy":"product_tag","embeddable":true,"href":"https:\/\/rentbull.ee\/fi\/wp-json\/wp\/v2\/product_tag?post=1923"}],"curies":[{"name":"wp","href":"https:\/\/api.w.org\/{rel}","templated":true}]}}