{"id":3440,"date":"2022-01-17T15:26:45","date_gmt":"2022-01-17T13:26:45","guid":{"rendered":"https:\/\/rentbull.ee\/apie-mus\/"},"modified":"2023-05-17T09:44:31","modified_gmt":"2023-05-17T06:44:31","slug":"apie-mus","status":"publish","type":"page","link":"https:\/\/rentbull.ee\/lt\/apie-mus\/","title":{"rendered":"apie mus"},"content":{"rendered":"\t\t<div data-elementor-type=\"wp-page\" data-elementor-id=\"3440\" class=\"elementor elementor-3440 elementor-154\" data-elementor-post-type=\"page\">\n\t\t\t\t\t\t<section class=\"elementor-section elementor-top-section elementor-element elementor-element-625ff50 elementor-section-boxed elementor-section-height-default elementor-section-height-default\" data-id=\"625ff50\" data-element_type=\"section\" data-e-type=\"section\" data-settings=\"{&quot;background_background&quot;:&quot;classic&quot;}\">\n\t\t\t\t\t\t<div class=\"elementor-container elementor-column-gap-default\">\n\t\t\t\t\t<div class=\"elementor-column elementor-col-100 elementor-top-column elementor-element elementor-element-21fda81\" data-id=\"21fda81\" data-element_type=\"column\" data-e-type=\"column\">\n\t\t\t<div class=\"elementor-widget-wrap elementor-element-populated\">\n\t\t\t\t\t\t<div class=\"elementor-element elementor-element-f3c4f23 elementor-widget elementor-widget-heading\" data-id=\"f3c4f23\" data-element_type=\"widget\" data-e-type=\"widget\" data-widget_type=\"heading.default\">\n\t\t\t\t<div class=\"elementor-widget-container\">\n\t\t\t\t\t<h2 class=\"elementor-heading-title elementor-size-default\">RENTBULL<\/h2>\t\t\t\t<\/div>\n\t\t\t\t<\/div>\n\t\t\t\t\t<\/div>\n\t\t<\/div>\n\t\t\t\t\t<\/div>\n\t\t<\/section>\n\t\t\t\t<section class=\"elementor-section elementor-top-section elementor-element elementor-element-879f094 elementor-section-boxed elementor-section-height-default elementor-section-height-default\" data-id=\"879f094\" data-element_type=\"section\" data-e-type=\"section\">\n\t\t\t\t\t\t<div class=\"elementor-container elementor-column-gap-default\">\n\t\t\t\t\t<div class=\"elementor-column elementor-col-100 elementor-top-column elementor-element elementor-element-1153bd27\" data-id=\"1153bd27\" data-element_type=\"column\" data-e-type=\"column\">\n\t\t\t<div class=\"elementor-widget-wrap elementor-element-populated\">\n\t\t\t\t\t\t<section class=\"elementor-section elementor-inner-section elementor-element elementor-element-3a54cac0 elementor-section-boxed elementor-section-height-default elementor-section-height-default\" data-id=\"3a54cac0\" data-element_type=\"section\" data-e-type=\"section\">\n\t\t\t\t\t\t<div class=\"elementor-container elementor-column-gap-default\">\n\t\t\t\t\t<div class=\"elementor-column elementor-col-33 elementor-inner-column elementor-element elementor-element-47514763\" data-id=\"47514763\" data-element_type=\"column\" data-e-type=\"column\">\n\t\t\t<div class=\"elementor-widget-wrap\">\n\t\t\t\t\t\t\t<\/div>\n\t\t<\/div>\n\t\t\t\t<div class=\"elementor-column elementor-col-33 elementor-inner-column elementor-element elementor-element-742bee1f\" data-id=\"742bee1f\" data-element_type=\"column\" data-e-type=\"column\">\n\t\t\t<div class=\"elementor-widget-wrap elementor-element-populated\">\n\t\t\t\t\t\t<div class=\"elementor-element elementor-element-31168acf elementor-widget elementor-widget-text-editor\" data-id=\"31168acf\" data-element_type=\"widget\" data-e-type=\"widget\" data-widget_type=\"text-editor.default\">\n\t\t\t\t<div class=\"elementor-widget-container\">\n\t\t\t\t\t\t\t\t\t<p><span style=\"font-weight: 400;\"><img decoding=\"async\" class=\"size-full wp-image-87 alignright\" src=\"https:\/\/rentbull.ee\/wp-content\/uploads\/2022\/01\/RB-logo-png-_medium.png\" alt=\"\" width=\"150\" height=\"150\" srcset=\"https:\/\/rentbull.ee\/wp-content\/uploads\/2022\/01\/RB-logo-png-_medium.png 150w, https:\/\/rentbull.ee\/wp-content\/uploads\/2022\/01\/RB-logo-png-_medium-100x100.png 100w, https:\/\/rentbull.ee\/wp-content\/uploads\/2022\/01\/RB-logo-png-_medium-64x64.png 64w\" sizes=\"(max-width: 150px) 100vw, 150px\" \/><\/span><\/p>\n<p>\u201eRentbull\u201c yra Estijos \u012fmon\u0117, u\u017esiimanti \u012fvairaus inventoriaus nuoma ir prekyba visoje Estijoje. <br \/>Pagrindin\u0117 m\u016bs\u0173 kryptis \u2013 laikin\u0173 tvor\u0173 nuoma ir pardavimas tiek statybviet\u0117ms, tiek renginiams Su statybomis susiduriame ne vienerius metus, tod\u0117l nuomojame ir laikin\u0105sias tvoras, ir konteinerius Norime \u012fne\u0161ti \u012f rink\u0105 nauj\u0173 kryp\u010di\u0173 ir pasi\u016blyti geriausi\u0105 kokyb\u0119.<\/p>\n<p>Siekdami u\u017etikrinti klient\u0173 pasitenkinim\u0105 ir esteti\u0161k\u0105 produkt\u0173 i\u0161vaizd\u0105, juos reguliariai pri\u017ei\u016brime Pavyzd\u017eiui, mes naudojame \u012fvairias tvoras renginiuose ir statybviet\u0117se. Tvoros su dviem logotipais naudojamos renginiams, su vienu logotipu \u2013 statyboms. <\/p>\n<p>Produktus galima u\u017esisakyti su montavimu arba be jo Klientui pageidaujant, gabename gaminius \u012f paskirties viet\u0105 ir atgal \u012f sand\u0117l\u012f.<\/p>\n<p>Nedvejokite, skambinkite ir mes rasime Jums asmeni\u0161kai geriausi\u0105 sprendim\u0105!<\/p>\n<p><span style=\"font-weight: 400;\"> <\/span><\/p>\n\t\t\t\t\t\t\t\t<\/div>\n\t\t\t\t<\/div>\n\t\t\t\t\t<\/div>\n\t\t<\/div>\n\t\t\t\t<div class=\"elementor-column elementor-col-33 elementor-inner-column elementor-element elementor-element-468a1173\" data-id=\"468a1173\" data-element_type=\"column\" data-e-type=\"column\">\n\t\t\t<div class=\"elementor-widget-wrap\">\n\t\t\t\t\t\t\t<\/div>\n\t\t<\/div>\n\t\t\t\t\t<\/div>\n\t\t<\/section>\n\t\t\t\t\t<\/div>\n\t\t<\/div>\n\t\t\t\t\t<\/div>\n\t\t<\/section>\n\t\t\t\t<section class=\"elementor-section elementor-top-section elementor-element elementor-element-d93414a elementor-section-boxed elementor-section-height-default elementor-section-height-default\" data-id=\"d93414a\" data-element_type=\"section\" data-e-type=\"section\">\n\t\t\t\t\t\t<div class=\"elementor-container elementor-column-gap-default\">\n\t\t\t\t\t<div class=\"elementor-column elementor-col-100 elementor-top-column elementor-element elementor-element-6ef42f9\" data-id=\"6ef42f9\" data-element_type=\"column\" data-e-type=\"column\">\n\t\t\t<div class=\"elementor-widget-wrap elementor-element-populated\">\n\t\t\t\t\t\t<div class=\"elementor-element elementor-element-11014ff elementor-widget elementor-widget-heading\" data-id=\"11014ff\" data-element_type=\"widget\" data-e-type=\"widget\" data-widget_type=\"heading.default\">\n\t\t\t\t<div class=\"elementor-widget-container\">\n\t\t\t\t\t<h2 class=\"elementor-heading-title elementor-size-default\">sertifikatai <\/h2>\t\t\t\t<\/div>\n\t\t\t\t<\/div>\n\t\t\t\t<div class=\"elementor-element elementor-element-017f6d5 elementor-icon-list--layout-traditional elementor-list-item-link-full_width elementor-widget elementor-widget-icon-list\" data-id=\"017f6d5\" data-element_type=\"widget\" data-e-type=\"widget\" data-widget_type=\"icon-list.default\">\n\t\t\t\t<div class=\"elementor-widget-container\">\n\t\t\t\t\t\t\t<ul class=\"elementor-icon-list-items\">\n\t\t\t\t\t\t\t<li class=\"elementor-icon-list-item\">\n\t\t\t\t\t\t\t\t\t\t\t<a href=\"https:\/\/rentbull.ee\/wp-content\/uploads\/2022\/02\/SC224e-1K22011709090.pdf\" target=\"_blank\">\n\n\t\t\t\t\t\t\t\t\t\t\t\t<span class=\"elementor-icon-list-icon\">\n\t\t\t\t\t\t\t<i aria-hidden=\"true\" class=\"fas fa-minus\"><\/i>\t\t\t\t\t\t<\/span>\n\t\t\t\t\t\t\t\t\t\t<span class=\"elementor-icon-list-text\">TLC sertifikatas<\/span>\n\t\t\t\t\t\t\t\t\t\t\t<\/a>\n\t\t\t\t\t\t\t\t\t<\/li>\n\t\t\t\t\t\t\t\t<li class=\"elementor-icon-list-item\">\n\t\t\t\t\t\t\t\t\t\t\t<a href=\"https:\/\/rentbull.ee\/wp-content\/uploads\/2022\/02\/SC224e-1K22011709100.pdf\" target=\"_blank\">\n\n\t\t\t\t\t\t\t\t\t\t\t\t<span class=\"elementor-icon-list-icon\">\n\t\t\t\t\t\t\t<i aria-hidden=\"true\" class=\"fas fa-minus\"><\/i>\t\t\t\t\t\t<\/span>\n\t\t\t\t\t\t\t\t\t\t<span class=\"elementor-icon-list-text\">TLC Mobilt RC CB sertifikatas<\/span>\n\t\t\t\t\t\t\t\t\t\t\t<\/a>\n\t\t\t\t\t\t\t\t\t<\/li>\n\t\t\t\t\t\t\t\t<li class=\"elementor-icon-list-item\">\n\t\t\t\t\t\t\t\t\t\t\t<a href=\"https:\/\/rentbull.ee\/wp-content\/uploads\/2022\/02\/leaflet-mobilt-01.22.pdf\" target=\"_blank\">\n\n\t\t\t\t\t\t\t\t\t\t\t\t<span class=\"elementor-icon-list-icon\">\n\t\t\t\t\t\t\t<i aria-hidden=\"true\" class=\"fas fa-minus\"><\/i>\t\t\t\t\t\t<\/span>\n\t\t\t\t\t\t\t\t\t\t<span class=\"elementor-icon-list-text\">TLC Mobilt sertifikatas<\/span>\n\t\t\t\t\t\t\t\t\t\t\t<\/a>\n\t\t\t\t\t\t\t\t\t<\/li>\n\t\t\t\t\t\t<\/ul>\n\t\t\t\t\t\t<\/div>\n\t\t\t\t<\/div>\n\t\t\t\t\t<\/div>\n\t\t<\/div>\n\t\t\t\t\t<\/div>\n\t\t<\/section>\n\t\t\t\t<section class=\"elementor-section elementor-top-section elementor-element elementor-element-5d7b424 elementor-section-boxed elementor-section-height-default elementor-section-height-default\" data-id=\"5d7b424\" data-element_type=\"section\" data-e-type=\"section\">\n\t\t\t\t\t\t<div class=\"elementor-container elementor-column-gap-default\">\n\t\t\t\t\t<div class=\"elementor-column elementor-col-100 elementor-top-column elementor-element elementor-element-9488c04\" data-id=\"9488c04\" data-element_type=\"column\" data-e-type=\"column\">\n\t\t\t<div class=\"elementor-widget-wrap elementor-element-populated\">\n\t\t\t\t\t\t<div class=\"elementor-element elementor-element-7e41dd6 elementor-widget elementor-widget-heading\" data-id=\"7e41dd6\" data-element_type=\"widget\" data-e-type=\"widget\" data-widget_type=\"heading.default\">\n\t\t\t\t<div class=\"elementor-widget-container\">\n\t\t\t\t\t<h2 class=\"elementor-heading-title elementor-size-default\">klient\u0173 atsiliepimai<\/h2>\t\t\t\t<\/div>\n\t\t\t\t<\/div>\n\t\t\t\t<div class=\"elementor-element elementor-element-f01771e elementor--star-style-star_unicode elementor-pagination-type-fraction elementor-arrows-yes elementor-review--has-separator elementor-widget elementor-widget-global elementor-global-326 elementor-widget-reviews\" data-id=\"f01771e\" data-element_type=\"widget\" data-e-type=\"widget\" data-settings=\"{&quot;slides_per_view&quot;:&quot;3&quot;,&quot;pagination&quot;:&quot;fraction&quot;,&quot;space_between&quot;:{&quot;unit&quot;:&quot;px&quot;,&quot;size&quot;:14,&quot;sizes&quot;:[]},&quot;show_arrows&quot;:&quot;yes&quot;,&quot;speed&quot;:500,&quot;autoplay&quot;:&quot;yes&quot;,&quot;autoplay_speed&quot;:5000,&quot;loop&quot;:&quot;yes&quot;,&quot;pause_on_hover&quot;:&quot;yes&quot;,&quot;pause_on_interaction&quot;:&quot;yes&quot;,&quot;space_between_tablet&quot;:{&quot;unit&quot;:&quot;px&quot;,&quot;size&quot;:10,&quot;sizes&quot;:[]},&quot;space_between_mobile&quot;:{&quot;unit&quot;:&quot;px&quot;,&quot;size&quot;:10,&quot;sizes&quot;:[]}}\" data-widget_type=\"reviews.default\">\n\t\t\t\t<div class=\"elementor-widget-container\">\n\t\t\t\t\t\t\t\t\t<div class=\"elementor-swiper\">\n\t\t\t\t\t<div class=\"elementor-main-swiper swiper\" role=\"region\" aria-roledescription=\"carousel\" aria-label=\"Slides\">\n\t\t\t\t<div class=\"swiper-wrapper\">\n\t\t\t\t\t\t\t\t\t\t\t<div class=\"swiper-slide\" role=\"group\" aria-roledescription=\"slide\">\n\t\t\t\t\t\t\t\t\t<div class=\"elementor-testimonial elementor-repeater-item-f5de528\">\n\t\t\t\t\t\t\t<a class=\"elementor-testimonial__header\" href=\"https:\/\/sa.laulupidu.ee\/\" target=\"_blank\" rel=\"noopener\">\n\t\t\t\t\t\t\t\t\t\t\t<div class=\"elementor-testimonial__image\">\n\t\t\t\t\t\t\t<img decoding=\"async\" src=\"https:\/\/rentbull.ee\/wp-content\/uploads\/2023\/09\/Logonimi.sinine-page-001-150x150.jpg\" alt=\"Andi Einaste\">\n\t\t\t\t\t\t\t\t\t\t\t\t\t<\/div>\n\t\t\t\t\t\t\t\t\t\t<cite class=\"elementor-testimonial__cite\"><span class=\"elementor-testimonial__name\">Andi Einaste<\/span><span class=\"elementor-testimonial__title\">ELT SA toimetaja<\/span><\/cite>\t\t\t\t\t<div class=\"elementor-testimonial__icon elementor-icon elementor-icon-globe-africa\" aria-label=\"Read More\"><i aria-hidden=\"true\" class=\"fas fa-globe-africa\"><\/i><\/div>\t\t\t\t<\/a>\n\t\t\t\t\t\t\t\t\t\t<div class=\"elementor-testimonial__content\">\n\t\t\t\t\t<div class=\"elementor-testimonial__text\">\n\t\t\t\t\t\tKuna koost\u00f6\u00f6 oli esmakordne, olime ettevaatlikud, aga kokkuv\u00f5ttes olen iga kell valmis uuesti koos toimetama. Meeldis kohene kaasam\u00f5tlemine ja parimate lahenduste otsimine.\t\t\t\t\t<\/div>\n\t\t\t\t<\/div>\n\t\t\t\t\t<\/div>\n\t\t\t\t\t\t\t\t<\/div>\n\t\t\t\t\t\t\t\t\t\t\t<div class=\"swiper-slide\" role=\"group\" aria-roledescription=\"slide\">\n\t\t\t\t\t\t\t\t\t<div class=\"elementor-testimonial elementor-repeater-item-1d0f408\">\n\t\t\t\t\t\t\t<a class=\"elementor-testimonial__header\" href=\"http:\/\/lammutusspets.ee\/\" target=\"_blank\" rel=\"noopener\">\n\t\t\t\t\t\t\t\t\t\t\t<div class=\"elementor-testimonial__image\">\n\t\t\t\t\t\t\t<img decoding=\"async\" src=\"https:\/\/rentbull.ee\/wp-content\/uploads\/2024\/02\/lamm-1320-150x150.jpg\" alt=\"Ivar Toots\">\n\t\t\t\t\t\t\t\t\t\t\t\t\t<\/div>\n\t\t\t\t\t\t\t\t\t\t<cite class=\"elementor-testimonial__cite\"><span class=\"elementor-testimonial__name\">Ivar Toots<\/span><span class=\"elementor-testimonial__title\">Lammutusspets O\u00dc<\/span><\/cite>\t\t\t\t\t<div class=\"elementor-testimonial__icon elementor-icon elementor-icon-globe-africa\" aria-label=\"Read More\"><i aria-hidden=\"true\" class=\"fas fa-globe-africa\"><\/i><\/div>\t\t\t\t<\/a>\n\t\t\t\t\t\t\t\t\t\t<div class=\"elementor-testimonial__content\">\n\t\t\t\t\t<div class=\"elementor-testimonial__text\">\n\t\t\t\t\t\tKuna koost\u00f6\u00f6 oli esmakordne, olime ettevaatlikud, aga kokkuv\u00f5ttes olen iga kell valmis uuesti koos toimetama. Meeldis kohene kaasam\u00f5tlemine ja parimate lahenduste otsimine.\t\t\t\t\t<\/div>\n\t\t\t\t<\/div>\n\t\t\t\t\t<\/div>\n\t\t\t\t\t\t\t\t<\/div>\n\t\t\t\t\t\t\t\t\t\t\t<div class=\"swiper-slide\" role=\"group\" aria-roledescription=\"slide\">\n\t\t\t\t\t\t\t\t\t<div class=\"elementor-testimonial elementor-repeater-item-4a5daa0\">\n\t\t\t\t\t\t\t<a class=\"elementor-testimonial__header\" href=\"https:\/\/www.vanalinnaehitus.ee\/et\/\" target=\"_blank\" rel=\"noopener\">\n\t\t\t\t\t\t\t\t\t\t\t<div class=\"elementor-testimonial__image\">\n\t\t\t\t\t\t\t<img decoding=\"async\" src=\"https:\/\/rentbull.ee\/wp-content\/uploads\/2022\/02\/vanalinna-ehitus-150x150.png\" alt=\"Risto Kadalipp\">\n\t\t\t\t\t\t\t\t\t\t\t\t\t<\/div>\n\t\t\t\t\t\t\t\t\t\t<cite class=\"elementor-testimonial__cite\"><span class=\"elementor-testimonial__name\">Risto Kadalipp<\/span><span class=\"elementor-testimonial__title\">Vanalinna ehitus O\u00dc<\/span><\/cite>\t\t\t\t\t<div class=\"elementor-testimonial__icon elementor-icon elementor-icon-globe-africa\" aria-label=\"Read More\"><i aria-hidden=\"true\" class=\"fas fa-globe-africa\"><\/i><\/div>\t\t\t\t<\/a>\n\t\t\t\t\t\t\t\t\t\t<div class=\"elementor-testimonial__content\">\n\t\t\t\t\t<div class=\"elementor-testimonial__text\">\n\t\t\t\t\t\tRentbulliga on lihtne asju ajada, sest k\u00f5ik toimub v\u00e4ga kiiresti. Hinnapakkumiste tegemine, vajadusel nende muudatused\/t\u00e4psustused, transport sihtkohta jne Kliendiga leitakse kiiresti \u00fchine keel ja asjad aetakse kiiresti. Olen koost\u00f6\u00f6ga v\u00e4ga rahul ja soovitan teistelegi.\t\t\t\t\t<\/div>\n\t\t\t\t<\/div>\n\t\t\t\t\t<\/div>\n\t\t\t\t\t\t\t\t<\/div>\n\t\t\t\t\t\t\t\t\t\t\t<div class=\"swiper-slide\" role=\"group\" aria-roledescription=\"slide\">\n\t\t\t\t\t\t\t\t\t<div class=\"elementor-testimonial elementor-repeater-item-6f8226a\">\n\t\t\t\t\t\t\t<a class=\"elementor-testimonial__header\" href=\"https:\/\/nordlin.ee\/\" target=\"_blank\" rel=\"noopener\">\n\t\t\t\t\t\t\t\t\t\t\t<div class=\"elementor-testimonial__image\">\n\t\t\t\t\t\t\t<img decoding=\"async\" src=\"https:\/\/rentbull.ee\/wp-content\/uploads\/2022\/02\/Nordlin_ehitus_logo-150x150.jpg\" alt=\"Jaanus Konsa\">\n\t\t\t\t\t\t\t\t\t\t\t\t\t<\/div>\n\t\t\t\t\t\t\t\t\t\t<cite class=\"elementor-testimonial__cite\"><span class=\"elementor-testimonial__name\">Jaanus Konsa<\/span><span class=\"elementor-testimonial__title\">Nordlin Ehitus O\u00dc<\/span><\/cite>\t\t\t\t\t<div class=\"elementor-testimonial__icon elementor-icon elementor-icon-globe-africa\" aria-label=\"Read More\"><i aria-hidden=\"true\" class=\"fas fa-globe-africa\"><\/i><\/div>\t\t\t\t<\/a>\n\t\t\t\t\t\t\t\t\t\t<div class=\"elementor-testimonial__content\">\n\t\t\t\t\t<div class=\"elementor-testimonial__text\">\n\t\t\t\t\t\tRentbulli vastus on v\u00e4ga kiire. Tooted on uued ja kvaliteetsed ning sobivad maksetingimused on alati leitavad. Olen koost\u00f6\u00f6ga rahul ja soovitan teistelegi.\t\t\t\t\t<\/div>\n\t\t\t\t<\/div>\n\t\t\t\t\t<\/div>\n\t\t\t\t\t\t\t\t<\/div>\n\t\t\t\t\t\t\t\t\t\t\t<div class=\"swiper-slide\" role=\"group\" aria-roledescription=\"slide\">\n\t\t\t\t\t\t\t\t\t<div class=\"elementor-testimonial elementor-repeater-item-1d8c8ff\">\n\t\t\t\t\t\t\t<a class=\"elementor-testimonial__header\" href=\"https:\/\/www.tallinn.ee\/est\/lasnamae\/\" target=\"_blank\" rel=\"noopener\">\n\t\t\t\t\t\t\t\t\t\t\t<div class=\"elementor-testimonial__image\">\n\t\t\t\t\t\t\t<img decoding=\"async\" src=\"https:\/\/rentbull.ee\/wp-content\/uploads\/2022\/02\/Allalaaditud-fail-1-150x150.png\" alt=\"Anu Aus\">\n\t\t\t\t\t\t\t\t\t\t\t\t\t<\/div>\n\t\t\t\t\t\t\t\t\t\t<cite class=\"elementor-testimonial__cite\"><span class=\"elementor-testimonial__name\">Anu Aus<\/span><span class=\"elementor-testimonial__title\">Linnaosa vanema aset\u00e4itja<\/span><\/cite>\t\t\t\t\t<div class=\"elementor-testimonial__icon elementor-icon elementor-icon-globe-africa\" aria-label=\"Read More\"><i aria-hidden=\"true\" class=\"fas fa-globe-africa\"><\/i><\/div>\t\t\t\t<\/a>\n\t\t\t\t\t\t\t\t\t\t<div class=\"elementor-testimonial__content\">\n\t\t\t\t\t<div class=\"elementor-testimonial__text\">\n\t\t\t\t\t\tRentbulliga asjaajamine on v\u00e4ga lihtne, meeldiv ja kiire. Probleemide ilmnemisel on nad alati abivalmid ja annavad endast parima. Mulle meeldib Rentbulli juures k\u00f5ige rohkem see, et nad on v\u00e4ga professionaalsed, vastutulelikud ja alati lahendustele orienteeritud partnerid. Soovitan Rentbulli firmat kindlasti ka teistele, kuna nende renditoodete valik on lai ja samas ka kvaliteet v\u00e4ga hea.\t\t\t\t\t<\/div>\n\t\t\t\t<\/div>\n\t\t\t\t\t<\/div>\n\t\t\t\t\t\t\t\t<\/div>\n\t\t\t\t\t\t\t\t\t<\/div>\n\t\t\t\t\t\t\t\t\t\t\t\t\t\t\t<div class=\"elementor-swiper-button elementor-swiper-button-prev\" role=\"button\" tabindex=\"0\" aria-label=\"Previous\">\n\t\t\t\t\t\t\t<i aria-hidden=\"true\" class=\"eicon-chevron-left\"><\/i>\t\t\t\t\t\t<\/div>\n\t\t\t\t\t\t<div class=\"elementor-swiper-button elementor-swiper-button-next\" role=\"button\" tabindex=\"0\" aria-label=\"Next\">\n\t\t\t\t\t\t\t<i aria-hidden=\"true\" class=\"eicon-chevron-right\"><\/i>\t\t\t\t\t\t<\/div>\n\t\t\t\t\t\t\t\t\t\t\t\t\t\t\t\t<div class=\"swiper-pagination\"><\/div>\n\t\t\t\t\t\t\t\t\t\t\t\t<\/div>\n\t\t\t\t<\/div>\n\t\t\t\t\t\t\t\t<\/div>\n\t\t\t\t<\/div>\n\t\t\t\t\t<\/div>\n\t\t<\/div>\n\t\t\t\t\t<\/div>\n\t\t<\/section>\n\t\t\t\t<\/div>\n\t\t","protected":false},"excerpt":{"rendered":"<p>RENTBULL \u201eRentbull\u201c yra Estijos \u012fmon\u0117, u\u017esiimanti \u012fvairaus inventoriaus nuoma ir prekyba visoje Estijoje. Pagrindin\u0117 m\u016bs\u0173 kryptis \u2013 laikin\u0173 tvor\u0173 nuoma ir pardavimas tiek statybviet\u0117ms, tiek renginiams Su statybomis susiduriame ne vienerius metus, tod\u0117l nuomojame ir laikin\u0105sias tvoras, ir konteinerius Norime \u012fne\u0161ti \u012f rink\u0105 nauj\u0173 kryp\u010di\u0173 ir pasi\u016blyti geriausi\u0105 kokyb\u0119. Siekdami u\u017etikrinti klient\u0173 pasitenkinim\u0105 ir esteti\u0161k\u0105 [&hellip;]<\/p>\n","protected":false},"author":2,"featured_media":0,"parent":0,"menu_order":0,"comment_status":"closed","ping_status":"closed","template":"elementor_header_footer","meta":{"site-sidebar-layout":"no-sidebar","site-content-layout":"page-builder","ast-site-content-layout":"default","site-content-style":"default","site-sidebar-style":"default","ast-global-header-display":"","ast-banner-title-visibility":"","ast-main-header-display":"","ast-hfb-above-header-display":"","ast-hfb-below-header-display":"","ast-hfb-mobile-header-display":"","site-post-title":"disabled","ast-breadcrumbs-content":"","ast-featured-img":"disabled","footer-sml-layout":"","ast-disable-related-posts":"","theme-transparent-header-meta":"","adv-header-id-meta":"","stick-header-meta":"","header-above-stick-meta":"","header-main-stick-meta":"","header-below-stick-meta":"","astra-migrate-meta-layouts":"default","ast-page-background-enabled":"default","ast-page-background-meta":{"desktop":{"background-color":"var(--ast-global-color-4)","background-image":"","background-repeat":"repeat","background-position":"center center","background-size":"auto","background-attachment":"scroll","background-type":"","background-media":"","overlay-type":"","overlay-color":"","overlay-opacity":"","overlay-gradient":""},"tablet":{"background-color":"","background-image":"","background-repeat":"repeat","background-position":"center center","background-size":"auto","background-attachment":"scroll","background-type":"","background-media":"","overlay-type":"","overlay-color":"","overlay-opacity":"","overlay-gradient":""},"mobile":{"background-color":"","background-image":"","background-repeat":"repeat","background-position":"center center","background-size":"auto","background-attachment":"scroll","background-type":"","background-media":"","overlay-type":"","overlay-color":"","overlay-opacity":"","overlay-gradient":""}},"ast-content-background-meta":{"desktop":{"background-color":"var(--ast-global-color-5)","background-image":"","background-repeat":"repeat","background-position":"center center","background-size":"auto","background-attachment":"scroll","background-type":"","background-media":"","overlay-type":"","overlay-color":"","overlay-opacity":"","overlay-gradient":""},"tablet":{"background-color":"var(--ast-global-color-5)","background-image":"","background-repeat":"repeat","background-position":"center center","background-size":"auto","background-attachment":"scroll","background-type":"","background-media":"","overlay-type":"","overlay-color":"","overlay-opacity":"","overlay-gradient":""},"mobile":{"background-color":"var(--ast-global-color-5)","background-image":"","background-repeat":"repeat","background-position":"center center","background-size":"auto","background-attachment":"scroll","background-type":"","background-media":"","overlay-type":"","overlay-color":"","overlay-opacity":"","overlay-gradient":""}},"footnotes":""},"class_list":["post-3440","page","type-page","status-publish","hentry"],"_links":{"self":[{"href":"https:\/\/rentbull.ee\/lt\/wp-json\/wp\/v2\/pages\/3440","targetHints":{"allow":["GET"]}}],"collection":[{"href":"https:\/\/rentbull.ee\/lt\/wp-json\/wp\/v2\/pages"}],"about":[{"href":"https:\/\/rentbull.ee\/lt\/wp-json\/wp\/v2\/types\/page"}],"author":[{"embeddable":true,"href":"https:\/\/rentbull.ee\/lt\/wp-json\/wp\/v2\/users\/2"}],"replies":[{"embeddable":true,"href":"https:\/\/rentbull.ee\/lt\/wp-json\/wp\/v2\/comments?post=3440"}],"version-history":[{"count":5,"href":"https:\/\/rentbull.ee\/lt\/wp-json\/wp\/v2\/pages\/3440\/revisions"}],"predecessor-version":[{"id":3445,"href":"https:\/\/rentbull.ee\/lt\/wp-json\/wp\/v2\/pages\/3440\/revisions\/3445"}],"wp:attachment":[{"href":"https:\/\/rentbull.ee\/lt\/wp-json\/wp\/v2\/media?parent=3440"}],"curies":[{"name":"wp","href":"https:\/\/api.w.org\/{rel}","templated":true}]}}