{"id":3450,"date":"2022-02-08T18:37:30","date_gmt":"2022-02-08T16:37:30","guid":{"rendered":"https:\/\/rentbull.ee\/pardavimo-salygos\/"},"modified":"2023-05-17T10:03:38","modified_gmt":"2023-05-17T07:03:38","slug":"pardavimo-salygos","status":"publish","type":"page","link":"https:\/\/rentbull.ee\/lt\/pardavimo-salygos\/","title":{"rendered":"pardavimo s\u0105lygos"},"content":{"rendered":"\t\t<div data-elementor-type=\"wp-page\" data-elementor-id=\"3450\" class=\"elementor elementor-3450 elementor-482\" data-elementor-post-type=\"page\">\n\t\t\t\t\t\t<section class=\"elementor-section elementor-top-section elementor-element elementor-element-a131c0e elementor-section-boxed elementor-section-height-default elementor-section-height-default\" data-id=\"a131c0e\" data-element_type=\"section\" data-e-type=\"section\">\n\t\t\t\t\t\t<div class=\"elementor-container elementor-column-gap-default\">\n\t\t\t\t\t<div class=\"elementor-column elementor-col-100 elementor-top-column elementor-element elementor-element-5416001\" data-id=\"5416001\" data-element_type=\"column\" data-e-type=\"column\">\n\t\t\t<div class=\"elementor-widget-wrap elementor-element-populated\">\n\t\t\t\t\t\t<div class=\"elementor-element elementor-element-f03c140 elementor-widget elementor-widget-heading\" data-id=\"f03c140\" data-element_type=\"widget\" data-e-type=\"widget\" data-widget_type=\"heading.default\">\n\t\t\t\t<div class=\"elementor-widget-container\">\n\t\t\t\t\t<h2 class=\"elementor-heading-title elementor-size-default\">pardavimo s\u0105lygos<\/h2>\t\t\t\t<\/div>\n\t\t\t\t<\/div>\n\t\t\t\t<div class=\"elementor-element elementor-element-df1308b elementor-widget elementor-widget-text-editor\" data-id=\"df1308b\" data-element_type=\"widget\" data-e-type=\"widget\" data-widget_type=\"text-editor.default\">\n\t\t\t\t<div class=\"elementor-widget-container\">\n\t\t\t\t\t\t\t\t\t<p>Internetin\u0117s parduotuv\u0117s rentbull.ee (toliau Internetin\u0117 parduotuv\u0117) savininkas yra \u201eRentbull O\u00dc\u201c (registracijos kodas 16356058), \u012fsik\u016brusi <a class=\"link-location\" href=\"https:\/\/www.google.ee\/maps\/place\/Vae%2022%20Laagri%20%20%20Harju%20maakond\" target=\"_new\" rel=\"noopener\">Vae tn 22 Laagri alevik, Saue parish Harju county 76401<\/a>.<\/p>\n<p><strong>Pirkimo-pardavimo sutarties galiojimas, informacija apie prek\u0119 ir kain\u0105<\/strong><\/p>\n<p>Perkant i\u0161 Internetin\u0117s parduotuv\u0117s taikomos galiojan\u010dios pardavimo s\u0105lygos.<\/p>\n<p>Internetin\u0117je parduotuv\u0117je parduodam\u0173 preki\u0173 kainos nurodytos prie preki\u0173. U\u017e preki\u0173 pristatym\u0105 prie prek\u0117s kainos pridedamas pristatymo mokestis. Visos kainos internetin\u0117je parduotuv\u0117je nurodytos eurais.<\/p>\n<p>Pristatymo mokestis priklauso nuo pirk\u0117jo vietos ir pristatymo b\u016bdo. Preki\u0173 pristatymo mokestis rodomas pildant u\u017esakym\u0105.<\/p>\n<p>Prek\u0117s informacija pateikiama Internetin\u0117je parduotuv\u0117je \u0161alia prek\u0117s.<\/p>\n<p><strong>U\u017esakymo formavimas<\/strong><\/p>\n<p><em>\u010cia pardav\u0117jas turi pasikliauti pirkimo sprendimu savo internetin\u0117je parduotuv\u0117je.<\/em><\/p>\n<p>Nor\u0117dami u\u017esisakyti, turite \u012fd\u0117ti prekes \u012f pirkini\u0173 krep\u0161el\u012f. Nor\u0117dami u\u017ebaigti u\u017esakym\u0105, turite u\u017epildyti reikiamus duomen\u0173 laukus ir pasirinkti tinkam\u0105 pristatymo b\u016bd\u0105. Mok\u0117jimas atliekamas pagal s\u0105skait\u0105 fakt\u016br\u0105.<\/p>\n<p> Sutartis \u012fsigalioja, kai mok\u0117tina suma sumokama \u012f Internetin\u0117s parduotuv\u0117s atsiskaitom\u0105j\u0105 s\u0105skait\u0105.<\/p>\n<p>Asmens duomen\u0173 valdytojas yra internetin\u0117s parduotuv\u0117s savininkas.<\/p>\n<p>Jei u\u017esakytos prek\u0117s negali b\u016bti pristatytos d\u0117l prek\u0117s atsarg\u0173 nebuvimo ar d\u0117l kitos prie\u017easties, pirk\u0117jas apie tai kuo grei\u010diau bus informuotas ir sumok\u0117ti pinigai (\u012fskaitant pristatymo i\u0161laidas) gr\u0105\u017einami nedelsiant, bet ne v\u0117liau nei per 14 dien\u0173 nuo prane\u0161imo i\u0161siuntimo.<\/p>\n<p><strong>Pristatymas<\/strong><\/p>\n<p>Prek\u0117s gali b\u016bti pristatomos \u012f \u0161ias \u0161alis: Estija, Latvija, Lietuva, Suomija<\/p>\n<p>Pirk\u0117jas turi \u0161ias galimybes gauti prekes <\/p>\n<p>Siuntimo i\u0161laidas apmoka pirk\u0117jas, kaina priklauso nuo vietos ir preki\u0173 kiekio. <\/p>\n<\/p>\n<p><strong>Teis\u0117 atsisakyti sutarties<\/strong><\/p>\n<p>Pirk\u0117jas, gav\u0119s u\u017esakym\u0105, turi teis\u0119 per 14 dien\u0173 atsisakyti sutarties.<\/p>\n<p><em>NB! Priklausomai nuo preki\u0173, pirk\u0117jas gali netur\u0117ti sutarties atsisakymo teis\u0117s, tokiu atveju prek\u0117s ir paslaugos turi b\u016bti i\u0161vardintos ir turi atitikti Prievoli\u0173 <a href=\"https:\/\/www.riigiteataja.ee\/akt\/961235?leiaKehtiv\" target=\"_blank\" rel=\"noopener noreferrer\">teis\u0117s \u012fstatymo<\/a> \u00a7 53(4) nurodytas s\u0105lygas<\/em><\/p>\n<p>Atsisakymo teis\u0117 netaikoma, jei pirk\u0117jas yra juridinis asmuo.<\/p>\n<p>Norint pasinaudoti 14 dien\u0173 gr\u0105\u017einimo teise, u\u017esakytos prek\u0117s neturi b\u016bti naudojamos kitaip, nei tai b\u016btina norint \u012fsitikinti preki\u0173 pob\u016bd\u017eiu, savyb\u0117mis ir veikimu taip, kaip b\u016bt\u0173 galima prek\u0119 i\u0161bandyti fizin\u0117je parduotuv\u0117je.<\/p>\n<p>Jei prek\u0117s buvo naudojamos ne pagal paskirt\u012f, kuri yra b\u016btina preki\u0173 pob\u016bd\u017eiui, savyb\u0117ms ir veikimui patikrinti, arba jei jose yra naudojimo ar nusid\u0117v\u0117jimo \u017eymi\u0173, Internetin\u0117 parduotuv\u0117 turi teis\u0119 suma\u017einti gr\u0105\u017einam\u0105 mokest\u012f pagal preki\u0173 vert\u0117s suma\u017e\u0117jim\u0105.<\/p>\n<p>Norint gr\u0105\u017einti prek\u0119 reikia pateikti atsisakymo parei\u0161kim\u0105, form\u0105 rasite \u010dia: \u010dia rasite nuorod\u0105 \u012f pra\u0161ym\u0105 d\u0117l sutarties atsisakymo, <em>atsi\u0173skite j\u0105 el.<\/em> pa\u0161to adresu info@rentbull.ee per 14 dien\u0173 nuo prek\u0117s gavimo dienos.<\/p>\n<p><em>Gera praktika yra pasi\u016blyti nemokam\u0105 gr\u0105\u017einim\u0105 savo klientams, o tai padidina patikimum\u0105, o kartu ir pardavimus. Tod\u0117l \u0161is skyrius skirtas prekybininkui, kuris negali pasi\u016blyti nemokamo gr\u0105\u017einimo.<\/em><\/p>\n<p>Prek\u0117s gr\u0105\u017einimo i\u0161laidas apmoka pirk\u0117jas, nebent gr\u0105\u017einimo prie\u017eastis yra ta, kad prek\u0117 neatitinka u\u017esakytos (pvz., netinkama ar nekokybi\u0161ka prek\u0117).<\/p>\n<p>Pirk\u0117jas privalo gr\u0105\u017einti prekes per 14 dien\u0173 nuo pra\u0161ymo pateikimo arba pateikti \u012frodymus, kad per min\u0117t\u0105 laikotarp\u012f perdav\u0117 prekes ve\u017e\u0117jui.<\/p>\n<p>Internetin\u0117 parduotuv\u0117, gavusi gr\u0105\u017einamas prekes, nedelsdama, bet ne v\u0117liau kaip per 14 dien\u0173 nuo sutarties atsisakymo gavimo, gr\u0105\u017eins pirk\u0117jui visus pagal sutart\u012f gautus mokes\u010dius.<\/p>\n<p>Internetin\u0117 parduotuv\u0117 gali atsisakyti gr\u0105\u017einti pinigus tol, kol negaus sutarties dalyku esan\u010dios prek\u0117s arba kol pirk\u0117jas nepateiks \u012frodym\u0173, kad gr\u0105\u017eino prek\u0119, atsi\u017evelgiant \u012f tai, kas \u012fvyksta anks\u010diau.<\/p>\n<p>Jeigu pirk\u0117jas ai\u0161kiai pasirinko kit\u0105 pristatymo b\u016bd\u0105 nei pigiausias \u012fprastas Internetin\u0117s parduotuv\u0117s si\u016blomas pristatymo b\u016bdas,Internetin\u0117 parduotuv\u0117 neprivalo gr\u0105\u017einti i\u0161laid\u0173, vir\u0161ijan\u010di\u0173 \u012fprasto pristatymo b\u016bdo kain\u0105.<\/p>\n<p>Internetin\u0117 parduotuv\u0117 turi teis\u0119 atsisakyti sandorio ir pareikalauti gr\u0105\u017einti prekes, jeigu preki\u0173 kaina internetin\u0117je parduotuv\u0117je d\u0117l klaidos yra pa\u017eym\u0117ta \u017eymiai ma\u017eesn\u0117 u\u017e prek\u0117s rinkos kain\u0105.<\/p>\n<p><strong>Teis\u0117 pareik\u0161ti ie\u0161kin\u012f<\/strong><\/p>\n<p>Internetin\u0117 parduotuv\u0117 atsako u\u017e preki\u0173 neatitikim\u0105 sutarties s\u0105lygoms arba tr\u016bkum\u0105, kuris jau egzistavo prek\u0117s perdavimo metu ir atsiranda per dvejus metus nuo perdavimo. Per pirmuosius \u0161e\u0161is m\u0117nesius nuo pristatymo laikoma, kad tr\u016bkumas jau buvo pristatymo metu. Atitinkamos prielaidos paneigimas yra internetin\u0117s parduotuv\u0117s atsakomyb\u0117.<\/p>\n<p>Atsiradus defektui, pirk\u0117jas turi teis\u0119 ne v\u0117liau kaip per du m\u0117nesius susisiekti su elektronine parduotuve elektroniniu pa\u0161tu info@rentbull.ee arba telefonu <a href=\"tel:57712345\">+372 577 12345<\/a> <\/p>\n<p>Internetin\u0117 parduotuv\u0117 neatsako u\u017e tr\u016bkumus, atsiradusius po preki\u0173 perdavimo pirk\u0117jui.<\/p>\n<p>Jeigu Internetin\u0117je parduotuv\u0117je \u012fsigytos prek\u0117s turi tr\u016bkum\u0173, u\u017e kuriuos atsakinga Internetin\u0117 parduotuv\u0117, Internetin\u0117 parduotuv\u0117 nekokybi\u0161kas prekes pataisys arba pakeis. Jei n\u0117ra galimyb\u0117s pataisyti ar pakeisti preki\u0173, internetin\u0117 parduotuv\u0117 gr\u0105\u017eins visus su pirkimo-pardavimo sutartimi susijusius mokes\u010dius.<\/p>\n<p>Internetin\u0117 parduotuv\u0117 \u012f vartotojo skund\u0105 atsako per 15 dien\u0173 ra\u0161tu arba tokia forma, kuri leid\u017eia atgaminti ra\u0161tu.<\/p>\n<p><strong>Tiesiogin\u0117 rinkodara ir asmens duomen\u0173 tvarkymas<\/strong><\/p>\n<p>Pirk\u0117jo \u012fvestus asmens duomenis internetin\u0117 parduotuv\u0117 naudoja tik u\u017esakymo apdorojimui ir preki\u0173 i\u0161siuntimui. Internetin\u0117 parduotuv\u0117 perduoda asmens duomenis transporto paslaugas teikian\u010diai \u012fmonei, kad b\u016bt\u0173 galima pristatyti prekes.<\/p>\n<p>Internetin\u0117 parduotuv\u0117 pirk\u0117jui siun\u010dia naujienlai\u0161kius ir pasi\u016blymus tik tuo atveju, jei pirk\u0117jas i\u0161rei\u0161k\u0117 savo pageidavim\u0105, \u012fvesdamas elektroninio pa\u0161to adres\u0105 svetain\u0117je ir nurod\u0117 nor\u0105 gauti tiesioginius prane\u0161imus pa\u0161tu.<\/p>\n<p>Pirk\u0117jas gali bet kada at\u0161aukti el. pa\u0161tu siun\u010diamus pasi\u016blymus ir naujienlai\u0161kius, apie tai prane\u0161\u0119s el. pa\u0161tu arba vadovaudamasis el. lai\u0161ke su pasi\u016blymais pateiktais nurodymais.<\/p>\n<p><strong>Gin\u010d\u0173 sprendimas<\/strong><\/p>\n<p>Jei pirk\u0117jas turi nusiskundim\u0173 d\u0117l Internetin\u0117s parduotuv\u0117s, juos galima si\u0173sti adresu info@rentbull.ee arba skambinti <a href=\"tel:57712345\">+372 577 12345<\/a> <\/p>\n<p>Jei pirk\u0117jas ir Internetin\u0117 parduotuv\u0117 negali i\u0161spr\u0119sti gin\u010do susitarimu, pirk\u0117jas gali kreiptis \u012f Vartotoj\u0173 gin\u010d\u0173 komisij\u0105. Susipa\u017einti su proced\u016brin\u0117mis s\u0105lygomis ir pateikti parai\u0161k\u0105 galite <a href=\"https:\/\/komisjon.ee\/et\/avalduse-esitamine\" target=\"_blank\" rel=\"noopener noreferrer\">\u010dia<\/a> Vartotoj\u0173 gin\u010d\u0173 komisijos kompetencija \u2013 spr\u0119sti gin\u010dus, kylan\u010dius i\u0161 tarp pirk\u0117jo ir internetin\u0117s parduotuv\u0117s sudarytos sutarties. Skundo nagrin\u0117jimas komisijoje yra nemokamas.<\/p>\n<p>Pirk\u0117jas gali kreiptis \u012f Europos S\u0105jungos vartotoj\u0173 gin\u010dus sprend\u017eian\u010di\u0105 <a href=\"https:\/\/ec.europa.eu\/consumers\/odr\/main\/index.cfm?event=main.home2.show&amp;lng=ET\" target=\"_blank\" rel=\"noopener noreferrer\">platform\u0105.<\/a><\/p>\n\t\t\t\t\t\t\t\t<\/div>\n\t\t\t\t<\/div>\n\t\t\t\t\t<\/div>\n\t\t<\/div>\n\t\t\t\t\t<\/div>\n\t\t<\/section>\n\t\t\t\t<\/div>\n\t\t","protected":false},"excerpt":{"rendered":"<p>pardavimo s\u0105lygos Internetin\u0117s parduotuv\u0117s rentbull.ee (toliau Internetin\u0117 parduotuv\u0117) savininkas yra \u201eRentbull O\u00dc\u201c (registracijos kodas 16356058), \u012fsik\u016brusi Vae tn 22 Laagri alevik, Saue parish Harju county 76401. Pirkimo-pardavimo sutarties galiojimas, informacija apie prek\u0119 ir kain\u0105 Perkant i\u0161 Internetin\u0117s parduotuv\u0117s taikomos galiojan\u010dios pardavimo s\u0105lygos. Internetin\u0117je parduotuv\u0117je parduodam\u0173 preki\u0173 kainos nurodytos prie preki\u0173. U\u017e preki\u0173 pristatym\u0105 prie prek\u0117s [&hellip;]<\/p>\n","protected":false},"author":2,"featured_media":0,"parent":0,"menu_order":0,"comment_status":"closed","ping_status":"closed","template":"","meta":{"site-sidebar-layout":"no-sidebar","site-content-layout":"page-builder","ast-site-content-layout":"default","site-content-style":"default","site-sidebar-style":"default","ast-global-header-display":"","ast-banner-title-visibility":"","ast-main-header-display":"","ast-hfb-above-header-display":"","ast-hfb-below-header-display":"","ast-hfb-mobile-header-display":"","site-post-title":"disabled","ast-breadcrumbs-content":"","ast-featured-img":"disabled","footer-sml-layout":"","ast-disable-related-posts":"","theme-transparent-header-meta":"","adv-header-id-meta":"","stick-header-meta":"","header-above-stick-meta":"","header-main-stick-meta":"","header-below-stick-meta":"","astra-migrate-meta-layouts":"default","ast-page-background-enabled":"default","ast-page-background-meta":{"desktop":{"background-color":"var(--ast-global-color-4)","background-image":"","background-repeat":"repeat","background-position":"center center","background-size":"auto","background-attachment":"scroll","background-type":"","background-media":"","overlay-type":"","overlay-color":"","overlay-opacity":"","overlay-gradient":""},"tablet":{"background-color":"","background-image":"","background-repeat":"repeat","background-position":"center center","background-size":"auto","background-attachment":"scroll","background-type":"","background-media":"","overlay-type":"","overlay-color":"","overlay-opacity":"","overlay-gradient":""},"mobile":{"background-color":"","background-image":"","background-repeat":"repeat","background-position":"center center","background-size":"auto","background-attachment":"scroll","background-type":"","background-media":"","overlay-type":"","overlay-color":"","overlay-opacity":"","overlay-gradient":""}},"ast-content-background-meta":{"desktop":{"background-color":"var(--ast-global-color-5)","background-image":"","background-repeat":"repeat","background-position":"center center","background-size":"auto","background-attachment":"scroll","background-type":"","background-media":"","overlay-type":"","overlay-color":"","overlay-opacity":"","overlay-gradient":""},"tablet":{"background-color":"var(--ast-global-color-5)","background-image":"","background-repeat":"repeat","background-position":"center center","background-size":"auto","background-attachment":"scroll","background-type":"","background-media":"","overlay-type":"","overlay-color":"","overlay-opacity":"","overlay-gradient":""},"mobile":{"background-color":"var(--ast-global-color-5)","background-image":"","background-repeat":"repeat","background-position":"center center","background-size":"auto","background-attachment":"scroll","background-type":"","background-media":"","overlay-type":"","overlay-color":"","overlay-opacity":"","overlay-gradient":""}},"footnotes":""},"class_list":["post-3450","page","type-page","status-publish","hentry"],"_links":{"self":[{"href":"https:\/\/rentbull.ee\/lt\/wp-json\/wp\/v2\/pages\/3450","targetHints":{"allow":["GET"]}}],"collection":[{"href":"https:\/\/rentbull.ee\/lt\/wp-json\/wp\/v2\/pages"}],"about":[{"href":"https:\/\/rentbull.ee\/lt\/wp-json\/wp\/v2\/types\/page"}],"author":[{"embeddable":true,"href":"https:\/\/rentbull.ee\/lt\/wp-json\/wp\/v2\/users\/2"}],"replies":[{"embeddable":true,"href":"https:\/\/rentbull.ee\/lt\/wp-json\/wp\/v2\/comments?post=3450"}],"version-history":[{"count":3,"href":"https:\/\/rentbull.ee\/lt\/wp-json\/wp\/v2\/pages\/3450\/revisions"}],"predecessor-version":[{"id":3453,"href":"https:\/\/rentbull.ee\/lt\/wp-json\/wp\/v2\/pages\/3450\/revisions\/3453"}],"wp:attachment":[{"href":"https:\/\/rentbull.ee\/lt\/wp-json\/wp\/v2\/media?parent=3450"}],"curies":[{"name":"wp","href":"https:\/\/api.w.org\/{rel}","templated":true}]}}