{"id":3489,"date":"2022-01-12T17:14:25","date_gmt":"2022-01-12T15:14:25","guid":{"rendered":"https:\/\/rentbull.ee\/privatumo-politika\/"},"modified":"2023-05-17T14:56:46","modified_gmt":"2023-05-17T11:56:46","slug":"privatumo-politika","status":"publish","type":"page","link":"https:\/\/rentbull.ee\/lt\/privatumo-politika\/","title":{"rendered":"Privatumo politika"},"content":{"rendered":"\t\t<div data-elementor-type=\"wp-page\" data-elementor-id=\"3489\" class=\"elementor elementor-3489 elementor-130\" data-elementor-post-type=\"page\">\n\t\t\t\t\t\t<section class=\"elementor-section elementor-top-section elementor-element elementor-element-a131c0e elementor-section-boxed elementor-section-height-default elementor-section-height-default\" data-id=\"a131c0e\" data-element_type=\"section\" data-e-type=\"section\">\n\t\t\t\t\t\t<div class=\"elementor-container elementor-column-gap-default\">\n\t\t\t\t\t<div class=\"elementor-column elementor-col-100 elementor-top-column elementor-element elementor-element-5416001\" data-id=\"5416001\" data-element_type=\"column\" data-e-type=\"column\">\n\t\t\t<div class=\"elementor-widget-wrap elementor-element-populated\">\n\t\t\t\t\t\t<div class=\"elementor-element elementor-element-f03c140 elementor-widget elementor-widget-heading\" data-id=\"f03c140\" data-element_type=\"widget\" data-e-type=\"widget\" data-widget_type=\"heading.default\">\n\t\t\t\t<div class=\"elementor-widget-container\">\n\t\t\t\t\t<h2 class=\"elementor-heading-title elementor-size-default\">Privatumo politika<\/h2>\t\t\t\t<\/div>\n\t\t\t\t<\/div>\n\t\t\t\t<div class=\"elementor-element elementor-element-df1308b elementor-widget elementor-widget-text-editor\" data-id=\"df1308b\" data-element_type=\"widget\" data-e-type=\"widget\" data-widget_type=\"text-editor.default\">\n\t\t\t\t<div class=\"elementor-widget-container\">\n\t\t\t\t\t\t\t\t\t<ol>\n<li><b> Bendrosios nuostatos<\/b><\/li>\n<\/ol>\n<p><span style=\"font-weight: 400;\">1.1. Dabartin\u0117 privatumo politika reglamentuoja asmens duomen\u0173 rinkim\u0105, tvarkym\u0105 ir saugojim\u0105. Asmens duomenis renka, apdoroja ir saugo duomen\u0173 tvarkytojas <\/span><b>\u201eRentBull<\/b> <span style=\"font-weight: 400;\">O\u00dc\u201c.<\/span><\/p>\n<p><span style=\"font-weight: 400;\">1.2. Privatumo politikos prasme duomen\u0173 subjektas yra klientas ar kitas fizinis asmuo, kurio asmens duomenis tvarko duomen\u0173 tvarkytojas.<\/span><\/p>\n<p><span style=\"font-weight: 400;\">1.3. Privatumo politikos prasme klientas yra bet kuris asmuo, kuris perka prekes ar paslaugas i\u0161 duomen\u0173 tvarkytoj\u0173 svetain\u0117s.<\/span><\/p>\n<p><span style=\"font-weight: 400;\">1.4. Duomen\u0173 tvarkytojas laikosi teis\u0117s aktuose numatyt\u0173 duomen\u0173 tvarkymo princip\u0173, be kita ko, tvarko asmens duomenis teis\u0117tai, s\u0105\u017einingai ir saugiai. Duomen\u0173 tvarkytojas gali patvirtinti, kad asmens duomenys buvo tvarkomi pagal teis\u0117s akt\u0173 nuostatas.<\/span><\/p>\n<ol start=\"2\">\n<li><b> Asmens duomen\u0173 rinkimas, tvarkymas ir saugojimas<\/b><\/li>\n<\/ol>\n<p><span style=\"font-weight: 400;\">2.1. Asmens duomenys, kurie yra renkami, tvarkomi ir saugomi, renkami elektroniniu b\u016bdu, daugiausia per duomen\u0173 tvarkytoj\u0173 svetain\u0119 ir el. pa\u0161t\u0105.<\/span><b> <\/b><\/p>\n<p><span style=\"font-weight: 400;\">2.2. Dalydamasis savo asmens duomenimis, subjektas suteikia tvarkytojui teis\u0119 rinkti, tvarkyti, naudoti ir tvarkyti asmens duomenis privatumo politikoje nurodytais tikslais, kuriais dalijamasi perkant prekes ar paslaugas svetain\u0117je.<\/span><\/p>\n<p><span style=\"font-weight: 400;\">2.3. Duomen\u0173 subjektas yra atsakingas u\u017e tiksli\u0173, teising\u0173 ir i\u0161sami\u0173 duomen\u0173 pateikim\u0105. S\u0105moningas melagingos informacijos pateikimas laikomas Privatumo politikos pa\u017eeidimu. Subjektas privalo nedelsdamas informuoti duomen\u0173 tvarkytoj\u0105 apie pateikt\u0173 duomen\u0173 pasikeitimus.<\/span><\/p>\n<p><span style=\"font-weight: 400;\">2.4. Tvarkytojas neprisiima atsakomyb\u0117s u\u017e \u017eal\u0105 subjektui ar tre\u010diosioms \u0161alims, padaryt\u0105 d\u0117l subjekto pateiktos melagingos informacijos.<\/span><\/p>\n<ol start=\"3\">\n<li><b> Klient\u0173 asmens duomen\u0173 tvarkymas<\/b><\/li>\n<\/ol>\n<p><span style=\"font-weight: 400;\">3.1. Duomen\u0173 tvarkytojas turi teis\u0119 tvarkyti \u0161iuos subjekto asmens duomenis:<\/span><\/p>\n<p><span style=\"font-weight: 400;\">3.1.1. Vardas ir pavard\u0117<\/span><\/p>\n<p><span style=\"font-weight: 400;\">3.1.2. Gimimo data<\/span><\/p>\n<p><span style=\"font-weight: 400;\">3.1.3. Telefono numeris<\/span><\/p>\n<p><span style=\"font-weight: 400;\">3.1.4. El. pa\u0161to adresas<\/span><\/p>\n<p><span style=\"font-weight: 400;\">3.1.5. Pristatymo adresas<\/span><\/p>\n<p><span style=\"font-weight: 400;\">3.1.6. Banko s\u0105skaitos numeris<\/span><\/p>\n<p><span style=\"font-weight: 400;\">3.1.7. Mok\u0117jimo kortel\u0117s duomenys<\/span><\/p>\n<p><span style=\"font-weight: 400;\">3.2. Be to, kas i\u0161d\u0117styta pirmiau, duomen\u0173 tvarkytojas turi teis\u0119 rinkti duomenis apie klient\u0105, kurie yra prieinami vie\u0161uose registruose.<\/span><\/p>\n<p><span style=\"font-weight: 400;\">3.3. Asmens duomen\u0173 tvarkymo teisinis pagrindas yra bendrasis asmens duomen\u0173 apsaugos reglamentas, pateiktas 6 skirsnio 1 dalies a, b, c ir f punktuose. a), b), c) ja f):<\/span><\/p>\n<ol>\n<li><span style=\"font-weight: 400;\">a) Subjektas dav\u0117 sutikim\u0105, kad jo asmens duomenys b\u016bt\u0173 tvarkomi vienu ar keliais konkre\u010di\u0173 tiksl\u0173.<\/span><\/li>\n<li><span style=\"font-weight: 400;\">b) Asmens duomenis tvarkyti b\u016btina siekiant \u012fvykdyti sutart\u012f arba imtis priemoni\u0173 prie\u0161 sudarant sutart\u012f, kai to reikalauja duomen\u0173 subjektas.<\/span><\/li>\n<li><span style=\"font-weight: 400;\">c) Asmens duomen\u0173 tvarkymas yra b\u016btinas, kad duomen\u0173 valdytojas \u012fvykdyt\u0173 teisinius \u012fsipareigojimus<\/span><\/li>\n<li><span style=\"font-weight: 400;\">f) Asmens duomenis tvarkyti b\u016btina esant teis\u0117tam duomen\u0173 valdytojo ar tre\u010diosios \u0161alies interesui, nebent toks interesas nusveria duomen\u0173 subjekto interesus arba pagrindines teises ir laisves, d\u0117l kuri\u0173 turi b\u016bti saugomi asmens duomenys, ypa\u010d jei subjektas yra vaikas.<\/span><\/li>\n<\/ol>\n<p><span style=\"font-weight: 400;\">3.4. Asmens duomen\u0173 tvarkymas nesilaikant duomen\u0173 tvarkymo tikslo:<\/span><\/p>\n<p><span style=\"font-weight: 400;\">3.4.1. Apdorojimo tikslas \u2013 u\u017esakymo apdorojimas<\/span><\/p>\n<p><span style=\"font-weight: 400;\">Maksimalus duomen\u0173 saugojimo terminas<\/span> \u2013 <span style=\"font-weight: 400;\">\u012fstatym\u0173 nustatytais terminais<\/span><\/p>\n<p><span style=\"font-weight: 400;\">3.4.2. Tvarkymo tikslas \u2013 elektronin\u0117s parduotuv\u0117s paslaug\u0173 funkcionavimo u\u017etikrinimas<\/span><\/p>\n<p><span style=\"font-weight: 400;\">Maksimalus asmens duomen\u0173 saugojimo laikotarpis \u2013 pagal \u012fstatyme nurodytus terminus<\/span><\/p>\n<p><span style=\"font-weight: 400;\">3.4.3. Tvarkymo paskirtis \u2013 klient\u0173 valdymas<\/span><\/p>\n<p><span style=\"font-weight: 400;\">Maksimalus asmens duomen\u0173 saugojimo laikotarpis \u2013 pagal \u012fstatyme nurodytus terminus<\/span><\/p>\n<p><span style=\"font-weight: 400;\">3.4.4. Tvarkymo tikslas \u2013 finansin\u0117 veikla, buhalterin\u0117 apskaita<\/span><\/p>\n<p><span style=\"font-weight: 400;\">Maksimalus asmens duomen\u0173 saugojimo laikotarpis \u2013 pagal \u012fstatyme nurodytus terminus<\/span><\/p>\n<p><span style=\"font-weight: 400;\">3.4.5. Apdorojimo tikslas \u2013 rinkodara<\/span><\/p>\n<p><span style=\"font-weight: 400;\">Maksimalus asmens duomen\u0173 saugojimo laikotarpis \u2013 pagal \u012fstatyme nurodytus terminus<\/span><\/p>\n<p><span style=\"font-weight: 400;\">3.5. Duomen\u0173 tvarkytojas turi teis\u0119 dalytis Kliento asmens duomenimis su tre\u010diosiomis \u0161alimis, tokiomis kaip \u012fgalioti duomen\u0173 tvarkytojai, buhalteriai, transporto ir kurjeri\u0173 \u012fmon\u0117s, taip pat perve\u017eimo paslaugas teikian\u010dios \u012fmon\u0117s. Tvarkytojas yra atsakingas asmens duomen\u0173 tvarkytojas. Duomenys perduodami \u012fgaliotajam duomen\u0173 tvarkytojui \u201eMaksekeskus AS\u201c<\/span><\/p>\n<p><span style=\"font-weight: 400;\">3.6. Tvarkydamas ir saugodamas asmens duomenis, duomen\u0173 tvarkytojas \u012fgyvendina organizacines ir technines priemones, u\u017etikrinan\u010dias asmens duomen\u0173 apsaug\u0105 nuo atsitiktinio ar neteis\u0117to sunaikinimo, pakeitimo, atskleidimo ir bet kokio kito neteis\u0117to tvarkymo.<\/span><\/p>\n<p><span style=\"font-weight: 400;\">3.7. Procesorius saugo subjekto duomenis, atsi\u017evelgiant \u012f apdorojimo tiksl\u0105, ta\u010diau ne ilgiau kaip 7 metus.<\/span><\/p>\n<ol start=\"4\">\n<li><b> Duomen\u0173 subjekto teis\u0117s<\/b><\/li>\n<\/ol>\n<p><span style=\"font-weight: 400;\">4.1. Subjektas turi teis\u0119 susipa\u017einti su savo asmeniniais duomenimis ir juos per\u017ei\u016br\u0117ti.<\/span><\/p>\n<p><span style=\"font-weight: 400;\">4.2. Duomen\u0173 subjektas turi teis\u0119 gauti informacij\u0105 apie savo asmens duomen\u0173 tvarkym\u0105.<\/span><\/p>\n<p><span style=\"font-weight: 400;\">4.3. Duomen\u0173 subjektas turi teis\u0119 papildyti arba i\u0161taisyti netikslius duomenis.<\/span><\/p>\n<p><span style=\"font-weight: 400;\">4.4. Jei duomen\u0173 tvarkytojas tvarko subjekto asmens duomenis remdamasis subjekto sutikimu, subjektas turi teis\u0119 bet kada at\u0161aukti sutikim\u0105.<\/span><\/p>\n<p><span style=\"font-weight: 400;\">4.5. Duomen\u0173 subjektas, nor\u0117damas \u012fgyvendinti teises, gali kreiptis \u012f elektronin\u0117s parduotuv\u0117s klient\u0173 aptarnavimo skyri\u0173 <\/span><b>www.rentbull.ee<\/b><\/p>\n<p><span style=\"font-weight: 400;\">4.6. Duomen\u0173 subjektas, siekdamas apginti savo teises, gali pateikti skund\u0105 Duomen\u0173 apsaugos inspekcijai.<\/span><\/p>\n<ol start=\"5\">\n<li><b> Baigiamosios nuostatos<\/b><\/li>\n<\/ol>\n<p><span style=\"font-weight: 400;\">5.1. \u0160ios duomen\u0173 apsaugos s\u0105lygos parengtos vadovaujantis Europos Parlamento ir Tarybos reglamentu (ES) Nr.2016\/679 d\u0117l fizini\u0173 asmen\u0173 apsaugos tvarkant asmens duomenis ir laisvo toki\u0173 duomen\u0173 jud\u0117jimo Direktyvos 95\/46 \/ EB \/ EB (Bendrasis asmens duomen\u0173 apsaugos reglamentas), Estijos Respublikos asmens duomen\u0173 apsaugos teis\u0117s ir Estijos Respublikos bei Europos S\u0105jungos teis\u0117s akt\u0173 panaikinimas.<\/span><\/p>\n<p><span style=\"font-weight: 400;\">5.2. Duomen\u0173 tvarkytojas turi teis\u0119 i\u0161 dalies arba visi\u0161kai pakeisti duomen\u0173 apsaugos s\u0105lygas, apie pakeitimus prane\u0161damas duomen\u0173 subjektams per interneto <\/span><b>www.rentbull.ee<\/b> <span style=\"font-weight: 400;\">svetain\u0119<\/span><\/p>\n\t\t\t\t\t\t\t\t<\/div>\n\t\t\t\t<\/div>\n\t\t\t\t\t<\/div>\n\t\t<\/div>\n\t\t\t\t\t<\/div>\n\t\t<\/section>\n\t\t\t\t<\/div>\n\t\t","protected":false},"excerpt":{"rendered":"<p>Privatumo politika Bendrosios nuostatos 1.1. Dabartin\u0117 privatumo politika reglamentuoja asmens duomen\u0173 rinkim\u0105, tvarkym\u0105 ir saugojim\u0105. Asmens duomenis renka, apdoroja ir saugo duomen\u0173 tvarkytojas \u201eRentBull O\u00dc\u201c. 1.2. Privatumo politikos prasme duomen\u0173 subjektas yra klientas ar kitas fizinis asmuo, kurio asmens duomenis tvarko duomen\u0173 tvarkytojas. 1.3. Privatumo politikos prasme klientas yra bet kuris asmuo, kuris perka prekes [&hellip;]<\/p>\n","protected":false},"author":2,"featured_media":0,"parent":0,"menu_order":0,"comment_status":"closed","ping_status":"closed","template":"","meta":{"site-sidebar-layout":"no-sidebar","site-content-layout":"page-builder","ast-site-content-layout":"default","site-content-style":"default","site-sidebar-style":"default","ast-global-header-display":"","ast-banner-title-visibility":"","ast-main-header-display":"","ast-hfb-above-header-display":"","ast-hfb-below-header-display":"","ast-hfb-mobile-header-display":"","site-post-title":"disabled","ast-breadcrumbs-content":"","ast-featured-img":"disabled","footer-sml-layout":"","ast-disable-related-posts":"","theme-transparent-header-meta":"","adv-header-id-meta":"","stick-header-meta":"","header-above-stick-meta":"","header-main-stick-meta":"","header-below-stick-meta":"","astra-migrate-meta-layouts":"default","ast-page-background-enabled":"default","ast-page-background-meta":{"desktop":{"background-color":"var(--ast-global-color-4)","background-image":"","background-repeat":"repeat","background-position":"center center","background-size":"auto","background-attachment":"scroll","background-type":"","background-media":"","overlay-type":"","overlay-color":"","overlay-opacity":"","overlay-gradient":""},"tablet":{"background-color":"","background-image":"","background-repeat":"repeat","background-position":"center center","background-size":"auto","background-attachment":"scroll","background-type":"","background-media":"","overlay-type":"","overlay-color":"","overlay-opacity":"","overlay-gradient":""},"mobile":{"background-color":"","background-image":"","background-repeat":"repeat","background-position":"center center","background-size":"auto","background-attachment":"scroll","background-type":"","background-media":"","overlay-type":"","overlay-color":"","overlay-opacity":"","overlay-gradient":""}},"ast-content-background-meta":{"desktop":{"background-color":"var(--ast-global-color-5)","background-image":"","background-repeat":"repeat","background-position":"center center","background-size":"auto","background-attachment":"scroll","background-type":"","background-media":"","overlay-type":"","overlay-color":"","overlay-opacity":"","overlay-gradient":""},"tablet":{"background-color":"var(--ast-global-color-5)","background-image":"","background-repeat":"repeat","background-position":"center center","background-size":"auto","background-attachment":"scroll","background-type":"","background-media":"","overlay-type":"","overlay-color":"","overlay-opacity":"","overlay-gradient":""},"mobile":{"background-color":"var(--ast-global-color-5)","background-image":"","background-repeat":"repeat","background-position":"center center","background-size":"auto","background-attachment":"scroll","background-type":"","background-media":"","overlay-type":"","overlay-color":"","overlay-opacity":"","overlay-gradient":""}},"footnotes":""},"class_list":["post-3489","page","type-page","status-publish","hentry"],"_links":{"self":[{"href":"https:\/\/rentbull.ee\/lt\/wp-json\/wp\/v2\/pages\/3489","targetHints":{"allow":["GET"]}}],"collection":[{"href":"https:\/\/rentbull.ee\/lt\/wp-json\/wp\/v2\/pages"}],"about":[{"href":"https:\/\/rentbull.ee\/lt\/wp-json\/wp\/v2\/types\/page"}],"author":[{"embeddable":true,"href":"https:\/\/rentbull.ee\/lt\/wp-json\/wp\/v2\/users\/2"}],"replies":[{"embeddable":true,"href":"https:\/\/rentbull.ee\/lt\/wp-json\/wp\/v2\/comments?post=3489"}],"version-history":[{"count":3,"href":"https:\/\/rentbull.ee\/lt\/wp-json\/wp\/v2\/pages\/3489\/revisions"}],"predecessor-version":[{"id":3492,"href":"https:\/\/rentbull.ee\/lt\/wp-json\/wp\/v2\/pages\/3489\/revisions\/3492"}],"wp:attachment":[{"href":"https:\/\/rentbull.ee\/lt\/wp-json\/wp\/v2\/media?parent=3489"}],"curies":[{"name":"wp","href":"https:\/\/api.w.org\/{rel}","templated":true}]}}