{"id":3509,"date":"2022-03-09T12:49:50","date_gmt":"2022-03-09T10:49:50","guid":{"rendered":"https:\/\/rentbull.ee\/mokejimas-issimoketinai\/"},"modified":"2023-05-18T15:54:49","modified_gmt":"2023-05-18T12:54:49","slug":"mokejimas-issimoketinai","status":"publish","type":"page","link":"https:\/\/rentbull.ee\/lt\/mokejimas-issimoketinai\/","title":{"rendered":"Mok\u0117jimas i\u0161simok\u0117tinai"},"content":{"rendered":"\t\t<div data-elementor-type=\"wp-page\" data-elementor-id=\"3509\" class=\"elementor elementor-3509 elementor-927\" data-elementor-post-type=\"page\">\n\t\t\t\t\t\t<section class=\"elementor-section elementor-top-section elementor-element elementor-element-625ff50 elementor-section-boxed elementor-section-height-default elementor-section-height-default\" data-id=\"625ff50\" data-element_type=\"section\" data-e-type=\"section\" data-settings=\"{&quot;background_background&quot;:&quot;classic&quot;}\">\n\t\t\t\t\t\t<div class=\"elementor-container elementor-column-gap-default\">\n\t\t\t\t\t<div class=\"elementor-column elementor-col-100 elementor-top-column elementor-element elementor-element-21fda81\" data-id=\"21fda81\" data-element_type=\"column\" data-e-type=\"column\">\n\t\t\t<div class=\"elementor-widget-wrap elementor-element-populated\">\n\t\t\t\t\t\t<div class=\"elementor-element elementor-element-f3c4f23 elementor-widget elementor-widget-heading\" data-id=\"f3c4f23\" data-element_type=\"widget\" data-e-type=\"widget\" data-widget_type=\"heading.default\">\n\t\t\t\t<div class=\"elementor-widget-container\">\n\t\t\t\t\t<h2 class=\"elementor-heading-title elementor-size-default\">Mok\u0117jimas i\u0161simok\u0117tinai<\/h2>\t\t\t\t<\/div>\n\t\t\t\t<\/div>\n\t\t\t\t\t<\/div>\n\t\t<\/div>\n\t\t\t\t\t<\/div>\n\t\t<\/section>\n\t\t\t\t<section class=\"elementor-section elementor-top-section elementor-element elementor-element-10ca9fb elementor-section-boxed elementor-section-height-default elementor-section-height-default\" data-id=\"10ca9fb\" data-element_type=\"section\" data-e-type=\"section\">\n\t\t\t\t\t\t<div class=\"elementor-container elementor-column-gap-default\">\n\t\t\t\t\t<div class=\"elementor-column elementor-col-33 elementor-top-column elementor-element elementor-element-f1a3a3e\" data-id=\"f1a3a3e\" data-element_type=\"column\" data-e-type=\"column\">\n\t\t\t<div class=\"elementor-widget-wrap\">\n\t\t\t\t\t\t\t<\/div>\n\t\t<\/div>\n\t\t\t\t<div class=\"elementor-column elementor-col-33 elementor-top-column elementor-element elementor-element-222721e\" data-id=\"222721e\" data-element_type=\"column\" data-e-type=\"column\">\n\t\t\t<div class=\"elementor-widget-wrap elementor-element-populated\">\n\t\t\t\t\t\t<div class=\"elementor-element elementor-element-e4ca3e9 elementor-widget elementor-widget-text-editor\" data-id=\"e4ca3e9\" data-element_type=\"widget\" data-e-type=\"widget\" data-widget_type=\"text-editor.default\">\n\t\t\t\t<div class=\"elementor-widget-container\">\n\t\t\t\t\t\t\t\t\t<p>Apmok\u0117dami u\u017e pirkin\u012f <strong>i\u0161simok\u0117tinai naudokite ESTO<\/strong> \u2013 pati prieinamiausia, patogiausia ir grei\u010diausia mok\u0117jimo i\u0161simok\u0117tinai nuoroda Estijoje! Jei mokate i\u0161simok\u0117tinai, kreipkit\u0117s \u012f ESTO arba \u201eRentbull\u201c ir jums bus persi\u0173sta mok\u0117jimo i\u0161simok\u0117tinai nuoroda. Mok\u0117dami i\u0161sirinkite sau tinkant\u012f laikotarp\u012f, m\u0117nesio \u012fmokos dyd\u012f ir pasira\u0161ykite patogiu skaitmeniniu b\u016bdu, naudodami I<strong>D kortel\u0119, Smart-ID ar Mobil\u0173 ID<\/strong>.<\/p>\n<p>I\u0161simok\u0117jimas su ESTO \u2013 tai itin greitas ir patogus atsiskaitymo sprendimas, padedantis parengti mok\u0117jimo grafik\u0105 pagal pasirinkt\u0105 laikotarp\u012f. \u0160is mok\u0117jimo sprendimas priima sprendim\u0105 realiuoju laiku ir leid\u017eia apsipirkti per ma\u017eiau nei 60 sekund\u017ei\u0173.<\/p>\n<p><strong>D\u0116MESIO!<\/strong> Kiekviena \u012fmoka yra finansinis \u012fsipareigojimas. Prie\u0161 sudarydami i\u0161simok\u0117jimo sutart\u012f, susipa\u017einkite su atitinkamos paslaugos s\u0105lygomis ir, jei reikia, pasikonsultuokite su ekspertu.<\/p>\n<p>ESTO \u012fmok\u0173 teik\u0117jas yra <strong>ESTO AS<\/strong> (reg. kodas 14180709).<\/p>\n<p>Standartin\u0117s ESTO \u012fmok\u0173 \u012fmok\u0173 s\u0105lygos yra \u0161ios:<\/p>\n<p>\u25cf Fiksuotos pal\u016bkanos 11,9 %<\/p>\n<p>\u25cf Sutarties mokestis 0 eur\u0173<\/p>\n<p>\u25cf Laikotarpis iki 5 met\u0173<\/p>\n<p>Visi Estijos Respublikos pilie\u010diai nuo 18 iki 70 met\u0173 gali kreiptis d\u0117l ESTO i\u0161simok\u0117tinai. <strong>I\u0161simok\u0117jimas per ESTO yra greitas ir patogus, \u0161ia paslauga gali naudotis ir juridiniai asmenys.<\/strong><\/p>\n<p>Kiekvienas finansinis sprendimas yra susij\u0119s su rizika ir \u012fsipareigojimais, tod\u0117l pra\u0161ome atid\u017eiai apsvarstyti paskolos produkt\u0173 naudojimo poreik\u012f. Kiekvienas finansinis sprendimas yra susij\u0119s su rizika ir \u012fsipareigojimais, tod\u0117l pra\u0161ome atid\u017eiai apsvarstyti paskolos produkt\u0173 naudojimo poreik\u012f. Mok\u0117jim\u0105 i\u0161simok\u0117tinai si\u016blo ir administruoja ESTO AS.<\/p>\n\t\t\t\t\t\t\t\t<\/div>\n\t\t\t\t<\/div>\n\t\t\t\t\t<\/div>\n\t\t<\/div>\n\t\t\t\t<div class=\"elementor-column elementor-col-33 elementor-top-column elementor-element elementor-element-e65453a\" data-id=\"e65453a\" data-element_type=\"column\" data-e-type=\"column\">\n\t\t\t<div class=\"elementor-widget-wrap\">\n\t\t\t\t\t\t\t<\/div>\n\t\t<\/div>\n\t\t\t\t\t<\/div>\n\t\t<\/section>\n\t\t\t\t<\/div>\n\t\t","protected":false},"excerpt":{"rendered":"<p>Mok\u0117jimas i\u0161simok\u0117tinai Apmok\u0117dami u\u017e pirkin\u012f i\u0161simok\u0117tinai naudokite ESTO \u2013 pati prieinamiausia, patogiausia ir grei\u010diausia mok\u0117jimo i\u0161simok\u0117tinai nuoroda Estijoje! Jei mokate i\u0161simok\u0117tinai, kreipkit\u0117s \u012f ESTO arba \u201eRentbull\u201c ir jums bus persi\u0173sta mok\u0117jimo i\u0161simok\u0117tinai nuoroda. Mok\u0117dami i\u0161sirinkite sau tinkant\u012f laikotarp\u012f, m\u0117nesio \u012fmokos dyd\u012f ir pasira\u0161ykite patogiu skaitmeniniu b\u016bdu, naudodami ID kortel\u0119, Smart-ID ar Mobil\u0173 ID. I\u0161simok\u0117jimas su [&hellip;]<\/p>\n","protected":false},"author":2,"featured_media":0,"parent":0,"menu_order":0,"comment_status":"closed","ping_status":"closed","template":"elementor_header_footer","meta":{"site-sidebar-layout":"no-sidebar","site-content-layout":"page-builder","ast-site-content-layout":"default","site-content-style":"default","site-sidebar-style":"default","ast-global-header-display":"","ast-banner-title-visibility":"","ast-main-header-display":"","ast-hfb-above-header-display":"","ast-hfb-below-header-display":"","ast-hfb-mobile-header-display":"","site-post-title":"disabled","ast-breadcrumbs-content":"","ast-featured-img":"disabled","footer-sml-layout":"","ast-disable-related-posts":"","theme-transparent-header-meta":"","adv-header-id-meta":"","stick-header-meta":"","header-above-stick-meta":"","header-main-stick-meta":"","header-below-stick-meta":"","astra-migrate-meta-layouts":"default","ast-page-background-enabled":"default","ast-page-background-meta":{"desktop":{"background-color":"var(--ast-global-color-4)","background-image":"","background-repeat":"repeat","background-position":"center center","background-size":"auto","background-attachment":"scroll","background-type":"","background-media":"","overlay-type":"","overlay-color":"","overlay-opacity":"","overlay-gradient":""},"tablet":{"background-color":"","background-image":"","background-repeat":"repeat","background-position":"center center","background-size":"auto","background-attachment":"scroll","background-type":"","background-media":"","overlay-type":"","overlay-color":"","overlay-opacity":"","overlay-gradient":""},"mobile":{"background-color":"","background-image":"","background-repeat":"repeat","background-position":"center center","background-size":"auto","background-attachment":"scroll","background-type":"","background-media":"","overlay-type":"","overlay-color":"","overlay-opacity":"","overlay-gradient":""}},"ast-content-background-meta":{"desktop":{"background-color":"var(--ast-global-color-5)","background-image":"","background-repeat":"repeat","background-position":"center center","background-size":"auto","background-attachment":"scroll","background-type":"","background-media":"","overlay-type":"","overlay-color":"","overlay-opacity":"","overlay-gradient":""},"tablet":{"background-color":"var(--ast-global-color-5)","background-image":"","background-repeat":"repeat","background-position":"center center","background-size":"auto","background-attachment":"scroll","background-type":"","background-media":"","overlay-type":"","overlay-color":"","overlay-opacity":"","overlay-gradient":""},"mobile":{"background-color":"var(--ast-global-color-5)","background-image":"","background-repeat":"repeat","background-position":"center center","background-size":"auto","background-attachment":"scroll","background-type":"","background-media":"","overlay-type":"","overlay-color":"","overlay-opacity":"","overlay-gradient":""}},"footnotes":""},"class_list":["post-3509","page","type-page","status-publish","hentry"],"_links":{"self":[{"href":"https:\/\/rentbull.ee\/lt\/wp-json\/wp\/v2\/pages\/3509","targetHints":{"allow":["GET"]}}],"collection":[{"href":"https:\/\/rentbull.ee\/lt\/wp-json\/wp\/v2\/pages"}],"about":[{"href":"https:\/\/rentbull.ee\/lt\/wp-json\/wp\/v2\/types\/page"}],"author":[{"embeddable":true,"href":"https:\/\/rentbull.ee\/lt\/wp-json\/wp\/v2\/users\/2"}],"replies":[{"embeddable":true,"href":"https:\/\/rentbull.ee\/lt\/wp-json\/wp\/v2\/comments?post=3509"}],"version-history":[{"count":3,"href":"https:\/\/rentbull.ee\/lt\/wp-json\/wp\/v2\/pages\/3509\/revisions"}],"predecessor-version":[{"id":3512,"href":"https:\/\/rentbull.ee\/lt\/wp-json\/wp\/v2\/pages\/3509\/revisions\/3512"}],"wp:attachment":[{"href":"https:\/\/rentbull.ee\/lt\/wp-json\/wp\/v2\/media?parent=3509"}],"curies":[{"name":"wp","href":"https:\/\/api.w.org\/{rel}","templated":true}]}}