{"id":3518,"date":"2022-01-18T13:52:17","date_gmt":"2022-01-18T11:52:17","guid":{"rendered":"https:\/\/rentbull.ee\/nuomos-salygos\/"},"modified":"2023-05-18T16:00:10","modified_gmt":"2023-05-18T13:00:10","slug":"nuomos-salygos","status":"publish","type":"page","link":"https:\/\/rentbull.ee\/lt\/nuomos-salygos\/","title":{"rendered":"Nuomos s\u0105lygos"},"content":{"rendered":"\t\t<div data-elementor-type=\"wp-page\" data-elementor-id=\"3518\" class=\"elementor elementor-3518 elementor-199\" data-elementor-post-type=\"page\">\n\t\t\t\t\t\t<section class=\"elementor-section elementor-top-section elementor-element elementor-element-a131c0e elementor-section-boxed elementor-section-height-default elementor-section-height-default\" data-id=\"a131c0e\" data-element_type=\"section\" data-e-type=\"section\">\n\t\t\t\t\t\t<div class=\"elementor-container elementor-column-gap-default\">\n\t\t\t\t\t<div class=\"elementor-column elementor-col-100 elementor-top-column elementor-element elementor-element-5416001\" data-id=\"5416001\" data-element_type=\"column\" data-e-type=\"column\">\n\t\t\t<div class=\"elementor-widget-wrap elementor-element-populated\">\n\t\t\t\t\t\t<div class=\"elementor-element elementor-element-f03c140 elementor-widget elementor-widget-heading\" data-id=\"f03c140\" data-element_type=\"widget\" data-e-type=\"widget\" data-widget_type=\"heading.default\">\n\t\t\t\t<div class=\"elementor-widget-container\">\n\t\t\t\t\t<h2 class=\"elementor-heading-title elementor-size-default\">Nuomos s\u0105lygos<\/h2>\t\t\t\t<\/div>\n\t\t\t\t<\/div>\n\t\t\t\t<div class=\"elementor-element elementor-element-df1308b elementor-widget elementor-widget-text-editor\" data-id=\"df1308b\" data-element_type=\"widget\" data-e-type=\"widget\" data-widget_type=\"text-editor.default\">\n\t\t\t\t<div class=\"elementor-widget-container\">\n\t\t\t\t\t\t\t\t\t<ol>\n<li><span style=\"font-weight: 400;\"> Nuomos laikotarpiu laikomas laikotarpis nuo nuomojamo turto pristatymo iki gr\u0105\u017einimo.<\/span><\/li>\n<li> <span style=\"font-weight: 400;\">I\u0161nuomotas turtas turi b\u016bti gr\u0105\u017eintas tokios pat b\u016bkl\u0117s,<\/span> kokios buvo perduotas nuomininkui. Jei nuomojamas turtas turi tr\u016bkum\u0173 arba neatitinka to, kas buvo sutarta kainoje, nuomininkas privalo nedelsdamas, bet ne v\u0117liau kaip iki renginio prad\u017eios, informuoti nuomotoj\u0105, kam reikalingas nuomojamas turtas. Jei nuomotojas n\u0117ra informuotas apie tr\u016bkumus nustatytu laiku, laikoma, kad tr\u016bkumas atsirado nuomos laikotarpiu pas nuominink\u0105.<\/li>\n<li> <span style=\"font-weight: 400;\">Jeigu tr\u016bkumas atsirado d\u0117l nuomininko kalt\u0117s arba d\u0117l naudojimosi ne pagal paskirt\u012f<\/span>, nuomininkas privalo atlyginti nuomojamo turto remonto ar keitimo i\u0161laidas ir su tuo susijusias i\u0161laidas.<\/li>\n<li><span style=\"font-weight: 400;\">Nuomotojas turi teis\u0119 reikalauti avansinio mok\u0117jimo arba rezervacijos mokes\u010dio<\/span>, kuris patvirtina u\u017esakym\u0105 ir anuliavimo atveju negr\u0105\u017einamas.<\/li>\n<li><span style=\"font-weight: 400;\">S\u0105skaitos fakt\u016bros i\u0161ra\u0161omos kart\u0105 per m\u0117nes\u012f. Nuomininkas \u012fsipareigoja sumok\u0117ti nuomos mokest\u012f ne v\u0117liau kaip per 14 dien\u0173 <\/span>pagal nuomotojo pateikt\u0105 s\u0105skait\u0105 fakt\u016br\u0105.<\/li>\n<li><span style=\"font-weight: 400;\">\u0160i sutartis laikoma sudaryta tarp \u0161ali\u0173 nuomotojams patvirtinus el.<\/span> pa\u0161tu.<\/li>\n<\/ol>\n\t\t\t\t\t\t\t\t<\/div>\n\t\t\t\t<\/div>\n\t\t\t\t\t<\/div>\n\t\t<\/div>\n\t\t\t\t\t<\/div>\n\t\t<\/section>\n\t\t\t\t<\/div>\n\t\t","protected":false},"excerpt":{"rendered":"<p>Nuomos s\u0105lygos Nuomos laikotarpiu laikomas laikotarpis nuo nuomojamo turto pristatymo iki gr\u0105\u017einimo. I\u0161nuomotas turtas turi b\u016bti gr\u0105\u017eintas tokios pat b\u016bkl\u0117s, kokios buvo perduotas nuomininkui. Jei nuomojamas turtas turi tr\u016bkum\u0173 arba neatitinka to, kas buvo sutarta kainoje, nuomininkas privalo nedelsdamas, bet ne v\u0117liau kaip iki renginio prad\u017eios, informuoti nuomotoj\u0105, kam reikalingas nuomojamas turtas. Jei nuomotojas n\u0117ra [&hellip;]<\/p>\n","protected":false},"author":2,"featured_media":0,"parent":0,"menu_order":0,"comment_status":"closed","ping_status":"closed","template":"","meta":{"site-sidebar-layout":"no-sidebar","site-content-layout":"page-builder","ast-site-content-layout":"default","site-content-style":"default","site-sidebar-style":"default","ast-global-header-display":"","ast-banner-title-visibility":"","ast-main-header-display":"","ast-hfb-above-header-display":"","ast-hfb-below-header-display":"","ast-hfb-mobile-header-display":"","site-post-title":"disabled","ast-breadcrumbs-content":"","ast-featured-img":"disabled","footer-sml-layout":"","ast-disable-related-posts":"","theme-transparent-header-meta":"","adv-header-id-meta":"","stick-header-meta":"","header-above-stick-meta":"","header-main-stick-meta":"","header-below-stick-meta":"","astra-migrate-meta-layouts":"default","ast-page-background-enabled":"default","ast-page-background-meta":{"desktop":{"background-color":"var(--ast-global-color-4)","background-image":"","background-repeat":"repeat","background-position":"center center","background-size":"auto","background-attachment":"scroll","background-type":"","background-media":"","overlay-type":"","overlay-color":"","overlay-opacity":"","overlay-gradient":""},"tablet":{"background-color":"","background-image":"","background-repeat":"repeat","background-position":"center center","background-size":"auto","background-attachment":"scroll","background-type":"","background-media":"","overlay-type":"","overlay-color":"","overlay-opacity":"","overlay-gradient":""},"mobile":{"background-color":"","background-image":"","background-repeat":"repeat","background-position":"center center","background-size":"auto","background-attachment":"scroll","background-type":"","background-media":"","overlay-type":"","overlay-color":"","overlay-opacity":"","overlay-gradient":""}},"ast-content-background-meta":{"desktop":{"background-color":"var(--ast-global-color-5)","background-image":"","background-repeat":"repeat","background-position":"center center","background-size":"auto","background-attachment":"scroll","background-type":"","background-media":"","overlay-type":"","overlay-color":"","overlay-opacity":"","overlay-gradient":""},"tablet":{"background-color":"var(--ast-global-color-5)","background-image":"","background-repeat":"repeat","background-position":"center center","background-size":"auto","background-attachment":"scroll","background-type":"","background-media":"","overlay-type":"","overlay-color":"","overlay-opacity":"","overlay-gradient":""},"mobile":{"background-color":"var(--ast-global-color-5)","background-image":"","background-repeat":"repeat","background-position":"center center","background-size":"auto","background-attachment":"scroll","background-type":"","background-media":"","overlay-type":"","overlay-color":"","overlay-opacity":"","overlay-gradient":""}},"footnotes":""},"class_list":["post-3518","page","type-page","status-publish","hentry"],"_links":{"self":[{"href":"https:\/\/rentbull.ee\/lt\/wp-json\/wp\/v2\/pages\/3518","targetHints":{"allow":["GET"]}}],"collection":[{"href":"https:\/\/rentbull.ee\/lt\/wp-json\/wp\/v2\/pages"}],"about":[{"href":"https:\/\/rentbull.ee\/lt\/wp-json\/wp\/v2\/types\/page"}],"author":[{"embeddable":true,"href":"https:\/\/rentbull.ee\/lt\/wp-json\/wp\/v2\/users\/2"}],"replies":[{"embeddable":true,"href":"https:\/\/rentbull.ee\/lt\/wp-json\/wp\/v2\/comments?post=3518"}],"version-history":[{"count":3,"href":"https:\/\/rentbull.ee\/lt\/wp-json\/wp\/v2\/pages\/3518\/revisions"}],"predecessor-version":[{"id":3521,"href":"https:\/\/rentbull.ee\/lt\/wp-json\/wp\/v2\/pages\/3518\/revisions\/3521"}],"wp:attachment":[{"href":"https:\/\/rentbull.ee\/lt\/wp-json\/wp\/v2\/media?parent=3518"}],"curies":[{"name":"wp","href":"https:\/\/api.w.org\/{rel}","templated":true}]}}