{"id":3563,"date":"2022-02-14T09:48:07","date_gmt":"2022-02-14T07:48:07","guid":{"rendered":"https:\/\/rentbull.ee\/toode\/laikinos-tvoros-segmentas-3-5m1-2m\/"},"modified":"2023-05-24T13:25:14","modified_gmt":"2023-05-24T10:25:14","slug":"laikinos-tvoros-segmentas-3-5m1-2m","status":"publish","type":"product","link":"https:\/\/rentbull.ee\/lt\/toode\/laikinos-tvoros-segmentas-3-5m1-2m\/","title":{"rendered":"laikinos tvoros segmentas (3.5m*1.2m)"},"content":{"rendered":"","protected":false},"excerpt":{"rendered":"<p>tvora yra su pasuktomis briaunomis ir apatini\u0173 kamp\u0173 sujungimais<\/p>\n<p>* modulio dydis 3,5 (plotis) x 1,2 (auk\u0161tis), tinklo skersmuo yra 3 mm<\/p>\n<p>* modulio mas\u0117 yra 9,2 kg<\/p>\n<p>Montavimui naudojami pamatiniai padai. pamatinis padas i\u0161 <strong><a href=\"https:\/\/rentbull.ee\/toode\/aluskivi-aiale-betoonist\/\">betono (37 kg)<\/a><\/strong> arba pamatinis padas i\u0161 <strong><a href=\"https:\/\/rentbull.ee\/toode\/aluskivi-aiale-pvc\/\">PVC (17 kg)<\/a><\/strong> ir tvirtinimo laikikliai.<\/p>\n<p><strong><a href=\"https:\/\/rentbull.ee\/hea-teada\/\">Kaip i\u0161sirinkti tinkam\u0105 produkt\u0105 <\/a><\/strong><\/p>\n[stm-calc id=\"523\"]\n","protected":false},"featured_media":2852,"template":"","meta":{"site-sidebar-layout":"default","site-content-layout":"default","ast-site-content-layout":"default","site-content-style":"default","site-sidebar-style":"default","ast-global-header-display":"","ast-banner-title-visibility":"","ast-main-header-display":"","ast-hfb-above-header-display":"","ast-hfb-below-header-display":"","ast-hfb-mobile-header-display":"","site-post-title":"","ast-breadcrumbs-content":"","ast-featured-img":"","footer-sml-layout":"","ast-disable-related-posts":"","theme-transparent-header-meta":"default","adv-header-id-meta":"","stick-header-meta":"default","header-above-stick-meta":"","header-main-stick-meta":"","header-below-stick-meta":"","astra-migrate-meta-layouts":"default","ast-page-background-enabled":"default","ast-page-background-meta":{"desktop":{"background-color":"var(--ast-global-color-4)","background-image":"","background-repeat":"repeat","background-position":"center center","background-size":"auto","background-attachment":"scroll","background-type":"","background-media":"","overlay-type":"","overlay-color":"","overlay-opacity":"","overlay-gradient":""},"tablet":{"background-color":"","background-image":"","background-repeat":"repeat","background-position":"center center","background-size":"auto","background-attachment":"scroll","background-type":"","background-media":"","overlay-type":"","overlay-color":"","overlay-opacity":"","overlay-gradient":""},"mobile":{"background-color":"","background-image":"","background-repeat":"repeat","background-position":"center center","background-size":"auto","background-attachment":"scroll","background-type":"","background-media":"","overlay-type":"","overlay-color":"","overlay-opacity":"","overlay-gradient":""}},"ast-content-background-meta":{"desktop":{"background-color":"var(--ast-global-color-5)","background-image":"","background-repeat":"repeat","background-position":"center center","background-size":"auto","background-attachment":"scroll","background-type":"","background-media":"","overlay-type":"","overlay-color":"","overlay-opacity":"","overlay-gradient":""},"tablet":{"background-color":"var(--ast-global-color-5)","background-image":"","background-repeat":"repeat","background-position":"center center","background-size":"auto","background-attachment":"scroll","background-type":"","background-media":"","overlay-type":"","overlay-color":"","overlay-opacity":"","overlay-gradient":""},"mobile":{"background-color":"var(--ast-global-color-5)","background-image":"","background-repeat":"repeat","background-position":"center center","background-size":"auto","background-attachment":"scroll","background-type":"","background-media":"","overlay-type":"","overlay-color":"","overlay-opacity":"","overlay-gradient":""}}},"product_brand":[],"product_cat":[91,90],"product_tag":[],"class_list":{"0":"post-3563","1":"product","2":"type-product","3":"status-publish","4":"has-post-thumbnail","6":"product_cat-laikinu-tvoru-nuoma","7":"product_cat-nuomojami-produktai","8":"desktop-align-left","9":"tablet-align-left","10":"mobile-align-left","11":"ast-product-gallery-layout-horizontal","12":"ast-product-tabs-layout-vertical","13":"ast-qv-on-image","15":"first","16":"instock","17":"taxable","18":"shipping-taxable","19":"purchasable","20":"product-type-simple"},"_links":{"self":[{"href":"https:\/\/rentbull.ee\/lt\/wp-json\/wp\/v2\/product\/3563","targetHints":{"allow":["GET"]}}],"collection":[{"href":"https:\/\/rentbull.ee\/lt\/wp-json\/wp\/v2\/product"}],"about":[{"href":"https:\/\/rentbull.ee\/lt\/wp-json\/wp\/v2\/types\/product"}],"wp:featuredmedia":[{"embeddable":true,"href":"https:\/\/rentbull.ee\/lt\/wp-json\/wp\/v2\/media\/2852"}],"wp:attachment":[{"href":"https:\/\/rentbull.ee\/lt\/wp-json\/wp\/v2\/media?parent=3563"}],"wp:term":[{"taxonomy":"product_brand","embeddable":true,"href":"https:\/\/rentbull.ee\/lt\/wp-json\/wp\/v2\/product_brand?post=3563"},{"taxonomy":"product_cat","embeddable":true,"href":"https:\/\/rentbull.ee\/lt\/wp-json\/wp\/v2\/product_cat?post=3563"},{"taxonomy":"product_tag","embeddable":true,"href":"https:\/\/rentbull.ee\/lt\/wp-json\/wp\/v2\/product_tag?post=3563"}],"curies":[{"name":"wp","href":"https:\/\/api.w.org\/{rel}","templated":true}]}}