{"id":3567,"date":"2022-02-14T11:03:53","date_gmt":"2022-02-14T09:03:53","guid":{"rendered":"https:\/\/rentbull.ee\/toode\/transportavimo-baze\/"},"modified":"2022-02-14T11:03:53","modified_gmt":"2022-02-14T09:03:53","slug":"transportavimo-baze","status":"publish","type":"product","link":"https:\/\/rentbull.ee\/lt\/toode\/transportavimo-baze\/","title":{"rendered":"Transportavimo baz\u0117"},"content":{"rendered":"","protected":false},"excerpt":{"rendered":"<p>Su transportavimo baze labai <span style=\"font-weight: 400;\">patogu transportuoti aptvar\u0173 segmentus<\/span> <\/p>\n<p><span style=\"font-weight: 400;\">Matmenys: 3615 x 1190 mm <\/span><\/p>\n<p><span style=\"font-weight: 400;\">Talpa: 30 mobili\u0173 segment\u0173, tinka tiek auk\u0161tesni\u0173, tiek \u017eemesni\u0173 segment\u0173 transportavimui. (netinka tvorom su V formos padu transportavimui). <\/span><\/p>\n<p><span style=\"font-weight: 400;\">Svoris: 66,6kg<\/span><\/p>\n","protected":false},"featured_media":2892,"template":"","meta":{"site-sidebar-layout":"default","site-content-layout":"default","ast-site-content-layout":"default","site-content-style":"default","site-sidebar-style":"default","ast-global-header-display":"","ast-banner-title-visibility":"","ast-main-header-display":"","ast-hfb-above-header-display":"","ast-hfb-below-header-display":"","ast-hfb-mobile-header-display":"","site-post-title":"","ast-breadcrumbs-content":"","ast-featured-img":"","footer-sml-layout":"","ast-disable-related-posts":"","theme-transparent-header-meta":"","adv-header-id-meta":"","stick-header-meta":"","header-above-stick-meta":"","header-main-stick-meta":"","header-below-stick-meta":"","astra-migrate-meta-layouts":"default","ast-page-background-enabled":"default","ast-page-background-meta":{"desktop":{"background-color":"var(--ast-global-color-4)","background-image":"","background-repeat":"repeat","background-position":"center center","background-size":"auto","background-attachment":"scroll","background-type":"","background-media":"","overlay-type":"","overlay-color":"","overlay-opacity":"","overlay-gradient":""},"tablet":{"background-color":"","background-image":"","background-repeat":"repeat","background-position":"center center","background-size":"auto","background-attachment":"scroll","background-type":"","background-media":"","overlay-type":"","overlay-color":"","overlay-opacity":"","overlay-gradient":""},"mobile":{"background-color":"","background-image":"","background-repeat":"repeat","background-position":"center center","background-size":"auto","background-attachment":"scroll","background-type":"","background-media":"","overlay-type":"","overlay-color":"","overlay-opacity":"","overlay-gradient":""}},"ast-content-background-meta":{"desktop":{"background-color":"var(--ast-global-color-5)","background-image":"","background-repeat":"repeat","background-position":"center center","background-size":"auto","background-attachment":"scroll","background-type":"","background-media":"","overlay-type":"","overlay-color":"","overlay-opacity":"","overlay-gradient":""},"tablet":{"background-color":"var(--ast-global-color-5)","background-image":"","background-repeat":"repeat","background-position":"center center","background-size":"auto","background-attachment":"scroll","background-type":"","background-media":"","overlay-type":"","overlay-color":"","overlay-opacity":"","overlay-gradient":""},"mobile":{"background-color":"var(--ast-global-color-5)","background-image":"","background-repeat":"repeat","background-position":"center center","background-size":"auto","background-attachment":"scroll","background-type":"","background-media":"","overlay-type":"","overlay-color":"","overlay-opacity":"","overlay-gradient":""}}},"product_brand":[],"product_cat":[90,92],"product_tag":[],"class_list":{"0":"post-3567","1":"product","2":"type-product","3":"status-publish","4":"has-post-thumbnail","6":"product_cat-nuomojami-produktai","7":"product_cat-priedai","8":"desktop-align-left","9":"tablet-align-left","10":"mobile-align-left","11":"ast-product-gallery-layout-horizontal","12":"ast-product-tabs-layout-vertical","13":"ast-qv-on-image","15":"first","16":"instock","17":"taxable","18":"shipping-taxable","19":"purchasable","20":"product-type-simple"},"_links":{"self":[{"href":"https:\/\/rentbull.ee\/lt\/wp-json\/wp\/v2\/product\/3567","targetHints":{"allow":["GET"]}}],"collection":[{"href":"https:\/\/rentbull.ee\/lt\/wp-json\/wp\/v2\/product"}],"about":[{"href":"https:\/\/rentbull.ee\/lt\/wp-json\/wp\/v2\/types\/product"}],"wp:featuredmedia":[{"embeddable":true,"href":"https:\/\/rentbull.ee\/lt\/wp-json\/wp\/v2\/media\/2892"}],"wp:attachment":[{"href":"https:\/\/rentbull.ee\/lt\/wp-json\/wp\/v2\/media?parent=3567"}],"wp:term":[{"taxonomy":"product_brand","embeddable":true,"href":"https:\/\/rentbull.ee\/lt\/wp-json\/wp\/v2\/product_brand?post=3567"},{"taxonomy":"product_cat","embeddable":true,"href":"https:\/\/rentbull.ee\/lt\/wp-json\/wp\/v2\/product_cat?post=3567"},{"taxonomy":"product_tag","embeddable":true,"href":"https:\/\/rentbull.ee\/lt\/wp-json\/wp\/v2\/product_tag?post=3567"}],"curies":[{"name":"wp","href":"https:\/\/api.w.org\/{rel}","templated":true}]}}