{"id":3979,"date":"2023-04-28T08:37:18","date_gmt":"2023-04-28T05:37:18","guid":{"rendered":"https:\/\/rentbull.ee\/toode\/persirengimo-kabinos-konteineris\/"},"modified":"2023-04-28T08:37:18","modified_gmt":"2023-04-28T05:37:18","slug":"persirengimo-kabinos-konteineris","status":"publish","type":"product","link":"https:\/\/rentbull.ee\/lt\/toode\/persirengimo-kabinos-konteineris\/","title":{"rendered":"Persirengimo kabinos konteineris"},"content":{"rendered":"","protected":false},"excerpt":{"rendered":"<p><span style=\"font-weight: 400;\">Dydis: konteineris yra 40 % didesnis u\u017e \u012fprastus Estijos konteinerius<\/span><\/p>\n<p><span style=\"font-weight: 400;\">Konteinerio matmenys (7.2\u00d73,3\u00d72,9).<\/span><\/p>\n<p><span style=\"font-weight: 400;\">Konteineris pagamintas Suomijoje pagal Suomijos standart\u0105<\/span><\/p>\n<p><span style=\"font-weight: 400;\">ant metalinio r\u0117mo<\/span><\/p>\n<p><span style=\"font-weight: 400;\">Konteineri\u0173 sienel\u0117s yra keli\u0173 sluoksni\u0173 su tinkama izoliacija Konteineryje yra viena didel\u0117 erdv\u0117<\/span><\/p>\n<p><span style=\"font-weight: 400;\">Konteineriai gali b\u016bti transportuojami su keltuvu, taip pat su kranu.<\/span><\/p>\n<p><span style=\"font-weight: 400;\">3,3 m plo\u010diui nereikia automobilio palydos<\/span><\/p>\n<p><span style=\"font-weight: 400;\">Konteinerio pagrindas yra auk\u0161tesnis nei \u012fprastai.<\/span><\/p>\n<p><span style=\"font-weight: 400;\">N\u0117ra \u012fprast\u0173 problem\u0173, kurios kyla mediniams konteineriams (susmenga, reikia da\u017eyti, atsiranda pel\u0117si\u0173 ir p\u016bsli\u0173).<\/span><\/p>\n<p>&nbsp;<\/p>\n","protected":false},"featured_media":3338,"template":"","meta":{"site-sidebar-layout":"default","site-content-layout":"default","ast-site-content-layout":"default","site-content-style":"default","site-sidebar-style":"default","ast-global-header-display":"","ast-banner-title-visibility":"","ast-main-header-display":"","ast-hfb-above-header-display":"","ast-hfb-below-header-display":"","ast-hfb-mobile-header-display":"","site-post-title":"","ast-breadcrumbs-content":"","ast-featured-img":"","footer-sml-layout":"","ast-disable-related-posts":"","theme-transparent-header-meta":"default","adv-header-id-meta":"","stick-header-meta":"default","header-above-stick-meta":"","header-main-stick-meta":"","header-below-stick-meta":"","astra-migrate-meta-layouts":"default","ast-page-background-enabled":"default","ast-page-background-meta":{"desktop":{"background-color":"var(--ast-global-color-4)","background-image":"","background-repeat":"repeat","background-position":"center center","background-size":"auto","background-attachment":"scroll","background-type":"","background-media":"","overlay-type":"","overlay-color":"","overlay-opacity":"","overlay-gradient":""},"tablet":{"background-color":"","background-image":"","background-repeat":"repeat","background-position":"center center","background-size":"auto","background-attachment":"scroll","background-type":"","background-media":"","overlay-type":"","overlay-color":"","overlay-opacity":"","overlay-gradient":""},"mobile":{"background-color":"","background-image":"","background-repeat":"repeat","background-position":"center center","background-size":"auto","background-attachment":"scroll","background-type":"","background-media":"","overlay-type":"","overlay-color":"","overlay-opacity":"","overlay-gradient":""}},"ast-content-background-meta":{"desktop":{"background-color":"var(--ast-global-color-5)","background-image":"","background-repeat":"repeat","background-position":"center center","background-size":"auto","background-attachment":"scroll","background-type":"","background-media":"","overlay-type":"","overlay-color":"","overlay-opacity":"","overlay-gradient":""},"tablet":{"background-color":"var(--ast-global-color-5)","background-image":"","background-repeat":"repeat","background-position":"center center","background-size":"auto","background-attachment":"scroll","background-type":"","background-media":"","overlay-type":"","overlay-color":"","overlay-opacity":"","overlay-gradient":""},"mobile":{"background-color":"var(--ast-global-color-5)","background-image":"","background-repeat":"repeat","background-position":"center center","background-size":"auto","background-attachment":"scroll","background-type":"","background-media":"","overlay-type":"","overlay-color":"","overlay-opacity":"","overlay-gradient":""}}},"product_brand":[],"product_cat":[90,110],"product_tag":[],"class_list":{"0":"post-3979","1":"product","2":"type-product","3":"status-publish","4":"has-post-thumbnail","6":"product_cat-nuomojami-produktai","7":"product_cat-soojakute-ja-merekonteinerite-rent","8":"desktop-align-left","9":"tablet-align-left","10":"mobile-align-left","11":"ast-product-gallery-layout-horizontal","12":"ast-product-tabs-layout-vertical","13":"ast-qv-on-image","15":"first","16":"instock","17":"taxable","18":"shipping-taxable","19":"purchasable","20":"product-type-simple"},"_links":{"self":[{"href":"https:\/\/rentbull.ee\/lt\/wp-json\/wp\/v2\/product\/3979","targetHints":{"allow":["GET"]}}],"collection":[{"href":"https:\/\/rentbull.ee\/lt\/wp-json\/wp\/v2\/product"}],"about":[{"href":"https:\/\/rentbull.ee\/lt\/wp-json\/wp\/v2\/types\/product"}],"wp:featuredmedia":[{"embeddable":true,"href":"https:\/\/rentbull.ee\/lt\/wp-json\/wp\/v2\/media\/3338"}],"wp:attachment":[{"href":"https:\/\/rentbull.ee\/lt\/wp-json\/wp\/v2\/media?parent=3979"}],"wp:term":[{"taxonomy":"product_brand","embeddable":true,"href":"https:\/\/rentbull.ee\/lt\/wp-json\/wp\/v2\/product_brand?post=3979"},{"taxonomy":"product_cat","embeddable":true,"href":"https:\/\/rentbull.ee\/lt\/wp-json\/wp\/v2\/product_cat?post=3979"},{"taxonomy":"product_tag","embeddable":true,"href":"https:\/\/rentbull.ee\/lt\/wp-json\/wp\/v2\/product_tag?post=3979"}],"curies":[{"name":"wp","href":"https:\/\/api.w.org\/{rel}","templated":true}]}}