{"id":4022,"date":"2022-03-03T14:36:39","date_gmt":"2022-03-03T12:36:39","guid":{"rendered":"https:\/\/rentbull.ee\/toode\/vartu-nuleidziamas-2\/"},"modified":"2022-03-03T14:36:39","modified_gmt":"2022-03-03T12:36:39","slug":"vartu-nuleidziamas-2","status":"publish","type":"product","link":"https:\/\/rentbull.ee\/lt\/toode\/vartu-nuleidziamas-2\/","title":{"rendered":"Vart\u0173 nuleid\u017eiamas"},"content":{"rendered":"","protected":false},"excerpt":{"rendered":"<p><em>Prie kainos pridedamas mokestis.<\/em><\/p>\n<p><b>Vart\u0173 nuleid\u017eiamas<\/b> <span style=\"font-weight: 400;\">var\u017etas apsaugo<\/span> <span style=\"font-weight: 400;\">nuo nety\u010dinio vart\u0173 u\u017esidarymo (pvz., esant v\u0117juotam orui) einant p\u0117stiesiems \/ va\u017eiuojant transporto priemon\u0117ms<\/span><\/p>\n<p><span style=\"font-weight: 400;\">Nuleid\u017eiamasis<\/span> <span style=\"font-weight: 400;\">var\u017etas pagamintas i\u0161 plienini\u0173 vamzd\u017ei\u0173 ir tvirtinimo element\u0173, pritvirtint\u0173 prie vertikalaus vart\u0173 vamzd\u017eio.<\/span><\/p>\n<p><span style=\"font-weight: 400;\">Matmenys: 300 x 160 x 130 mm <\/span><\/p>\n<p><span style=\"font-weight: 400;\">Svoris: 1,2 kg<\/span><\/p>\n","protected":false},"featured_media":2912,"template":"","meta":{"site-sidebar-layout":"default","site-content-layout":"default","ast-site-content-layout":"default","site-content-style":"default","site-sidebar-style":"default","ast-global-header-display":"","ast-banner-title-visibility":"","ast-main-header-display":"","ast-hfb-above-header-display":"","ast-hfb-below-header-display":"","ast-hfb-mobile-header-display":"","site-post-title":"","ast-breadcrumbs-content":"","ast-featured-img":"","footer-sml-layout":"","ast-disable-related-posts":"","theme-transparent-header-meta":"default","adv-header-id-meta":"","stick-header-meta":"default","header-above-stick-meta":"","header-main-stick-meta":"","header-below-stick-meta":"","astra-migrate-meta-layouts":"default","ast-page-background-enabled":"default","ast-page-background-meta":{"desktop":{"background-color":"var(--ast-global-color-4)","background-image":"","background-repeat":"repeat","background-position":"center center","background-size":"auto","background-attachment":"scroll","background-type":"","background-media":"","overlay-type":"","overlay-color":"","overlay-opacity":"","overlay-gradient":""},"tablet":{"background-color":"","background-image":"","background-repeat":"repeat","background-position":"center center","background-size":"auto","background-attachment":"scroll","background-type":"","background-media":"","overlay-type":"","overlay-color":"","overlay-opacity":"","overlay-gradient":""},"mobile":{"background-color":"","background-image":"","background-repeat":"repeat","background-position":"center center","background-size":"auto","background-attachment":"scroll","background-type":"","background-media":"","overlay-type":"","overlay-color":"","overlay-opacity":"","overlay-gradient":""}},"ast-content-background-meta":{"desktop":{"background-color":"var(--ast-global-color-5)","background-image":"","background-repeat":"repeat","background-position":"center center","background-size":"auto","background-attachment":"scroll","background-type":"","background-media":"","overlay-type":"","overlay-color":"","overlay-opacity":"","overlay-gradient":""},"tablet":{"background-color":"var(--ast-global-color-5)","background-image":"","background-repeat":"repeat","background-position":"center center","background-size":"auto","background-attachment":"scroll","background-type":"","background-media":"","overlay-type":"","overlay-color":"","overlay-opacity":"","overlay-gradient":""},"mobile":{"background-color":"var(--ast-global-color-5)","background-image":"","background-repeat":"repeat","background-position":"center center","background-size":"auto","background-attachment":"scroll","background-type":"","background-media":"","overlay-type":"","overlay-color":"","overlay-opacity":"","overlay-gradient":""}}},"product_brand":[],"product_cat":[113,116],"product_tag":[],"class_list":{"0":"post-4022","1":"product","2":"type-product","3":"status-publish","4":"has-post-thumbnail","6":"product_cat-parduodami-produktai","7":"product_cat-priedai-lt","8":"desktop-align-left","9":"tablet-align-left","10":"mobile-align-left","11":"ast-product-gallery-layout-horizontal","12":"ast-product-gallery-with-no-image","13":"ast-product-tabs-layout-vertical","14":"ast-qv-on-image","16":"first","17":"instock","18":"taxable","19":"shipping-taxable","20":"purchasable","21":"product-type-simple"},"_links":{"self":[{"href":"https:\/\/rentbull.ee\/lt\/wp-json\/wp\/v2\/product\/4022","targetHints":{"allow":["GET"]}}],"collection":[{"href":"https:\/\/rentbull.ee\/lt\/wp-json\/wp\/v2\/product"}],"about":[{"href":"https:\/\/rentbull.ee\/lt\/wp-json\/wp\/v2\/types\/product"}],"wp:featuredmedia":[{"embeddable":true,"href":"https:\/\/rentbull.ee\/lt\/wp-json\/wp\/v2\/media\/2912"}],"wp:attachment":[{"href":"https:\/\/rentbull.ee\/lt\/wp-json\/wp\/v2\/media?parent=4022"}],"wp:term":[{"taxonomy":"product_brand","embeddable":true,"href":"https:\/\/rentbull.ee\/lt\/wp-json\/wp\/v2\/product_brand?post=4022"},{"taxonomy":"product_cat","embeddable":true,"href":"https:\/\/rentbull.ee\/lt\/wp-json\/wp\/v2\/product_cat?post=4022"},{"taxonomy":"product_tag","embeddable":true,"href":"https:\/\/rentbull.ee\/lt\/wp-json\/wp\/v2\/product_tag?post=4022"}],"curies":[{"name":"wp","href":"https:\/\/api.w.org\/{rel}","templated":true}]}}