{"id":3485,"date":"2022-02-08T18:37:30","date_gmt":"2022-02-08T16:37:30","guid":{"rendered":"https:\/\/rentbull.ee\/pardosanas-noteikumi\/"},"modified":"2023-05-17T14:41:14","modified_gmt":"2023-05-17T11:41:14","slug":"pardosanas-noteikumi","status":"publish","type":"page","link":"https:\/\/rentbull.ee\/lv\/pardosanas-noteikumi\/","title":{"rendered":"p\u0101rdo\u0161anas noteikumi"},"content":{"rendered":"\t\t<div data-elementor-type=\"wp-page\" data-elementor-id=\"3485\" class=\"elementor elementor-3485 elementor-482\" data-elementor-post-type=\"page\">\n\t\t\t\t\t\t<section class=\"elementor-section elementor-top-section elementor-element elementor-element-a131c0e elementor-section-boxed elementor-section-height-default elementor-section-height-default\" data-id=\"a131c0e\" data-element_type=\"section\" data-e-type=\"section\">\n\t\t\t\t\t\t<div class=\"elementor-container elementor-column-gap-default\">\n\t\t\t\t\t<div class=\"elementor-column elementor-col-100 elementor-top-column elementor-element elementor-element-5416001\" data-id=\"5416001\" data-element_type=\"column\" data-e-type=\"column\">\n\t\t\t<div class=\"elementor-widget-wrap elementor-element-populated\">\n\t\t\t\t\t\t<div class=\"elementor-element elementor-element-f03c140 elementor-widget elementor-widget-heading\" data-id=\"f03c140\" data-element_type=\"widget\" data-e-type=\"widget\" data-widget_type=\"heading.default\">\n\t\t\t\t<div class=\"elementor-widget-container\">\n\t\t\t\t\t<h2 class=\"elementor-heading-title elementor-size-default\">p\u0101rdo\u0161anas noteikumi<\/h2>\t\t\t\t<\/div>\n\t\t\t\t<\/div>\n\t\t\t\t<div class=\"elementor-element elementor-element-df1308b elementor-widget elementor-widget-text-editor\" data-id=\"df1308b\" data-element_type=\"widget\" data-e-type=\"widget\" data-widget_type=\"text-editor.default\">\n\t\t\t\t<div class=\"elementor-widget-container\">\n\t\t\t\t\t\t\t\t\t<p>Tie\u0161saistes veikala rentbull.ee (turpm\u0101k tekst\u0101 \u2014 Tie\u0161saistes veikals) \u012bpa\u0161nieks ir Rentbull O\u00dc (re\u0123istr\u0101cijas kods 16356058), kura adrese ir <a class=\"link-location\" href=\"https:\/\/www.google.ee\/maps\/place\/Vae%2022%20Laagri%20%20%20Harju%20maakond\" target=\"_new\" rel=\"noopener\">Vae tn 22 Laagri alevik Saues pagast\u0101, Harju apri\u0146\u0137\u012b 6401.<\/a><\/p>\n<p><strong>P\u0101rdo\u0161anas l\u012bguma der\u012bguma periods, inform\u0101cija par produktu un cenu<\/strong><\/p>\n<p>Pa\u0161reiz\u0113jie p\u0101rdo\u0161anas noteikumi attiecas uz pirkumu tie\u0161saistes veikal\u0101.<\/p>\n<p>Tie\u0161saistes veikal\u0101 nop\u0113rkamo produktu cenas ir nor\u0101d\u012btas pie produktiem. Par pre\u010du pieg\u0101di produkta cenai tiek pievienota pieg\u0101des maksa. Visas cenas tie\u0161saistes veikal\u0101 ir nor\u0101d\u012btas eiro.<\/p>\n<p>Pieg\u0101des maksa ir atkar\u012bga no pirc\u0113ja atra\u0161an\u0101s vietas un pieg\u0101des veida. Pieg\u0101des maksa tiek nor\u0101d\u012bta, noform\u0113jot pas\u016bt\u012bjumu.<\/p>\n<p>Inform\u0101cija par produktu tie\u0161saistes veikal\u0101 tiek sniegta tie\u0161i pie produkta.<\/p>\n<p><strong>Pas\u016bt\u012bjuma noform\u0113\u0161ana<\/strong><\/p>\n<p><em>\u0160eit tirgot\u0101jam ir j\u0101pa\u013caujas uz iepirk\u0161an\u0101s risin\u0101jumu sav\u0101 tie\u0161saistes veikal\u0101.<\/em><\/p>\n<p>Lai pas\u016bt\u012btu, preces ir j\u0101ievieto pirkumu groz\u0101.. Lai pabeigtu pas\u016bt\u012bjumu, j\u0101aizpilda nepiecie\u0161amie datu lauki un j\u0101atlasa atbilst\u012bg\u0101 pieg\u0101des metode. Apmaksu veic, pamatojoties uz r\u0113\u0137inu.<\/p>\n<p> L\u012bgums st\u0101jas sp\u0113k\u0101 br\u012bd\u012b, kad maks\u0101jam\u0101 summa ir ieskait\u012bta tie\u0161saistes veikala nor\u0113\u0137inu kont\u0101.<\/p>\n<p>Personas datu p\u0101rzinis ir tie\u0161saistes veikala \u012bpa\u0161nieks.<\/p>\n<p>Ja pas\u016bt\u012bt\u0101s preces nevar pieg\u0101d\u0101t, jo t\u0101s ir beigu\u0161\u0101s vai cita iemesla d\u0113\u013c, pirc\u0113js tiek inform\u0113ts p\u0113c iesp\u0113jas \u0101tr\u0101k un samaks\u0101t\u0101 nauda (iek\u013caujot maksu par pieg\u0101di) tiek atmaks\u0101ta nekav\u0113joties, bet ne v\u0113l\u0101k k\u0101 14 dienu laik\u0101 p\u0113c pazi\u0146ojuma nos\u016bt\u012b\u0161anas.<\/p>\n<p><strong>Pieg\u0101de<\/strong><\/p>\n<p>Preces var pieg\u0101d\u0101t uz \u0161\u012bm valst\u012bm: Igauniju, Latviju, Lietuvu, Somiju<\/p>\n<p>Pirc\u0113jam ir \u0161\u0101das pre\u010du sa\u0146em\u0161anas iesp\u0113jas <\/p>\n<p>S\u016bt\u012b\u0161anas izmaksas sedz pirc\u0113js; cena ir atkar\u012bga no atra\u0161an\u0101s vietas un produktu daudzuma. <\/p>\n<\/p>\n<p><strong>Atteikuma ties\u012bbas<\/strong><\/p>\n<p>P\u0113c pas\u016bt\u012bjuma sa\u0146em\u0161anas pirc\u0113jam ir ties\u012bbas 14 dienu laik\u0101 atsaukt l\u012bgumu.<\/p>\n<p><em>NB! Atkar\u012bb\u0101 no produktiem pirc\u0113jam var neb\u016bt atteikuma ties\u012bbu; \u0161\u0101d\u0101 gad\u012bjum\u0101 produktiem un pakalpojumiem ir j\u0101b\u016bt uzskait\u012btiem un j\u0101atbilst <a href=\"https:\/\/www.riigiteataja.ee\/akt\/961235?leiaKehtiv\" target=\"_blank\" rel=\"noopener noreferrer\">Saist\u012bbu likuma<\/a> 53. panta 4. punkt\u0101 min\u0113tajiem nosac\u012bjumiem.<\/em><\/p>\n<p>Atteikuma ties\u012bbas nav sp\u0113k\u0101, ja pirc\u0113js ir juridiska persona.<\/p>\n<p>Lai izmantotu 14 dienu atgrie\u0161anas ties\u012bbas, pas\u016bt\u012bt\u0101s preces nedr\u012bkst lietot cit\u0101di k\u0101 nepiecie\u0161ams, lai p\u0101rliecin\u0101tos par preces raksturu, \u012bpa\u0161\u012bb\u0101m un darb\u012bbu t\u0101d\u0101 veid\u0101, kas ir pie\u013caujams pre\u010du p\u0101rbaudei fizisk\u0101 veikal\u0101.<\/p>\n<p>Ja preces ir izmantotas citiem nol\u016bkiem, iz\u0146emot tos, kas ir nepiecie\u0161ami, lai p\u0101rliecin\u0101tos par pre\u010du raksturu, \u012bpa\u0161\u012bb\u0101m un darb\u012bbu, vai t\u0101m ir lieto\u0161anas vai nolietojuma paz\u012bmes, tie\u0161saistes veikalam ir ties\u012bbas samazin\u0101t atmaks\u0101jamo maksu atbilsto\u0161i preces v\u0113rt\u012bbas samazin\u0101jumam.<\/p>\n<p>Lai preces nodotu atpaka\u013c, j\u0101iesniedz atteikuma pazi\u0146ojums, kura veidlapa ir pieejama \u0161eit: <em>\u0161eit ir saite uz<\/em> atteikuma pieteikumu, kas j\u0101nos\u016bta uz e-pasta adresi info@rentbull.ee 14 dienu laik\u0101 p\u0113c pre\u010du sa\u0146em\u0161anas.<\/p>\n<p><em>Laba prakse paredz klientiem pied\u0101v\u0101t bezmaksas atgrie\u0161anu, kas palielina uzticam\u012bbu un l\u012bdz ar to ar\u012b p\u0101rdo\u0161anu. T\u0101d\u0113j\u0101di \u0161\u012b sada\u013ca ir paredz\u0113ta tirgot\u0101jam, kur\u0161 nevar pied\u0101v\u0101t bezmaksas atgrie\u0161anu.<\/em><\/p>\n<p>Pre\u010du atgrie\u0161anas izmaksas sedz pirc\u0113js, ja vien atgrie\u0161anas iemesls nav produkta neatbilst\u012bba pas\u016bt\u012btajam (piem\u0113ram, prece ir nepareiza vai boj\u0101ta).<\/p>\n<p>Pirc\u0113jam ir j\u0101atgrie\u017e preces 14 dienu laik\u0101 p\u0113c pieteikuma iesnieg\u0161anas vai j\u0101iesniedz pier\u0101d\u012bjums, ka vi\u0146\u0161 ir nodevis preces p\u0101rvad\u0101t\u0101jam iepriek\u0161 nor\u0101d\u012btaj\u0101 period\u0101.<\/p>\n<p>Sa\u0146emot atgriezt\u0101s preces, tie\u0161saistes veikals pirc\u0113jam nekav\u0113joties (bet ne v\u0113l\u0101k k\u0101 14 dienu laik\u0101 p\u0113c atteikuma sa\u0146em\u0161anas) atgrie\u017e visas l\u012bguma ietvaros sa\u0146emt\u0101s maksas.<\/p>\n<p>Tie\u0161saistes veikals var atteikties izsniegt naudas atmaksu l\u012bdz br\u012bdim, kad ir sa\u0146\u0113mis preci, kas ir l\u012bguma priek\u0161mets, vai l\u012bdz tam, kad pirc\u0113js iesniedzis pier\u0101d\u012bjumus par preces atgrie\u0161anu (atkar\u012bb\u0101 no t\u0101, kas notiek pirmais).<\/p>\n<p>Ja pirc\u0113js ir nep\u0101rprotami izv\u0113l\u0113jies citu pieg\u0101des veidu, nevis parasto l\u0113t\u0101ko, ko pied\u0101v\u0101 tie\u0161saistes veikals, tie\u0161saistes veikalam nav j\u0101atmaks\u0101 izmaksas, kas p\u0101rsniedz parast\u0101 pieg\u0101des veida izmaksas.<\/p>\n<p>Tie\u0161saistes veikalam ir ties\u012bbas atk\u0101pties no dar\u012bjuma un piepras\u012bt pre\u010du atgrie\u0161anu, ja pre\u010du cena tie\u0161saistes veikal\u0101 ir k\u013c\u016bdaini nor\u0101d\u012bta k\u0101 iev\u0113rojami zem\u0101ka par pre\u010du tirgus cenu.<\/p>\n<p><strong>Ties\u012bbas iesniegt pieteikumu<\/strong><\/p>\n<p>Tie\u0161saistes veikals ir atbild\u012bgs par pre\u010du neatbilst\u012bbu l\u012bguma nosac\u012bjumiem vai defektu, kas ir past\u0101v\u0113jis jau preces izsnieg\u0161anas br\u012bd\u012b un par\u0101d\u0101s divu gadu laik\u0101 kop\u0161 nodo\u0161anas. Pirmo se\u0161u m\u0113ne\u0161u laik\u0101 p\u0113c pieg\u0101des tiek pie\u0146emts, ka defekts ir bijis jau pieg\u0101des br\u012bd\u012b. Par attiec\u012bg\u0101 pie\u0146\u0113muma atsp\u0113ko\u0161anu atbild t\u012bmek\u013ca veikals.<\/p>\n<p>Defekta par\u0101d\u012b\u0161an\u0101s gad\u012bjum\u0101 pirc\u0113jam ir ties\u012bbas ne v\u0113l\u0101k k\u0101 divu m\u0113ne\u0161u laik\u0101 sazin\u0101ties ar tie\u0161saistes veikalu, nos\u016btot e-pastu uz adresi info@rentbull.ee vai piezvanot uz t\u0101lruni <a href=\"tel:57712345\">+372 577 12345<\/a> <\/p>\n<p>Tie\u0161saistes veikals neatbild par defektiem, kas ir radu\u0161ies p\u0113c pre\u010du nodo\u0161anas pirc\u0113jam.<\/p>\n<p>Ja tie\u0161saistes veikal\u0101 ieg\u0101d\u0101taj\u0101m prec\u0113m ir defekti, par kuriem ir atbild\u012bgs tie\u0161saistes veikals, tad tie\u0161saistes veikals salabo vai nomaina boj\u0101t\u0101s preces. Ja preces nav iesp\u0113jams salabot vai nomain\u012bt, t\u012bmek\u013ca veikals atmaks\u0101 visas ar p\u0101rdo\u0161anas l\u012bgumu saist\u012bt\u0101s maksas.<\/p>\n<p>Tie\u0161saistes veikals atbild uz pat\u0113r\u0113t\u0101ju s\u016bdz\u012bb\u0101m 15 dienu laik\u0101 rakstiski vai form\u0101, kas nodro\u0161ina rakstisku pavairo\u0161anu.<\/p>\n<p><strong>Tie\u0161ais m\u0101rketings un personas datu apstr\u0101de<\/strong><\/p>\n<p>Tie\u0161saistes veikals izmanto pirc\u0113ja ievad\u012btos personas datus tikai pas\u016bt\u012bjuma apstr\u0101dei un pre\u010du nos\u016bt\u012b\u0161anai. Tie\u0161saistes veikals nos\u016bta personas datus uz\u0146\u0113mumam, kas sniedz pre\u010du pieg\u0101des transporta pakalpojumus.<\/p>\n<p>Tie\u0161saistes veikals nos\u016bta pirc\u0113jam informat\u012bvos izdevumus un pied\u0101v\u0101jumus tikai tad, ja pirc\u0113js ir izteicis savu v\u0113lmi, ievadot t\u012bmek\u013ca vietn\u0113 savu e-pasta adresi un nor\u0101dot v\u0113lmi sa\u0146emt tie\u0161us pasta pazi\u0146ojumus.<\/p>\n<p>Pirc\u0113js var jebkur\u0101 laik\u0101 atcelt pied\u0101v\u0101jumus un informat\u012bvo izdevumu s\u016bt\u012b\u0161anu uz e-pastu, par to pazi\u0146ojot mums e-past\u0101 vai iev\u0113rojot nor\u0101d\u012bjumus e-past\u0101, kas satur pied\u0101v\u0101jumus.<\/p>\n<p><strong>Domstarp\u012bbu risin\u0101\u0161ana<\/strong><\/p>\n<p>Ja pirc\u0113jam ir pretenzijas par tie\u0161saistes veikalu, t\u0101s var nos\u016bt\u012bt uz adresi info@rentbull.ee vai piezvan\u012bt pa t\u0101lruni <a href=\"tel:57712345\">+372 577 12345<\/a> <\/p>\n<p>Ja pirc\u0113js un tie\u0161saistes veikals nevar atrisin\u0101t str\u012bdu, savstarp\u0113ji vienojoties, pirc\u0113js var v\u0113rsties Pat\u0113r\u0113t\u0101ju str\u012bdu komisij\u0101 <a href=\"https:\/\/komisjon.ee\/et\/avalduse-esitamine\" target=\"_blank\" rel=\"noopener noreferrer\">\u0160eit<\/a> var iepaz\u012bties ar procesu\u0101lajiem nosac\u012bjumiem un iesniegt pieteikumu. Pat\u0113r\u0113t\u0101ju str\u012bdu komisijas kompetenc\u0113 ir iz\u0161\u0137irt str\u012bdus, kas izriet no l\u012bguma, kur\u0161 ir nosl\u0113gts starp pirc\u0113ju un tie\u0161saistes veikalu. Komisija izskata s\u016bdz\u012bbu bez maksa<\/p>\n<p>Pirc\u0113js var v\u0113rsties <a href=\"https:\/\/ec.europa.eu\/consumers\/odr\/main\/index.cfm?event=main.home2.show&amp;lng=ET\" target=\"_blank\" rel=\"noopener noreferrer\">platform\u0101<\/a>, kas risina Eiropas Savien\u012bbas pat\u0113r\u0113t\u0101ju str\u012bdus.<\/p>\n\t\t\t\t\t\t\t\t<\/div>\n\t\t\t\t<\/div>\n\t\t\t\t\t<\/div>\n\t\t<\/div>\n\t\t\t\t\t<\/div>\n\t\t<\/section>\n\t\t\t\t<\/div>\n\t\t","protected":false},"excerpt":{"rendered":"<p>p\u0101rdo\u0161anas noteikumi Tie\u0161saistes veikala rentbull.ee (turpm\u0101k tekst\u0101 \u2014 Tie\u0161saistes veikals) \u012bpa\u0161nieks ir Rentbull O\u00dc (re\u0123istr\u0101cijas kods 16356058), kura adrese ir Vae tn 22 Laagri alevik Saues pagast\u0101, Harju apri\u0146\u0137\u012b 6401. P\u0101rdo\u0161anas l\u012bguma der\u012bguma periods, inform\u0101cija par produktu un cenu Pa\u0161reiz\u0113jie p\u0101rdo\u0161anas noteikumi attiecas uz pirkumu tie\u0161saistes veikal\u0101. Tie\u0161saistes veikal\u0101 nop\u0113rkamo produktu cenas ir nor\u0101d\u012btas pie [&hellip;]<\/p>\n","protected":false},"author":2,"featured_media":0,"parent":0,"menu_order":0,"comment_status":"closed","ping_status":"closed","template":"","meta":{"site-sidebar-layout":"no-sidebar","site-content-layout":"page-builder","ast-site-content-layout":"default","site-content-style":"default","site-sidebar-style":"default","ast-global-header-display":"","ast-banner-title-visibility":"","ast-main-header-display":"","ast-hfb-above-header-display":"","ast-hfb-below-header-display":"","ast-hfb-mobile-header-display":"","site-post-title":"disabled","ast-breadcrumbs-content":"","ast-featured-img":"disabled","footer-sml-layout":"","ast-disable-related-posts":"","theme-transparent-header-meta":"","adv-header-id-meta":"","stick-header-meta":"","header-above-stick-meta":"","header-main-stick-meta":"","header-below-stick-meta":"","astra-migrate-meta-layouts":"default","ast-page-background-enabled":"default","ast-page-background-meta":{"desktop":{"background-color":"var(--ast-global-color-4)","background-image":"","background-repeat":"repeat","background-position":"center center","background-size":"auto","background-attachment":"scroll","background-type":"","background-media":"","overlay-type":"","overlay-color":"","overlay-opacity":"","overlay-gradient":""},"tablet":{"background-color":"","background-image":"","background-repeat":"repeat","background-position":"center center","background-size":"auto","background-attachment":"scroll","background-type":"","background-media":"","overlay-type":"","overlay-color":"","overlay-opacity":"","overlay-gradient":""},"mobile":{"background-color":"","background-image":"","background-repeat":"repeat","background-position":"center center","background-size":"auto","background-attachment":"scroll","background-type":"","background-media":"","overlay-type":"","overlay-color":"","overlay-opacity":"","overlay-gradient":""}},"ast-content-background-meta":{"desktop":{"background-color":"var(--ast-global-color-5)","background-image":"","background-repeat":"repeat","background-position":"center center","background-size":"auto","background-attachment":"scroll","background-type":"","background-media":"","overlay-type":"","overlay-color":"","overlay-opacity":"","overlay-gradient":""},"tablet":{"background-color":"var(--ast-global-color-5)","background-image":"","background-repeat":"repeat","background-position":"center center","background-size":"auto","background-attachment":"scroll","background-type":"","background-media":"","overlay-type":"","overlay-color":"","overlay-opacity":"","overlay-gradient":""},"mobile":{"background-color":"var(--ast-global-color-5)","background-image":"","background-repeat":"repeat","background-position":"center center","background-size":"auto","background-attachment":"scroll","background-type":"","background-media":"","overlay-type":"","overlay-color":"","overlay-opacity":"","overlay-gradient":""}},"footnotes":""},"class_list":["post-3485","page","type-page","status-publish","hentry"],"_links":{"self":[{"href":"https:\/\/rentbull.ee\/lv\/wp-json\/wp\/v2\/pages\/3485","targetHints":{"allow":["GET"]}}],"collection":[{"href":"https:\/\/rentbull.ee\/lv\/wp-json\/wp\/v2\/pages"}],"about":[{"href":"https:\/\/rentbull.ee\/lv\/wp-json\/wp\/v2\/types\/page"}],"author":[{"embeddable":true,"href":"https:\/\/rentbull.ee\/lv\/wp-json\/wp\/v2\/users\/2"}],"replies":[{"embeddable":true,"href":"https:\/\/rentbull.ee\/lv\/wp-json\/wp\/v2\/comments?post=3485"}],"version-history":[{"count":1,"href":"https:\/\/rentbull.ee\/lv\/wp-json\/wp\/v2\/pages\/3485\/revisions"}],"predecessor-version":[{"id":3486,"href":"https:\/\/rentbull.ee\/lv\/wp-json\/wp\/v2\/pages\/3485\/revisions\/3486"}],"wp:attachment":[{"href":"https:\/\/rentbull.ee\/lv\/wp-json\/wp\/v2\/media?parent=3485"}],"curies":[{"name":"wp","href":"https:\/\/api.w.org\/{rel}","templated":true}]}}