{"id":3494,"date":"2022-01-12T17:14:25","date_gmt":"2022-01-12T15:14:25","guid":{"rendered":"https:\/\/rentbull.ee\/privatuma-politika\/"},"modified":"2023-05-17T15:16:52","modified_gmt":"2023-05-17T12:16:52","slug":"privatuma-politika","status":"publish","type":"page","link":"https:\/\/rentbull.ee\/lv\/privatuma-politika\/","title":{"rendered":"Priv\u0101tuma politika"},"content":{"rendered":"\t\t<div data-elementor-type=\"wp-page\" data-elementor-id=\"3494\" class=\"elementor elementor-3494 elementor-130\" data-elementor-post-type=\"page\">\n\t\t\t\t\t\t<section class=\"elementor-section elementor-top-section elementor-element elementor-element-a131c0e elementor-section-boxed elementor-section-height-default elementor-section-height-default\" data-id=\"a131c0e\" data-element_type=\"section\" data-e-type=\"section\">\n\t\t\t\t\t\t<div class=\"elementor-container elementor-column-gap-default\">\n\t\t\t\t\t<div class=\"elementor-column elementor-col-100 elementor-top-column elementor-element elementor-element-5416001\" data-id=\"5416001\" data-element_type=\"column\" data-e-type=\"column\">\n\t\t\t<div class=\"elementor-widget-wrap elementor-element-populated\">\n\t\t\t\t\t\t<div class=\"elementor-element elementor-element-f03c140 elementor-widget elementor-widget-heading\" data-id=\"f03c140\" data-element_type=\"widget\" data-e-type=\"widget\" data-widget_type=\"heading.default\">\n\t\t\t\t<div class=\"elementor-widget-container\">\n\t\t\t\t\t<h2 class=\"elementor-heading-title elementor-size-default\">Priv\u0101tuma politika<\/h2>\t\t\t\t<\/div>\n\t\t\t\t<\/div>\n\t\t\t\t<div class=\"elementor-element elementor-element-df1308b elementor-widget elementor-widget-text-editor\" data-id=\"df1308b\" data-element_type=\"widget\" data-e-type=\"widget\" data-widget_type=\"text-editor.default\">\n\t\t\t\t<div class=\"elementor-widget-container\">\n\t\t\t\t\t\t\t\t\t<ol>\n<li><b> Visp\u0101r\u0113jie nosac\u012bjumi<\/b><\/li>\n<\/ol>\n<p><span style=\"font-weight: 400;\">1.1. \u0160\u012b priv\u0101tuma politika regul\u0113 personas datu v\u0101k\u0161anu, apstr\u0101di un glab\u0101\u0161anu. Personas datus v\u0101c, apstr\u0101d\u0101 un glab\u0101 datu apstr\u0101d\u0101t\u0101js <\/span><b>RentBull <\/b><span style=\"font-weight: 400;\">O\u00dc<\/span><\/p>\n<p><span style=\"font-weight: 400;\">1.2. Priv\u0101tuma politikas izpratn\u0113 datu subjekts ir klients vai cita fiziska persona, kuras personas datus apstr\u0101d\u0101 datu apstr\u0101d\u0101t\u0101js.<\/span><\/p>\n<p><span style=\"font-weight: 400;\">1.3. Priv\u0101tuma politikas izpratn\u0113 klients ir ikviens, kur\u0161 datu apstr\u0101d\u0101t\u0101ja t\u012bmek\u013ca vietn\u0113 p\u0113rk preces vai pakalpojumus.<\/span><\/p>\n<p><span style=\"font-weight: 400;\">1.4. Datu apstr\u0101d\u0101t\u0101js iev\u0113ro ties\u012bbu aktos noteiktos datu apstr\u0101des principus, tostarp apstr\u0101d\u0101 personas datus likum\u012bgi, god\u012bgi un dro\u0161i. Datu apstr\u0101d\u0101t\u0101js var apstiprin\u0101t, ka personas dati ir apstr\u0101d\u0101ti saska\u0146\u0101 ar ties\u012bbu aktu nosac\u012bjumiem.<\/span><\/p>\n<ol start=\"2\">\n<li><b> Personas datu v\u0101k\u0161ana, apstr\u0101de un glab\u0101\u0161ana<\/b><\/li>\n<\/ol>\n<p><span style=\"font-weight: 400;\">2.1. Iev\u0101ktie apstr\u0101d\u0101tie un glab\u0101tie personas dati tiek v\u0101kti elektroniski, galvenok\u0101rt izmantojot apstr\u0101d\u0101t\u0101ja vietni un e-pastu.<\/span><b> <\/b><\/p>\n<p><span style=\"font-weight: 400;\">2.2. Kop\u012bgojot savus personas datus, subjekts apstr\u0101d\u0101t\u0101jam pie\u0161\u0137ir ties\u012bbas v\u0101kt, k\u0101rtot, izmantot un p\u0101rvald\u012bt personas datus, kas, p\u0113rkot preces vai pakalpojumus, t\u012bmek\u013ca vietn\u0113 tiek kop\u012bgoti priv\u0101tuma politik\u0101 noteiktajos nol\u016bkos.<\/span><\/p>\n<p><span style=\"font-weight: 400;\">2.3. Datu subjekts ir atbild\u012bgs par prec\u012bzu, pareizu un piln\u012bgu datu snieg\u0161anu. Apzin\u0101ta nepatiesas inform\u0101cijas snieg\u0161ana tiek uzskat\u012bta par Priv\u0101tuma politikas p\u0101rk\u0101pumu. Subjektam ir pien\u0101kums nekav\u0113joties inform\u0113t apstr\u0101d\u0101t\u0101ju par sniegto datu izmai\u0146\u0101m.<\/span><\/p>\n<p><span style=\"font-weight: 400;\">2.4. Apstr\u0101d\u0101t\u0101js neuz\u0146emas atbild\u012bbu par kait\u0113jumu subjektam vai tre\u0161aj\u0101m person\u0101m, kas radies t\u0101d\u0113\u013c, ka subjekts ir sniedzis nepatiesu inform\u0101ciju.<\/span><\/p>\n<ol start=\"3\">\n<li><b> Klientu personas datu apstr\u0101de<\/b><\/li>\n<\/ol>\n<p><span style=\"font-weight: 400;\">3.1. Datu apstr\u0101d\u0101t\u0101jam ir ties\u012bbas apstr\u0101d\u0101t \u0161\u0101dus subjekta personas datus<\/span><\/p>\n<p><span style=\"font-weight: 400;\">3.1.1. V\u0101rds un uzv\u0101rds<\/span><\/p>\n<p><span style=\"font-weight: 400;\">3.1.2. Dzim\u0161anas vieta<\/span><\/p>\n<p><span style=\"font-weight: 400;\">3.1.3. T\u0101lru\u0146a numurs<\/span><\/p>\n<p><span style=\"font-weight: 400;\">3.1.4. E-pasta adrese<\/span><\/p>\n<p><span style=\"font-weight: 400;\">3.1.5. Pieg\u0101des adrese<\/span><\/p>\n<p><span style=\"font-weight: 400;\">3.1.6. Bankas konta numurs<\/span><\/p>\n<p><span style=\"font-weight: 400;\">3.1.7. Nor\u0113\u0137inu kartes dati<\/span><\/p>\n<p><span style=\"font-weight: 400;\">3.2. Papildus iepriek\u0161 min\u0113tajam apstr\u0101d\u0101t\u0101jam ir ties\u012bbas par klientu iev\u0101kt datus, kas ir pieejami publiskajos re\u0123istros.<\/span><\/p>\n<p><span style=\"font-weight: 400;\">3.3. Personas datu apstr\u0101des juridiskais pamats ir Visp\u0101r\u012bg\u0101s datu aizsardz\u012bbas regulas 6. panta 1. punkta a), b), c) un f) apak\u0161punkti. a), b), c) ja f):<\/span><\/p>\n<ol>\n<li><span style=\"font-weight: 400;\">a) Datu subjekts ir devis piekri\u0161anu savu personas datu apstr\u0101dei vienam vai vair\u0101kiem konkr\u0113tiem nol\u016bkiem.<\/span><\/li>\n<li><span style=\"font-weight: 400;\">b) Apstr\u0101de ir vajadz\u012bga l\u012bguma, kura l\u012bgumsl\u0113dz\u0113ja puse ir datu subjekts, izpildei vai pas\u0101kumu veik\u0161anai p\u0113c datu subjekta piepras\u012bjuma pirms l\u012bguma nosl\u0113g\u0161anas.<\/span><\/li>\n<li><span style=\"font-weight: 400;\">c) Apstr\u0101de ir vajadz\u012bga, lai izpild\u012btu uz p\u0101rzini attiecin\u0101mu juridisku pien\u0101kumu.<\/span><\/li>\n<li><span style=\"font-weight: 400;\">f) Apstr\u0101de ir vajadz\u012bga p\u0101rzi\u0146a vai tre\u0161\u0101s personas le\u0123it\u012bmo intere\u0161u iev\u0113ro\u0161anai, iz\u0146emot, ja datu subjekta intereses vai pamatties\u012bbas un pamatbr\u012bv\u012bbas, kur\u0101m nepiecie\u0161ama personas datu aizsardz\u012bba, ir svar\u012bg\u0101kas par \u0161\u0101d\u0101m interes\u0113m, jo \u012bpa\u0161i, ja datu subjekts ir b\u0113rns.<\/span><\/li>\n<\/ol>\n<p><span style=\"font-weight: 400;\">3.4. Personas datu apstr\u0101de neatbilsto\u0161i apstr\u0101des nol\u016bkam:<\/span><\/p>\n<p><span style=\"font-weight: 400;\">3.4.1. Apstr\u0101des m\u0113r\u0137is \u2014 pas\u016bt\u012bjuma apstr\u0101de<\/span><\/p>\n<p><span style=\"font-weight: 400;\">Datu glab\u0101\u0161anas maksim\u0101lais ilgums<\/span> \u2014 <span style=\"font-weight: 400;\">likum\u0101 nor\u0101d\u012btais termi\u0146\u0161<\/span><\/p>\n<p><span style=\"font-weight: 400;\">3.4.2. Apstr\u0101des m\u0113r\u0137is \u2014 e-veikala pakalpojumu funkcion\u0113\u0161anas nodro\u0161in\u0101\u0161ana<\/span><\/p>\n<p><span style=\"font-weight: 400;\">Personas datu glab\u0101\u0161anas maksim\u0101lais ilgums \u2014 likum\u0101 nor\u0101d\u012btais termi\u0146\u0161<\/span><\/p>\n<p><span style=\"font-weight: 400;\">3.4.3. Apstr\u0101des m\u0113r\u0137is \u2014 klientu p\u0101rvald\u012bba<\/span><\/p>\n<p><span style=\"font-weight: 400;\">Personas datu glab\u0101\u0161anas maksim\u0101lais ilgums \u2014 likum\u0101 nor\u0101d\u012btais termi\u0146\u0161<\/span><\/p>\n<p><span style=\"font-weight: 400;\">3.4.4. Apstr\u0101des m\u0113r\u0137is \u2014 finan\u0161u darb\u012bba, gr\u0101matved\u012bba<\/span><\/p>\n<p><span style=\"font-weight: 400;\">Personas datu glab\u0101\u0161anas maksim\u0101lais ilgums \u2014 likum\u0101 nor\u0101d\u012btais termi\u0146\u0161<\/span><\/p>\n<p><span style=\"font-weight: 400;\">3.4.5. Apstr\u0101des m\u0113r\u0137is \u2014 m\u0101rketings<\/span><\/p>\n<p><span style=\"font-weight: 400;\">Personas datu glab\u0101\u0161anas maksim\u0101lais ilgums \u2014 likum\u0101 nor\u0101d\u012btais termi\u0146\u0161<\/span><\/p>\n<p><span style=\"font-weight: 400;\">3.5. Apstr\u0101d\u0101t\u0101jam ir ties\u012bbas kop\u012bgot klienta personas datus ar tre\u0161aj\u0101m person\u0101m, piem\u0113ram, pilnvarotiem datu apstr\u0101d\u0101t\u0101jiem, gr\u0101matve\u017eiem, transporta un kurjeru uz\u0146\u0113mumiem, k\u0101 ar\u012b uz\u0146\u0113mumiem, kas nodro\u0161ina p\u0101rs\u016bt\u012b\u0161anas pakalpojumus. Apstr\u0101d\u0101t\u0101js ir atbild\u012bgais personas datu apstr\u0101d\u0101t\u0101js. Dati tiek p\u0101rs\u016bt\u012bti pilnvarotajam apstr\u0101d\u0101t\u0101jam Maksekeskus AS.<\/span><\/p>\n<p><span style=\"font-weight: 400;\">3.6. Apstr\u0101d\u0101jot un glab\u0101jot personas datus, datu apstr\u0101d\u0101t\u0101js \u012bsteno organizatoriskus un tehniskus pas\u0101kumus, kas nodro\u0161ina personas datu aizsardz\u012bbu pret nejau\u0161u vai nelikum\u012bgu izn\u012bcin\u0101\u0161anu, p\u0101rveido\u0161anu, izpau\u0161anu un jebk\u0101du citu nelikum\u012bgu apstr\u0101di.<\/span><\/p>\n<p><span style=\"font-weight: 400;\">3.7. Apstr\u0101d\u0101t\u0101js glab\u0101 subjekta datus atkar\u012bb\u0101 no apstr\u0101des m\u0113r\u0137a, bet ne ilg\u0101k k\u0101 7 gadus.<\/span><\/p>\n<ol start=\"4\">\n<li><b> Datu subjekta ties\u012bbas<\/b><\/li>\n<\/ol>\n<p><span style=\"font-weight: 400;\">4.1. Subjektam ir ties\u012bbas piek\u013c\u016bt saviem personas datiem un iepaz\u012bties ar tiem.<\/span><\/p>\n<p><span style=\"font-weight: 400;\">4.2. Datu subjektam ir ties\u012bbas sa\u0146emt inform\u0101ciju par savu personas datu apstr\u0101di.<\/span><\/p>\n<p><span style=\"font-weight: 400;\">4.3. Datu subjektam ir ties\u012bbas papildin\u0101t vai labot neprec\u012bzus datus.<\/span><\/p>\n<p><span style=\"font-weight: 400;\">4.4. Ja apstr\u0101d\u0101t\u0101js apstr\u0101d\u0101 subjekta personas datus, pamatojoties uz subjekta piekri\u0161anu, subjektam ir ties\u012bbas jebkur\u0101 laik\u0101 atsaukt savu piekri\u0161anu.<\/span><\/p>\n<p><span style=\"font-weight: 400;\">4.5. Lai \u012bstenotu ties\u012bbas, datu subjekts var sazin\u0101ties ar e-veikala klientu atbalsta dienestu \u0161eit: <\/span><b>www.rentbull.ee<\/b><\/p>\n<p><span style=\"font-weight: 400;\">4.6. Lai aizsarg\u0101tu savas ties\u012bbas, datu subjekts var iesniegt s\u016bdz\u012bbu Datu aizsardz\u012bbas inspekcij\u0101.<\/span><\/p>\n<ol start=\"5\">\n<li><b> Gala nosac\u012bjumi<\/b><\/li>\n<\/ol>\n<p><span style=\"font-weight: 400;\">5.1. \u0160ie datu aizsardz\u012bbas nosac\u012bjumi ir izstr\u0101d\u0101ti saska\u0146\u0101 ar Eiropas Parlamenta un Padomes Regulu (ES) Nr. 2016\/679 par fizisku personu aizsardz\u012bbu personas datu apstr\u0101d\u0113 un \u0161\u0101du datu br\u012bvu apriti, ar ko tiek atcelta Direkt\u012bva 95\/46\/EK\/EK (Visp\u0101r\u012bg\u0101 regula par personas datu aizsardz\u012bbu), Igaunijas Republikas personas datu aizsardz\u012bbas likums, k\u0101 ar\u012b Igaunijas Republikas un Eiropas Savien\u012bbas ties\u012bbu akti.<\/span><\/p>\n<p><span style=\"font-weight: 400;\">5.2. Datu apstr\u0101d\u0101t\u0101jam ir ties\u012bbas da\u013c\u0113ji vai piln\u012bb\u0101 main\u012bt datu aizsardz\u012bbas nosac\u012bjumus, par izmai\u0146\u0101m pazi\u0146ojot datu subjektiem ar t\u012bmek\u013ca vietnes <\/span><b>www.rentbull.ee<\/b> <span style=\"font-weight: 400;\">starpniec\u012bbu.<\/span><\/p>\n\t\t\t\t\t\t\t\t<\/div>\n\t\t\t\t<\/div>\n\t\t\t\t\t<\/div>\n\t\t<\/div>\n\t\t\t\t\t<\/div>\n\t\t<\/section>\n\t\t\t\t<\/div>\n\t\t","protected":false},"excerpt":{"rendered":"<p>Priv\u0101tuma politika Visp\u0101r\u0113jie nosac\u012bjumi 1.1. \u0160\u012b priv\u0101tuma politika regul\u0113 personas datu v\u0101k\u0161anu, apstr\u0101di un glab\u0101\u0161anu. Personas datus v\u0101c, apstr\u0101d\u0101 un glab\u0101 datu apstr\u0101d\u0101t\u0101js RentBull O\u00dc 1.2. Priv\u0101tuma politikas izpratn\u0113 datu subjekts ir klients vai cita fiziska persona, kuras personas datus apstr\u0101d\u0101 datu apstr\u0101d\u0101t\u0101js. 1.3. Priv\u0101tuma politikas izpratn\u0113 klients ir ikviens, kur\u0161 datu apstr\u0101d\u0101t\u0101ja t\u012bmek\u013ca vietn\u0113 [&hellip;]<\/p>\n","protected":false},"author":2,"featured_media":0,"parent":0,"menu_order":0,"comment_status":"closed","ping_status":"closed","template":"","meta":{"site-sidebar-layout":"no-sidebar","site-content-layout":"page-builder","ast-site-content-layout":"default","site-content-style":"default","site-sidebar-style":"default","ast-global-header-display":"","ast-banner-title-visibility":"","ast-main-header-display":"","ast-hfb-above-header-display":"","ast-hfb-below-header-display":"","ast-hfb-mobile-header-display":"","site-post-title":"disabled","ast-breadcrumbs-content":"","ast-featured-img":"disabled","footer-sml-layout":"","ast-disable-related-posts":"","theme-transparent-header-meta":"","adv-header-id-meta":"","stick-header-meta":"","header-above-stick-meta":"","header-main-stick-meta":"","header-below-stick-meta":"","astra-migrate-meta-layouts":"default","ast-page-background-enabled":"default","ast-page-background-meta":{"desktop":{"background-color":"var(--ast-global-color-4)","background-image":"","background-repeat":"repeat","background-position":"center center","background-size":"auto","background-attachment":"scroll","background-type":"","background-media":"","overlay-type":"","overlay-color":"","overlay-opacity":"","overlay-gradient":""},"tablet":{"background-color":"","background-image":"","background-repeat":"repeat","background-position":"center center","background-size":"auto","background-attachment":"scroll","background-type":"","background-media":"","overlay-type":"","overlay-color":"","overlay-opacity":"","overlay-gradient":""},"mobile":{"background-color":"","background-image":"","background-repeat":"repeat","background-position":"center center","background-size":"auto","background-attachment":"scroll","background-type":"","background-media":"","overlay-type":"","overlay-color":"","overlay-opacity":"","overlay-gradient":""}},"ast-content-background-meta":{"desktop":{"background-color":"var(--ast-global-color-5)","background-image":"","background-repeat":"repeat","background-position":"center center","background-size":"auto","background-attachment":"scroll","background-type":"","background-media":"","overlay-type":"","overlay-color":"","overlay-opacity":"","overlay-gradient":""},"tablet":{"background-color":"var(--ast-global-color-5)","background-image":"","background-repeat":"repeat","background-position":"center center","background-size":"auto","background-attachment":"scroll","background-type":"","background-media":"","overlay-type":"","overlay-color":"","overlay-opacity":"","overlay-gradient":""},"mobile":{"background-color":"var(--ast-global-color-5)","background-image":"","background-repeat":"repeat","background-position":"center center","background-size":"auto","background-attachment":"scroll","background-type":"","background-media":"","overlay-type":"","overlay-color":"","overlay-opacity":"","overlay-gradient":""}},"footnotes":""},"class_list":["post-3494","page","type-page","status-publish","hentry"],"_links":{"self":[{"href":"https:\/\/rentbull.ee\/lv\/wp-json\/wp\/v2\/pages\/3494","targetHints":{"allow":["GET"]}}],"collection":[{"href":"https:\/\/rentbull.ee\/lv\/wp-json\/wp\/v2\/pages"}],"about":[{"href":"https:\/\/rentbull.ee\/lv\/wp-json\/wp\/v2\/types\/page"}],"author":[{"embeddable":true,"href":"https:\/\/rentbull.ee\/lv\/wp-json\/wp\/v2\/users\/2"}],"replies":[{"embeddable":true,"href":"https:\/\/rentbull.ee\/lv\/wp-json\/wp\/v2\/comments?post=3494"}],"version-history":[{"count":1,"href":"https:\/\/rentbull.ee\/lv\/wp-json\/wp\/v2\/pages\/3494\/revisions"}],"predecessor-version":[{"id":3495,"href":"https:\/\/rentbull.ee\/lv\/wp-json\/wp\/v2\/pages\/3494\/revisions\/3495"}],"wp:attachment":[{"href":"https:\/\/rentbull.ee\/lv\/wp-json\/wp\/v2\/media?parent=3494"}],"curies":[{"name":"wp","href":"https:\/\/api.w.org\/{rel}","templated":true}]}}