{"id":3528,"date":"2022-03-09T12:49:50","date_gmt":"2022-03-09T10:49:50","guid":{"rendered":"https:\/\/rentbull.ee\/nomaksa\/"},"modified":"2023-05-19T09:17:10","modified_gmt":"2023-05-19T06:17:10","slug":"nomaksa","status":"publish","type":"page","link":"https:\/\/rentbull.ee\/lv\/nomaksa\/","title":{"rendered":"Nomaksa"},"content":{"rendered":"\t\t<div data-elementor-type=\"wp-page\" data-elementor-id=\"3528\" class=\"elementor elementor-3528 elementor-927\" data-elementor-post-type=\"page\">\n\t\t\t\t\t\t<section class=\"elementor-section elementor-top-section elementor-element elementor-element-625ff50 elementor-section-boxed elementor-section-height-default elementor-section-height-default\" data-id=\"625ff50\" data-element_type=\"section\" data-e-type=\"section\" data-settings=\"{&quot;background_background&quot;:&quot;classic&quot;}\">\n\t\t\t\t\t\t<div class=\"elementor-container elementor-column-gap-default\">\n\t\t\t\t\t<div class=\"elementor-column elementor-col-100 elementor-top-column elementor-element elementor-element-21fda81\" data-id=\"21fda81\" data-element_type=\"column\" data-e-type=\"column\">\n\t\t\t<div class=\"elementor-widget-wrap elementor-element-populated\">\n\t\t\t\t\t\t<div class=\"elementor-element elementor-element-f3c4f23 elementor-widget elementor-widget-heading\" data-id=\"f3c4f23\" data-element_type=\"widget\" data-e-type=\"widget\" data-widget_type=\"heading.default\">\n\t\t\t\t<div class=\"elementor-widget-container\">\n\t\t\t\t\t<h2 class=\"elementor-heading-title elementor-size-default\">Nomaksa<\/h2>\t\t\t\t<\/div>\n\t\t\t\t<\/div>\n\t\t\t\t\t<\/div>\n\t\t<\/div>\n\t\t\t\t\t<\/div>\n\t\t<\/section>\n\t\t\t\t<section class=\"elementor-section elementor-top-section elementor-element elementor-element-10ca9fb elementor-section-boxed elementor-section-height-default elementor-section-height-default\" data-id=\"10ca9fb\" data-element_type=\"section\" data-e-type=\"section\">\n\t\t\t\t\t\t<div class=\"elementor-container elementor-column-gap-default\">\n\t\t\t\t\t<div class=\"elementor-column elementor-col-33 elementor-top-column elementor-element elementor-element-f1a3a3e\" data-id=\"f1a3a3e\" data-element_type=\"column\" data-e-type=\"column\">\n\t\t\t<div class=\"elementor-widget-wrap\">\n\t\t\t\t\t\t\t<\/div>\n\t\t<\/div>\n\t\t\t\t<div class=\"elementor-column elementor-col-33 elementor-top-column elementor-element elementor-element-222721e\" data-id=\"222721e\" data-element_type=\"column\" data-e-type=\"column\">\n\t\t\t<div class=\"elementor-widget-wrap elementor-element-populated\">\n\t\t\t\t\t\t<div class=\"elementor-element elementor-element-e4ca3e9 elementor-widget elementor-widget-text-editor\" data-id=\"e4ca3e9\" data-element_type=\"widget\" data-e-type=\"widget\" data-widget_type=\"text-editor.default\">\n\t\t\t\t<div class=\"elementor-widget-container\">\n\t\t\t\t\t\t\t\t\t<p>Pirkuma nomaksai izmantojiet <strong>ESTO nomaksu<\/strong> \u2014 pieejam\u0101ko, \u0113rt\u0101ko un \u0101tr\u0101ko nomaksas saiti Igaunij\u0101! Ja maks\u0101jat pa da\u013c\u0101m, l\u016bdzu, sazinieties ar ESTO vai Rentbull un jums tiks p\u0101rs\u016bt\u012bta nomaksas saite. Maks\u0101jot izv\u0113lieties sev piem\u0113rotu periodu, ikm\u0113ne\u0161a iemaksas lielumu un \u0113rti digit\u0101li parakstieties, izmantojot <strong>ID karti, Smart-ID vai Mobile-ID<\/strong>.<\/p>\n<p>ESTO nomaksa ir \u013coti \u0101trs un \u0113rts nor\u0113\u0137inu risin\u0101jums, kas pal\u012bdz sagatavot maks\u0101jumu grafiku atbilsto\u0161i j\u016bsu izv\u0113l\u0113tajam periodam. \u0160is maks\u0101jumu risin\u0101jums pie\u0146em l\u0113mumu re\u0101llaik\u0101 un pal\u012bdz pirkumu veikt \u0101tr\u0101k nek\u0101 60 sekun\u017eu laik\u0101.<\/p>\n<p><strong>UZMAN\u012aBU!<\/strong> Katra nomaksa ir finansi\u0101las saist\u012bbas. Pirms nomaksas l\u012bguma nosl\u0113g\u0161anas iepaz\u012bstieties ar attiec\u012bg\u0101 pakalpojuma noteikumiem un, ja nepiecie\u0161ams, konsult\u0113jieties ar speci\u0101listu.<\/p>\n<p>ESTO nomaksas nodro\u0161in\u0101t\u0101js ir <strong>ESTO AS<\/strong> (re\u0123. kods 14180709).<\/p>\n<p>Standarta nosac\u012bjumi ESTO nomaksas maks\u0101jumiem:<\/p>\n<p>\u25cf fiks\u0113tie procenti: 11,9 %;<\/p>\n<p>\u25cf l\u012bguma maksa 0 eiro;<\/p>\n<p>\u25cf termi\u0146\u0161 l\u012bdz 5 gadiem.<\/p>\n<p>ESTO nomaksai var pieteikties visi Igaunijas Republikas pilso\u0146i no 18 l\u012bdz 70 gadu vecumam. <strong>ESTO nomaksas maks\u0101jumus var \u0101tri un \u0113rti noform\u0113t pat juridiskai personai.<\/strong><\/p>\n<p>Katrs finansi\u0101ls l\u0113mums ir saist\u012bts ar riskiem un pien\u0101kumiem, t\u0101p\u0113c l\u016bdzam r\u016bp\u012bgi apsv\u0113rt aizdevuma produktu izmanto\u0161anas nepiecie\u0161am\u012bbu. Katrs finansi\u0101ls l\u0113mums ir saist\u012bts ar riskiem un pien\u0101kumiem, t\u0101p\u0113c l\u016bdzam r\u016bp\u012bgi apsv\u0113rt aizdevuma produktu izmanto\u0161anas nepiecie\u0161am\u012bbu. Nomaksu pied\u0101v\u0101 un p\u0101rvalda ESTO AS.<\/p>\n\t\t\t\t\t\t\t\t<\/div>\n\t\t\t\t<\/div>\n\t\t\t\t\t<\/div>\n\t\t<\/div>\n\t\t\t\t<div class=\"elementor-column elementor-col-33 elementor-top-column elementor-element elementor-element-e65453a\" data-id=\"e65453a\" data-element_type=\"column\" data-e-type=\"column\">\n\t\t\t<div class=\"elementor-widget-wrap\">\n\t\t\t\t\t\t\t<\/div>\n\t\t<\/div>\n\t\t\t\t\t<\/div>\n\t\t<\/section>\n\t\t\t\t<\/div>\n\t\t","protected":false},"excerpt":{"rendered":"<p>Nomaksa Pirkuma nomaksai izmantojiet ESTO nomaksu \u2014 pieejam\u0101ko, \u0113rt\u0101ko un \u0101tr\u0101ko nomaksas saiti Igaunij\u0101! Ja maks\u0101jat pa da\u013c\u0101m, l\u016bdzu, sazinieties ar ESTO vai Rentbull un jums tiks p\u0101rs\u016bt\u012bta nomaksas saite. Maks\u0101jot izv\u0113lieties sev piem\u0113rotu periodu, ikm\u0113ne\u0161a iemaksas lielumu un \u0113rti digit\u0101li parakstieties, izmantojot ID karti, Smart-ID vai Mobile-ID. ESTO nomaksa ir \u013coti \u0101trs un \u0113rts [&hellip;]<\/p>\n","protected":false},"author":2,"featured_media":0,"parent":0,"menu_order":0,"comment_status":"closed","ping_status":"closed","template":"elementor_header_footer","meta":{"site-sidebar-layout":"no-sidebar","site-content-layout":"page-builder","ast-site-content-layout":"default","site-content-style":"default","site-sidebar-style":"default","ast-global-header-display":"","ast-banner-title-visibility":"","ast-main-header-display":"","ast-hfb-above-header-display":"","ast-hfb-below-header-display":"","ast-hfb-mobile-header-display":"","site-post-title":"disabled","ast-breadcrumbs-content":"","ast-featured-img":"disabled","footer-sml-layout":"","ast-disable-related-posts":"","theme-transparent-header-meta":"","adv-header-id-meta":"","stick-header-meta":"","header-above-stick-meta":"","header-main-stick-meta":"","header-below-stick-meta":"","astra-migrate-meta-layouts":"default","ast-page-background-enabled":"default","ast-page-background-meta":{"desktop":{"background-color":"var(--ast-global-color-4)","background-image":"","background-repeat":"repeat","background-position":"center center","background-size":"auto","background-attachment":"scroll","background-type":"","background-media":"","overlay-type":"","overlay-color":"","overlay-opacity":"","overlay-gradient":""},"tablet":{"background-color":"","background-image":"","background-repeat":"repeat","background-position":"center center","background-size":"auto","background-attachment":"scroll","background-type":"","background-media":"","overlay-type":"","overlay-color":"","overlay-opacity":"","overlay-gradient":""},"mobile":{"background-color":"","background-image":"","background-repeat":"repeat","background-position":"center center","background-size":"auto","background-attachment":"scroll","background-type":"","background-media":"","overlay-type":"","overlay-color":"","overlay-opacity":"","overlay-gradient":""}},"ast-content-background-meta":{"desktop":{"background-color":"var(--ast-global-color-5)","background-image":"","background-repeat":"repeat","background-position":"center center","background-size":"auto","background-attachment":"scroll","background-type":"","background-media":"","overlay-type":"","overlay-color":"","overlay-opacity":"","overlay-gradient":""},"tablet":{"background-color":"var(--ast-global-color-5)","background-image":"","background-repeat":"repeat","background-position":"center center","background-size":"auto","background-attachment":"scroll","background-type":"","background-media":"","overlay-type":"","overlay-color":"","overlay-opacity":"","overlay-gradient":""},"mobile":{"background-color":"var(--ast-global-color-5)","background-image":"","background-repeat":"repeat","background-position":"center center","background-size":"auto","background-attachment":"scroll","background-type":"","background-media":"","overlay-type":"","overlay-color":"","overlay-opacity":"","overlay-gradient":""}},"footnotes":""},"class_list":["post-3528","page","type-page","status-publish","hentry"],"_links":{"self":[{"href":"https:\/\/rentbull.ee\/lv\/wp-json\/wp\/v2\/pages\/3528","targetHints":{"allow":["GET"]}}],"collection":[{"href":"https:\/\/rentbull.ee\/lv\/wp-json\/wp\/v2\/pages"}],"about":[{"href":"https:\/\/rentbull.ee\/lv\/wp-json\/wp\/v2\/types\/page"}],"author":[{"embeddable":true,"href":"https:\/\/rentbull.ee\/lv\/wp-json\/wp\/v2\/users\/2"}],"replies":[{"embeddable":true,"href":"https:\/\/rentbull.ee\/lv\/wp-json\/wp\/v2\/comments?post=3528"}],"version-history":[{"count":3,"href":"https:\/\/rentbull.ee\/lv\/wp-json\/wp\/v2\/pages\/3528\/revisions"}],"predecessor-version":[{"id":3531,"href":"https:\/\/rentbull.ee\/lv\/wp-json\/wp\/v2\/pages\/3528\/revisions\/3531"}],"wp:attachment":[{"href":"https:\/\/rentbull.ee\/lv\/wp-json\/wp\/v2\/media?parent=3528"}],"curies":[{"name":"wp","href":"https:\/\/api.w.org\/{rel}","templated":true}]}}