{"id":3537,"date":"2022-01-18T13:52:17","date_gmt":"2022-01-18T11:52:17","guid":{"rendered":"https:\/\/rentbull.ee\/nomas-nosacijumi\/"},"modified":"2023-05-19T09:18:36","modified_gmt":"2023-05-19T06:18:36","slug":"nomas-nosacijumi","status":"publish","type":"page","link":"https:\/\/rentbull.ee\/lv\/nomas-nosacijumi\/","title":{"rendered":"Nomas nosac\u012bjumi"},"content":{"rendered":"\t\t<div data-elementor-type=\"wp-page\" data-elementor-id=\"3537\" class=\"elementor elementor-3537 elementor-199\" data-elementor-post-type=\"page\">\n\t\t\t\t\t\t<section class=\"elementor-section elementor-top-section elementor-element elementor-element-a131c0e elementor-section-boxed elementor-section-height-default elementor-section-height-default\" data-id=\"a131c0e\" data-element_type=\"section\" data-e-type=\"section\">\n\t\t\t\t\t\t<div class=\"elementor-container elementor-column-gap-default\">\n\t\t\t\t\t<div class=\"elementor-column elementor-col-100 elementor-top-column elementor-element elementor-element-5416001\" data-id=\"5416001\" data-element_type=\"column\" data-e-type=\"column\">\n\t\t\t<div class=\"elementor-widget-wrap elementor-element-populated\">\n\t\t\t\t\t\t<div class=\"elementor-element elementor-element-f03c140 elementor-widget elementor-widget-heading\" data-id=\"f03c140\" data-element_type=\"widget\" data-e-type=\"widget\" data-widget_type=\"heading.default\">\n\t\t\t\t<div class=\"elementor-widget-container\">\n\t\t\t\t\t<h2 class=\"elementor-heading-title elementor-size-default\">Nomas nosac\u012bjumi<\/h2>\t\t\t\t<\/div>\n\t\t\t\t<\/div>\n\t\t\t\t<div class=\"elementor-element elementor-element-df1308b elementor-widget elementor-widget-text-editor\" data-id=\"df1308b\" data-element_type=\"widget\" data-e-type=\"widget\" data-widget_type=\"text-editor.default\">\n\t\t\t\t<div class=\"elementor-widget-container\">\n\t\t\t\t\t\t\t\t\t<ol>\n<li><span style=\"font-weight: 400;\"> Iznom\u0101tais \u012bpa\u0161ums ir j\u0101atdod t\u0101d\u0101 pa\u0161\u0101 st\u0101vokl\u012b, k\u0101d\u0101 tas tika nodots iznom\u0101t\u0101jam.<\/span><\/li>\n<li> <span style=\"font-weight: 400;\">Ja iznom\u0101tajam \u012bpa\u0161umam ir tr\u016bkumi vai tas neatbilst cenas pied\u0101v\u0101jum\u0101<\/span> atrun\u0101tajam, nomniekam ir nekav\u0113joties (bet ne v\u0113l\u0101k k\u0101 l\u012bdz pas\u0101kuma, kam tas nepiecie\u0161ams, s\u0101kumam) j\u0101inform\u0113 iznom\u0101t\u0101js. a iznom\u0101t\u0101js netiek inform\u0113ts par tr\u016bkumiem \u0161aj\u0101 termi\u0146\u0101, tiek uzskat\u012bts, ka tr\u016bkums ir radies nomas laik\u0101 un nomnieka p\u0101rvald\u012bb\u0101.<\/li>\n<li> <span style=\"font-weight: 400;\">Ja tr\u016bkums ir radies nomnieka vainas d\u0113\u013c vai m\u0113r\u0137im neparedz\u0113tas lieto\u0161anas rezult\u0101t\u0101,<\/span> nomniekam ir pien\u0101kums atl\u012bdzin\u0101t nomas \u012bpa\u0161uma remonta vai nomai\u0146as izmaksas un ar to saist\u012btos izdevumus.<\/li>\n<li><span style=\"font-weight: 400;\">Iznom\u0101t\u0101jam ir ties\u012bbas piepras\u012bt priek\u0161apmaksu vai rezerv\u0101cijas maksu, kas apstiprina rezerv\u0101ciju un anul\u0113\u0161anas gad\u012bjum\u0101 nav atmaks\u0101jama.<\/span><\/li>\n<li><span style=\"font-weight: 400;\">R\u0113\u0137ini tiek izrakst\u012bti vienreiz m\u0113nes\u012b. Nomnieks ap\u0146emas samaks\u0101t nomas maksu ne v\u0113l\u0101k k\u0101 14 dienu laik\u0101 <\/span>saska\u0146\u0101 ar iznom\u0101t\u0101ja izsniegto r\u0113\u0137inu.<\/li>\n<li><span style=\"font-weight: 400;\">\u0160is l\u012bgums tiek uzskat\u012bts par nosl\u0113gtu starp pus\u0113m, nomniekam to apstiprinot e-past\u0101.<\/span><\/li>\n<\/ol>\n\t\t\t\t\t\t\t\t<\/div>\n\t\t\t\t<\/div>\n\t\t\t\t\t<\/div>\n\t\t<\/div>\n\t\t\t\t\t<\/div>\n\t\t<\/section>\n\t\t\t\t<\/div>\n\t\t","protected":false},"excerpt":{"rendered":"<p>Nomas nosac\u012bjumi Iznom\u0101tais \u012bpa\u0161ums ir j\u0101atdod t\u0101d\u0101 pa\u0161\u0101 st\u0101vokl\u012b, k\u0101d\u0101 tas tika nodots iznom\u0101t\u0101jam. Ja iznom\u0101tajam \u012bpa\u0161umam ir tr\u016bkumi vai tas neatbilst cenas pied\u0101v\u0101jum\u0101 atrun\u0101tajam, nomniekam ir nekav\u0113joties (bet ne v\u0113l\u0101k k\u0101 l\u012bdz pas\u0101kuma, kam tas nepiecie\u0161ams, s\u0101kumam) j\u0101inform\u0113 iznom\u0101t\u0101js. a iznom\u0101t\u0101js netiek inform\u0113ts par tr\u016bkumiem \u0161aj\u0101 termi\u0146\u0101, tiek uzskat\u012bts, ka tr\u016bkums ir radies nomas [&hellip;]<\/p>\n","protected":false},"author":2,"featured_media":0,"parent":0,"menu_order":0,"comment_status":"closed","ping_status":"closed","template":"","meta":{"site-sidebar-layout":"no-sidebar","site-content-layout":"page-builder","ast-site-content-layout":"default","site-content-style":"default","site-sidebar-style":"default","ast-global-header-display":"","ast-banner-title-visibility":"","ast-main-header-display":"","ast-hfb-above-header-display":"","ast-hfb-below-header-display":"","ast-hfb-mobile-header-display":"","site-post-title":"disabled","ast-breadcrumbs-content":"","ast-featured-img":"disabled","footer-sml-layout":"","ast-disable-related-posts":"","theme-transparent-header-meta":"","adv-header-id-meta":"","stick-header-meta":"","header-above-stick-meta":"","header-main-stick-meta":"","header-below-stick-meta":"","astra-migrate-meta-layouts":"default","ast-page-background-enabled":"default","ast-page-background-meta":{"desktop":{"background-color":"var(--ast-global-color-4)","background-image":"","background-repeat":"repeat","background-position":"center center","background-size":"auto","background-attachment":"scroll","background-type":"","background-media":"","overlay-type":"","overlay-color":"","overlay-opacity":"","overlay-gradient":""},"tablet":{"background-color":"","background-image":"","background-repeat":"repeat","background-position":"center center","background-size":"auto","background-attachment":"scroll","background-type":"","background-media":"","overlay-type":"","overlay-color":"","overlay-opacity":"","overlay-gradient":""},"mobile":{"background-color":"","background-image":"","background-repeat":"repeat","background-position":"center center","background-size":"auto","background-attachment":"scroll","background-type":"","background-media":"","overlay-type":"","overlay-color":"","overlay-opacity":"","overlay-gradient":""}},"ast-content-background-meta":{"desktop":{"background-color":"var(--ast-global-color-5)","background-image":"","background-repeat":"repeat","background-position":"center center","background-size":"auto","background-attachment":"scroll","background-type":"","background-media":"","overlay-type":"","overlay-color":"","overlay-opacity":"","overlay-gradient":""},"tablet":{"background-color":"var(--ast-global-color-5)","background-image":"","background-repeat":"repeat","background-position":"center center","background-size":"auto","background-attachment":"scroll","background-type":"","background-media":"","overlay-type":"","overlay-color":"","overlay-opacity":"","overlay-gradient":""},"mobile":{"background-color":"var(--ast-global-color-5)","background-image":"","background-repeat":"repeat","background-position":"center center","background-size":"auto","background-attachment":"scroll","background-type":"","background-media":"","overlay-type":"","overlay-color":"","overlay-opacity":"","overlay-gradient":""}},"footnotes":""},"class_list":["post-3537","page","type-page","status-publish","hentry"],"_links":{"self":[{"href":"https:\/\/rentbull.ee\/lv\/wp-json\/wp\/v2\/pages\/3537","targetHints":{"allow":["GET"]}}],"collection":[{"href":"https:\/\/rentbull.ee\/lv\/wp-json\/wp\/v2\/pages"}],"about":[{"href":"https:\/\/rentbull.ee\/lv\/wp-json\/wp\/v2\/types\/page"}],"author":[{"embeddable":true,"href":"https:\/\/rentbull.ee\/lv\/wp-json\/wp\/v2\/users\/2"}],"replies":[{"embeddable":true,"href":"https:\/\/rentbull.ee\/lv\/wp-json\/wp\/v2\/comments?post=3537"}],"version-history":[{"count":5,"href":"https:\/\/rentbull.ee\/lv\/wp-json\/wp\/v2\/pages\/3537\/revisions"}],"predecessor-version":[{"id":3542,"href":"https:\/\/rentbull.ee\/lv\/wp-json\/wp\/v2\/pages\/3537\/revisions\/3542"}],"wp:attachment":[{"href":"https:\/\/rentbull.ee\/lv\/wp-json\/wp\/v2\/media?parent=3537"}],"curies":[{"name":"wp","href":"https:\/\/api.w.org\/{rel}","templated":true}]}}