{"id":3553,"date":"2022-02-14T11:03:53","date_gmt":"2022-02-14T09:03:53","guid":{"rendered":"https:\/\/rentbull.ee\/toode\/transportesanas-pamatne\/"},"modified":"2022-02-14T11:03:53","modified_gmt":"2022-02-14T09:03:53","slug":"transportesanas-pamatne","status":"publish","type":"product","link":"https:\/\/rentbull.ee\/lv\/toode\/transportesanas-pamatne\/","title":{"rendered":"transport\u0113\u0161anas pamatne"},"content":{"rendered":"","protected":false},"excerpt":{"rendered":"<p>ar transport\u0113\u0161anas pamatni <span style=\"font-weight: 400;\">var \u013coti \u0113rti transport\u0113t no\u017eogojuma pane\u013cus<\/span> <\/p>\n<p><span style=\"font-weight: 400;\">Izm\u0113ri : 3615 x 1190 mm <\/span><\/p>\n<p><span style=\"font-weight: 400;\">ietilp\u012bba: 30 p\u0101rvietojamie pane\u013ci, piem\u0113roti gan augst\u0101ku, gan zem\u0101ku pane\u013cu transport\u0113\u0161anai. (nav piem\u0113rots \u017eoga ar V veida p\u0113d\u0101m transport\u0113\u0161anai) <\/span><\/p>\n<p><span style=\"font-weight: 400;\">Svars: 66,6 kg<\/span><\/p>\n","protected":false},"featured_media":2891,"template":"","meta":{"site-sidebar-layout":"default","site-content-layout":"default","ast-site-content-layout":"default","site-content-style":"default","site-sidebar-style":"default","ast-global-header-display":"","ast-banner-title-visibility":"","ast-main-header-display":"","ast-hfb-above-header-display":"","ast-hfb-below-header-display":"","ast-hfb-mobile-header-display":"","site-post-title":"","ast-breadcrumbs-content":"","ast-featured-img":"","footer-sml-layout":"","ast-disable-related-posts":"","theme-transparent-header-meta":"","adv-header-id-meta":"","stick-header-meta":"","header-above-stick-meta":"","header-main-stick-meta":"","header-below-stick-meta":"","astra-migrate-meta-layouts":"default","ast-page-background-enabled":"default","ast-page-background-meta":{"desktop":{"background-color":"var(--ast-global-color-4)","background-image":"","background-repeat":"repeat","background-position":"center center","background-size":"auto","background-attachment":"scroll","background-type":"","background-media":"","overlay-type":"","overlay-color":"","overlay-opacity":"","overlay-gradient":""},"tablet":{"background-color":"","background-image":"","background-repeat":"repeat","background-position":"center center","background-size":"auto","background-attachment":"scroll","background-type":"","background-media":"","overlay-type":"","overlay-color":"","overlay-opacity":"","overlay-gradient":""},"mobile":{"background-color":"","background-image":"","background-repeat":"repeat","background-position":"center center","background-size":"auto","background-attachment":"scroll","background-type":"","background-media":"","overlay-type":"","overlay-color":"","overlay-opacity":"","overlay-gradient":""}},"ast-content-background-meta":{"desktop":{"background-color":"var(--ast-global-color-5)","background-image":"","background-repeat":"repeat","background-position":"center center","background-size":"auto","background-attachment":"scroll","background-type":"","background-media":"","overlay-type":"","overlay-color":"","overlay-opacity":"","overlay-gradient":""},"tablet":{"background-color":"var(--ast-global-color-5)","background-image":"","background-repeat":"repeat","background-position":"center center","background-size":"auto","background-attachment":"scroll","background-type":"","background-media":"","overlay-type":"","overlay-color":"","overlay-opacity":"","overlay-gradient":""},"mobile":{"background-color":"var(--ast-global-color-5)","background-image":"","background-repeat":"repeat","background-position":"center center","background-size":"auto","background-attachment":"scroll","background-type":"","background-media":"","overlay-type":"","overlay-color":"","overlay-opacity":"","overlay-gradient":""}}},"product_brand":[],"product_cat":[87,89],"product_tag":[],"class_list":{"0":"post-3553","1":"product","2":"type-product","3":"status-publish","4":"has-post-thumbnail","6":"product_cat-nomas-produkti","7":"product_cat-piederumi","8":"desktop-align-left","9":"tablet-align-left","10":"mobile-align-left","11":"ast-product-gallery-layout-horizontal","12":"ast-product-tabs-layout-vertical","13":"ast-qv-on-image","15":"first","16":"instock","17":"taxable","18":"shipping-taxable","19":"purchasable","20":"product-type-simple"},"_links":{"self":[{"href":"https:\/\/rentbull.ee\/lv\/wp-json\/wp\/v2\/product\/3553","targetHints":{"allow":["GET"]}}],"collection":[{"href":"https:\/\/rentbull.ee\/lv\/wp-json\/wp\/v2\/product"}],"about":[{"href":"https:\/\/rentbull.ee\/lv\/wp-json\/wp\/v2\/types\/product"}],"wp:featuredmedia":[{"embeddable":true,"href":"https:\/\/rentbull.ee\/lv\/wp-json\/wp\/v2\/media\/2891"}],"wp:attachment":[{"href":"https:\/\/rentbull.ee\/lv\/wp-json\/wp\/v2\/media?parent=3553"}],"wp:term":[{"taxonomy":"product_brand","embeddable":true,"href":"https:\/\/rentbull.ee\/lv\/wp-json\/wp\/v2\/product_brand?post=3553"},{"taxonomy":"product_cat","embeddable":true,"href":"https:\/\/rentbull.ee\/lv\/wp-json\/wp\/v2\/product_cat?post=3553"},{"taxonomy":"product_tag","embeddable":true,"href":"https:\/\/rentbull.ee\/lv\/wp-json\/wp\/v2\/product_tag?post=3553"}],"curies":[{"name":"wp","href":"https:\/\/api.w.org\/{rel}","templated":true}]}}