{"id":3974,"date":"2023-04-28T08:52:46","date_gmt":"2023-04-28T05:52:46","guid":{"rendered":"https:\/\/rentbull.ee\/toode\/konteiners-ar-virtuvi\/"},"modified":"2023-04-28T08:52:46","modified_gmt":"2023-04-28T05:52:46","slug":"konteiners-ar-virtuvi-3","status":"publish","type":"product","link":"https:\/\/rentbull.ee\/lv\/toode\/konteiners-ar-virtuvi-3\/","title":{"rendered":"Konteiners ar virtuvi"},"content":{"rendered":"","protected":false},"excerpt":{"rendered":"<p><span style=\"font-weight: 400;\">Izm\u0113rs: tvertne par 40 % p\u0101rsniedz parasto Igaunijas tvert\u0146u lielumu<\/span><\/p>\n<p><span style=\"font-weight: 400;\">Tvertnes izm\u0113ri (7,2&#215;3,3&#215;2,9)<\/span><\/p>\n<p><span style=\"font-weight: 400;\">Tvertne ra\u017eots Somij\u0101 p\u0113c Somijas standarta<\/span><\/p>\n<p><span style=\"font-weight: 400;\">uz met\u0101la r\u0101mja<\/span><\/p>\n<p><span style=\"font-weight: 400;\">Tvertnes sienas izgatavotas no sendvi\u010dpane\u013ciem ar atbilst\u012bgu izol\u0101ciju Konteiner\u0101 ir viena liela istaba<\/span><\/p>\n<p><span style=\"font-weight: 400;\">Tvertnes var transport\u0113t gan ar multiliftu, gan ar\u012b ar celtni.<\/span><\/p>\n<p><span style=\"font-weight: 400;\">3,3 m platumam nav nepiecie\u0161ama eskorta automa\u0161\u012bna<\/span><\/p>\n<p><span style=\"font-weight: 400;\">Tvertnes pamatne ir augst\u0101ka nek\u0101 parasti.<\/span><\/p>\n<p><span style=\"font-weight: 400;\">Nav izplat\u012bto probl\u0113mu, kas rodas koka konteineriem (iegrimst trapec\u0113, j\u0101kr\u0101so, veidojas pel\u0113jums un iedobumi).<\/span><\/p>\n<p>&nbsp;<\/p>\n","protected":false},"featured_media":3305,"template":"","meta":{"site-sidebar-layout":"default","site-content-layout":"default","ast-site-content-layout":"default","site-content-style":"default","site-sidebar-style":"default","ast-global-header-display":"","ast-banner-title-visibility":"","ast-main-header-display":"","ast-hfb-above-header-display":"","ast-hfb-below-header-display":"","ast-hfb-mobile-header-display":"","site-post-title":"","ast-breadcrumbs-content":"","ast-featured-img":"","footer-sml-layout":"","ast-disable-related-posts":"","theme-transparent-header-meta":"default","adv-header-id-meta":"","stick-header-meta":"default","header-above-stick-meta":"","header-main-stick-meta":"","header-below-stick-meta":"","astra-migrate-meta-layouts":"default","ast-page-background-enabled":"default","ast-page-background-meta":{"desktop":{"background-color":"var(--ast-global-color-4)","background-image":"","background-repeat":"repeat","background-position":"center center","background-size":"auto","background-attachment":"scroll","background-type":"","background-media":"","overlay-type":"","overlay-color":"","overlay-opacity":"","overlay-gradient":""},"tablet":{"background-color":"","background-image":"","background-repeat":"repeat","background-position":"center center","background-size":"auto","background-attachment":"scroll","background-type":"","background-media":"","overlay-type":"","overlay-color":"","overlay-opacity":"","overlay-gradient":""},"mobile":{"background-color":"","background-image":"","background-repeat":"repeat","background-position":"center center","background-size":"auto","background-attachment":"scroll","background-type":"","background-media":"","overlay-type":"","overlay-color":"","overlay-opacity":"","overlay-gradient":""}},"ast-content-background-meta":{"desktop":{"background-color":"var(--ast-global-color-5)","background-image":"","background-repeat":"repeat","background-position":"center center","background-size":"auto","background-attachment":"scroll","background-type":"","background-media":"","overlay-type":"","overlay-color":"","overlay-opacity":"","overlay-gradient":""},"tablet":{"background-color":"var(--ast-global-color-5)","background-image":"","background-repeat":"repeat","background-position":"center center","background-size":"auto","background-attachment":"scroll","background-type":"","background-media":"","overlay-type":"","overlay-color":"","overlay-opacity":"","overlay-gradient":""},"mobile":{"background-color":"var(--ast-global-color-5)","background-image":"","background-repeat":"repeat","background-position":"center center","background-size":"auto","background-attachment":"scroll","background-type":"","background-media":"","overlay-type":"","overlay-color":"","overlay-opacity":"","overlay-gradient":""}}},"product_brand":[],"product_cat":[109,87],"product_tag":[],"class_list":{"0":"post-3974","1":"product","2":"type-product","3":"status-publish","4":"has-post-thumbnail","6":"product_cat-konteineru-un-juras-konteineru-noma","7":"product_cat-nomas-produkti","8":"desktop-align-left","9":"tablet-align-left","10":"mobile-align-left","11":"ast-product-gallery-layout-horizontal","12":"ast-product-tabs-layout-vertical","13":"ast-qv-on-image","15":"first","16":"instock","17":"taxable","18":"shipping-taxable","19":"purchasable","20":"product-type-simple"},"_links":{"self":[{"href":"https:\/\/rentbull.ee\/lv\/wp-json\/wp\/v2\/product\/3974","targetHints":{"allow":["GET"]}}],"collection":[{"href":"https:\/\/rentbull.ee\/lv\/wp-json\/wp\/v2\/product"}],"about":[{"href":"https:\/\/rentbull.ee\/lv\/wp-json\/wp\/v2\/types\/product"}],"wp:featuredmedia":[{"embeddable":true,"href":"https:\/\/rentbull.ee\/lv\/wp-json\/wp\/v2\/media\/3305"}],"wp:attachment":[{"href":"https:\/\/rentbull.ee\/lv\/wp-json\/wp\/v2\/media?parent=3974"}],"wp:term":[{"taxonomy":"product_brand","embeddable":true,"href":"https:\/\/rentbull.ee\/lv\/wp-json\/wp\/v2\/product_brand?post=3974"},{"taxonomy":"product_cat","embeddable":true,"href":"https:\/\/rentbull.ee\/lv\/wp-json\/wp\/v2\/product_cat?post=3974"},{"taxonomy":"product_tag","embeddable":true,"href":"https:\/\/rentbull.ee\/lv\/wp-json\/wp\/v2\/product_tag?post=3974"}],"curies":[{"name":"wp","href":"https:\/\/api.w.org\/{rel}","templated":true}]}}