{"id":3990,"date":"2022-05-25T11:04:54","date_gmt":"2022-05-25T08:04:54","guid":{"rendered":"https:\/\/rentbull.ee\/toode\/dzelonstieplu-zogs\/"},"modified":"2022-05-25T11:04:54","modified_gmt":"2022-05-25T08:04:54","slug":"dzelonstieplu-zogs","status":"publish","type":"product","link":"https:\/\/rentbull.ee\/lv\/toode\/dzelonstieplu-zogs\/","title":{"rendered":"dzelo\u0146stiep\u013cu \u017eogs"},"content":{"rendered":"","protected":false},"excerpt":{"rendered":"<h5>dzelo\u0146stiep\u013cu \u017eogs<\/h5>\n<p>&nbsp;<\/p>\n<p>modu\u013ca izm\u0113rs 2,2 (platums) x 2m (augstums)<\/p>\n<p>* modu\u013ca masa 12,6 kg<\/p>\n<p>Uzst\u0101d\u012b\u0161anai izmanto pamatu p\u0113das \u2014 pamatu p\u0113du no <strong><a href=\"https:\/\/rentbull.ee\/toode\/aluskivi-aiale-betoonist\/\">betona (37 kg)<\/a><\/strong> vai pamatu p\u0113du no <strong><a href=\"https:\/\/rentbull.ee\/toode\/aluskivi-aiale-pvc\/\">PVC (17 kg)<\/a><\/strong> \u2014 un mont\u0101\u017eas kron\u0161teinus.<\/p>\n<p><strong><a href=\"https:\/\/rentbull.ee\/hea-teada\/\">K\u0101 izv\u0113l\u0113ties pareizo produktu <\/a><\/strong><\/p>\n<p>\u017doga nomas cenai tiek pievienota dzelo\u0146stiep\u013cu cena<\/p>\n[stm-calc id=\"1025\"]\n<p>&nbsp;<\/p>\n","protected":false},"featured_media":3017,"template":"","meta":{"site-sidebar-layout":"default","site-content-layout":"default","ast-site-content-layout":"default","site-content-style":"default","site-sidebar-style":"default","ast-global-header-display":"","ast-banner-title-visibility":"","ast-main-header-display":"","ast-hfb-above-header-display":"","ast-hfb-below-header-display":"","ast-hfb-mobile-header-display":"","site-post-title":"","ast-breadcrumbs-content":"","ast-featured-img":"","footer-sml-layout":"","ast-disable-related-posts":"","theme-transparent-header-meta":"default","adv-header-id-meta":"","stick-header-meta":"default","header-above-stick-meta":"","header-main-stick-meta":"","header-below-stick-meta":"","astra-migrate-meta-layouts":"default","ast-page-background-enabled":"default","ast-page-background-meta":{"desktop":{"background-color":"var(--ast-global-color-4)","background-image":"","background-repeat":"repeat","background-position":"center center","background-size":"auto","background-attachment":"scroll","background-type":"","background-media":"","overlay-type":"","overlay-color":"","overlay-opacity":"","overlay-gradient":""},"tablet":{"background-color":"","background-image":"","background-repeat":"repeat","background-position":"center center","background-size":"auto","background-attachment":"scroll","background-type":"","background-media":"","overlay-type":"","overlay-color":"","overlay-opacity":"","overlay-gradient":""},"mobile":{"background-color":"","background-image":"","background-repeat":"repeat","background-position":"center center","background-size":"auto","background-attachment":"scroll","background-type":"","background-media":"","overlay-type":"","overlay-color":"","overlay-opacity":"","overlay-gradient":""}},"ast-content-background-meta":{"desktop":{"background-color":"var(--ast-global-color-5)","background-image":"","background-repeat":"repeat","background-position":"center center","background-size":"auto","background-attachment":"scroll","background-type":"","background-media":"","overlay-type":"","overlay-color":"","overlay-opacity":"","overlay-gradient":""},"tablet":{"background-color":"var(--ast-global-color-5)","background-image":"","background-repeat":"repeat","background-position":"center center","background-size":"auto","background-attachment":"scroll","background-type":"","background-media":"","overlay-type":"","overlay-color":"","overlay-opacity":"","overlay-gradient":""},"mobile":{"background-color":"var(--ast-global-color-5)","background-image":"","background-repeat":"repeat","background-position":"center center","background-size":"auto","background-attachment":"scroll","background-type":"","background-media":"","overlay-type":"","overlay-color":"","overlay-opacity":"","overlay-gradient":""}}},"product_brand":[],"product_cat":[87,88],"product_tag":[],"class_list":{"0":"post-3990","1":"product","2":"type-product","3":"status-publish","4":"has-post-thumbnail","6":"product_cat-nomas-produkti","7":"product_cat-zoga-pagaidu-noma","8":"desktop-align-left","9":"tablet-align-left","10":"mobile-align-left","11":"ast-product-gallery-layout-horizontal","12":"ast-product-tabs-layout-vertical","13":"ast-qv-on-image","15":"first","16":"instock","17":"taxable","18":"shipping-taxable","19":"purchasable","20":"product-type-simple"},"_links":{"self":[{"href":"https:\/\/rentbull.ee\/lv\/wp-json\/wp\/v2\/product\/3990","targetHints":{"allow":["GET"]}}],"collection":[{"href":"https:\/\/rentbull.ee\/lv\/wp-json\/wp\/v2\/product"}],"about":[{"href":"https:\/\/rentbull.ee\/lv\/wp-json\/wp\/v2\/types\/product"}],"wp:featuredmedia":[{"embeddable":true,"href":"https:\/\/rentbull.ee\/lv\/wp-json\/wp\/v2\/media\/3017"}],"wp:attachment":[{"href":"https:\/\/rentbull.ee\/lv\/wp-json\/wp\/v2\/media?parent=3990"}],"wp:term":[{"taxonomy":"product_brand","embeddable":true,"href":"https:\/\/rentbull.ee\/lv\/wp-json\/wp\/v2\/product_brand?post=3990"},{"taxonomy":"product_cat","embeddable":true,"href":"https:\/\/rentbull.ee\/lv\/wp-json\/wp\/v2\/product_cat?post=3990"},{"taxonomy":"product_tag","embeddable":true,"href":"https:\/\/rentbull.ee\/lv\/wp-json\/wp\/v2\/product_tag?post=3990"}],"curies":[{"name":"wp","href":"https:\/\/api.w.org\/{rel}","templated":true}]}}